{"id":1529,"date":"2017-09-09T12:40:36","date_gmt":"2017-09-09T12:40:36","guid":{"rendered":"http:\/\/themes.zozothemes.com\/metal\/?page_id=1529"},"modified":"2026-02-13T16:32:22","modified_gmt":"2026-02-13T16:32:22","slug":"contacts","status":"publish","type":"page","link":"https:\/\/abermove.com\/fr\/contacts\/","title":{"rendered":"Contacts"},"content":{"rendered":"<p><\/p>\n<p>[vc_row center_row=\u00a0\u00bbyes\u00a0\u00bb css=\u00a0\u00bb.vc_custom_1505810774557{margin-top: 20px !important;margin-bottom: 20px !important;}\u00a0\u00bb][vc_column width=\u00a0\u00bb2\/3&Prime;]<div class=\"zozo-parallax-header wpb_animate_when_almost_visible wpb_bottom-to-top\"><div class=\"parallax-header content-style-default\"><h4 class=\"parallax-title text-left\">Prendre contact<\/h4><div class=\"parallax-desc default-style text-left\"><p>Veuillez utiliser le formulaire de contact ci-dessous pour nous poser des questions, demander des informations sur nous ou sur nos produits. Nous vous r\u00e9pondrons dans les meilleurs d\u00e9lais.<\/p>\n<\/div><\/div><\/div><div class=\"contact-form-wrapper form-style-default form-layout-default wpb_animate_when_almost_visible wpb_bottom-to-top\"><p class=\"bg-success zozo-form-success\"><\/p><p class=\"bg-danger zozo-form-error\"><\/p><div class=\"zozo-contact-form-container\"><form name=\"contactform\" class=\"zozo-contact-form\" id=\"contactform3\" method=\"post\" action=\"#\" data-name_not_empty=\"The name is required and cannot be empty\" data-email_not_empty=\"The email address is required\" data-email_valid=\"The input is not a valid email address\" data-phone_valid=\"The value can contain only digits\" data-msg_not_empty=\"Message is required\"><div class=\"zozo-input-text form-group\"><label class=\"sr-only\" for=\"contact_name\">Nom complet<\/label><input type=\"text\" name=\"contact_name\" id=\"contact_name\" class=\"input-name form-control\" placeholder=\"Nom complet\"><\/div><div class=\"zozo-input-email form-group\"><label class=\"sr-only\" for=\"contact_email\">Email<\/label><input type=\"email\" name=\"contact_email\" id=\"contact_email\" class=\"input-email form-control\" placeholder=\"Email\"><\/div><div class=\"zozo-input-phone form-group\"><label class=\"sr-only\" for=\"contact_phone\">T\u00e9l\u00e9phone<\/label><input type=\"text\" id=\"contact_phone\" name=\"contact_phone\" class=\"input-phone form-control\" placeholder=\"T\u00e9l\u00e9phone\"><\/div><div class=\"zozo-textarea-message form-group\"><label class=\"sr-only\" for=\"contact_message\">Message<\/label><textarea name=\"contact_message\" id=\"contact_message\" class=\"textarea-message form-control\" rows=\"3\" cols=\"25\" placeholder=\"Message\"><\/textarea><\/div><div class=\"zozo-input-submit form-group text-left\"><button type=\"submit\" class=\"btn zozo-submit btn-block zozo-btn-icon-right\">Envoyer <i class=\"zozo-btn-icon \"><\/i><\/button><\/div><\/form><\/div><\/div>[\/vc_column][vc_column width=\u00a0\u00bb1\/3&Prime;]<div class=\"zozo-parallax-header wpb_animate_when_almost_visible wpb_bottom-to-top\"><div class=\"parallax-header content-style-default\"><h4 class=\"parallax-title text-left\">Informations sur le contact<\/h4><\/div><\/div><style type=\"text\/css\" scoped>#feature-box-9 .grid-item .grid-box-inner .grid-icon { color:#ffffff; }\n#feature-box-9 .grid-item:hover .grid-box-inner .icon-hv-bg-icon .grid-icon { color:#ffffff; }\n<\/style><div class=\"zozo-feature-box feature-box-style style-default-box style-sep-yes  wpb_animate_when_almost_visible wpb_bottom-to-top\" id=\"feature-box-9\"><div class=\"grid-item\"><div class=\"grid-box-inner grid-text-left grid-box-normal grid-box-icon-circle grid-icon-shape grid-shape-none\"><div class=\"grid-icon-wrapper icon-hv-bg-icon shape-icon-circle\"><i class=\"flaticon flaticon-map106 grid-icon zozo-icon icon-shape icon-circle icon-skin-default icon-bg pattern-1 icon-normal\"><\/i><\/div><div class=\"grid-content-wrapper\"><h5 class=\"grid-title \" >ADRESSE<\/h5><div class=\"grid-desc\" ><p>Rua Francisco de Almeida n.\u00ba 30,<br \/>\n4470-410 \u2013 Vila Nova da Telha \u2013 Maia<br \/>\nPORTUGAL<br \/>\nCoordenadas GPS:<br \/>\nLatitude\u00a041.2537309; Longitude\u00a0-8.668555<\/p>\n<\/div><\/div><\/div><\/div><\/div><style type=\"text\/css\" scoped>#feature-box-10 .grid-item .grid-box-inner .grid-icon { color:#ffffff; }\n#feature-box-10 .grid-item:hover .grid-box-inner .icon-hv-bg-icon .grid-icon { color:#ffffff; }\n<\/style><div class=\"zozo-feature-box feature-box-style style-default-box style-sep-yes  wpb_animate_when_almost_visible wpb_bottom-to-top\" id=\"feature-box-10\"><div class=\"grid-item\"><div class=\"grid-box-inner grid-text-left grid-box-normal grid-box-icon-circle grid-icon-shape grid-shape-none\"><div class=\"grid-icon-wrapper icon-hv-bg-icon shape-icon-circle\"><i class=\"flaticon flaticon-phone382 grid-icon zozo-icon icon-shape icon-circle icon-skin-default icon-bg pattern-1 icon-normal\"><\/i><\/div><div class=\"grid-content-wrapper\"><h5 class=\"grid-title \" >T\u00c9L\u00c9PHONE<\/h5><div class=\"grid-desc\" ><p>(+351) 22 943 80 77 (appel vers le r\u00e9seau fixe national)<\/p>\n<\/div><\/div><\/div><\/div><\/div><style type=\"text\/css\" scoped>#feature-box-11 .grid-item .grid-box-inner .grid-icon { color:#ffffff; }\n#feature-box-11 .grid-item:hover .grid-box-inner .icon-hv-bg-icon .grid-icon { color:#ffffff; }\n<\/style><div class=\"zozo-feature-box feature-box-style style-default-box style-sep-yes  wpb_animate_when_almost_visible wpb_bottom-to-top\" id=\"feature-box-11\"><div class=\"grid-item\"><div class=\"grid-box-inner grid-text-left grid-box-normal grid-box-icon-circle grid-icon-shape grid-shape-none\"><div class=\"grid-icon-wrapper icon-hv-bg-icon shape-icon-circle\"><i class=\"fa fa-fax grid-icon zozo-icon icon-shape icon-circle icon-skin-default icon-bg pattern-1 icon-normal\"><\/i><\/div><div class=\"grid-content-wrapper\"><h5 class=\"grid-title \" >FAX<\/h5><div class=\"grid-desc\" ><p>(+351) 229 420 823<\/p>\n<\/div><\/div><\/div><\/div><\/div><style type=\"text\/css\" scoped>#feature-box-12 .grid-item .grid-box-inner .grid-icon { color:#ffffff; }\n#feature-box-12 .grid-item:hover .grid-box-inner .icon-hv-bg-icon .grid-icon { color:#ffffff; }\n<\/style><div class=\"zozo-feature-box feature-box-style style-default-box style-sep-yes  wpb_animate_when_almost_visible wpb_bottom-to-top\" id=\"feature-box-12\"><div class=\"grid-item\"><div class=\"grid-box-inner grid-text-left grid-box-normal grid-box-icon-circle grid-icon-shape grid-shape-none\"><div class=\"grid-icon-wrapper icon-hv-bg-icon shape-icon-circle\"><i class=\"flaticon flaticon-mail81 grid-icon zozo-icon icon-shape icon-circle icon-skin-default icon-bg pattern-1 icon-normal\"><\/i><\/div><div class=\"grid-content-wrapper\"><h5 class=\"grid-title \" >MAIL<\/h5><div class=\"grid-desc\" ><p><a href=\"mailto:abermove@abermove.com\">abermove@abermove.com<\/a><\/p>\n<\/div><\/div><\/div><\/div><\/div>[\/vc_column][\/vc_row][vc_row bg_style=\u00a0\u00bbgrey-wrapper\u00a0\u00bb center_row=\u00a0\u00bbyes\u00a0\u00bb css=\u00a0\u00bb.vc_custom_1505818388118{border-bottom-width: 20px !important;padding-top: 20px !important;background-color: #fcfcfc !important;}\u00a0\u00bb][vc_column][vc_empty_space height=\u00a0\u00bb30px\u00a0\u00bb]<div class=\"zozo-parallax-header wpb_animate_when_almost_visible wpb_bottom-to-top\"><div class=\"parallax-header content-style-default\"><h4 class=\"parallax-title text-left\">Notre emplacement<\/h4><\/div><\/div>[vc_gmaps link=\u00a0\u00bb#E-8_JTNDaWZyYW1lJTIwc3JjJTNEJTIyaHR0cHMlM0ElMkYlMkZ3d3cuZ29vZ2xlLmNvbSUyRm1hcHMlMkZlbWJlZCUzRnBiJTNEJTIxMW0xOCUyMTFtMTIlMjExbTMlMjExZDQ3OTkyLjM1Mjc3NjE2Nzg1NiUyMTJkLTguNzAzNjczMzIxNDYzODUzJTIxM2Q0MS4yNTM5Njc5MTIyMTcyNCUyMTJtMyUyMTFmMCUyMTJmMCUyMTNmMCUyMTNtMiUyMTFpMTAyNCUyMTJpNzY4JTIxNGYxMy4xJTIxM20zJTIxMW0yJTIxMXMweGQyNDY4NzJkYTFkZjkxNyUyNTNBMHhiZDY4NGU2OTBkYWRjMmZjJTIxMnNBQkVSJTJCLSUyQk1hbnVmYWN0dXJpbmclMkJIeWRyYXVsaWMlMkJFeGNlbGxlbmNlJTJCc2luY2UlMkIxOTcyJTIxNWUwJTIxM20yJTIxMXNwdC1QVCUyMTJzcHQlMjE0djE1MDU3NjAwOTM3NzAlMjIlMjB3aWR0aCUzRCUyMjEwMCUyNSUyMiUyMGhlaWdodCUzRCUyMjQ1MCUyMiUyMGZyYW1lYm9yZGVyJTNEJTIyMCUyMiUyMHN0eWxlJTNEJTIyYm9yZGVyJTNBMCUyMiUyMGFsbG93ZnVsbHNjcmVlbiUzRSUzQyUyRmlmcmFtZSUzRQ==\u00a0\u00bb][\/vc_column][\/vc_row][vc_row parallax=\u00a0\u00bbcontent-moving\u00a0\u00bb center_row=\u00a0\u00bbyes\u00a0\u00bb bg_overlay=\u00a0\u00bbyes\u00a0\u00bb bg_overlay_style=\u00a0\u00bboverlay-primary\u00a0\u00bb typo_style=\u00a0\u00bbdefault\u00a0\u00bb bg_type=\u00a0\u00bbimage\u00a0\u00bb parallax_style=\u00a0\u00bbvcpb-default\u00a0\u00bb bg_image_new=\u00a0\u00bbid^2199|url^http:\/\/212.129.25.185\/~abermove\/wp-content\/uploads\/2016\/02\/blog-image-background.jpg|caption^null|alt^null|title^blog-image-background|description^null\u00a0\u00bb css=\u00a0\u00bb.vc_custom_1505819207301{background-image: url(http:\/\/zozothemes.com\/wp\/mistwp\/medical\/wp-content\/uploads\/sites\/28\/2015\/11\/medicalbg-3.jpg?id=2427) !important;}\u00a0\u00bb][vc_column width=\u00a0\u00bb3\/4&Prime;][vc_column_text css_animation=\u00a0\u00bbleft-to-right\u00a0\u00bb]<\/p>\n<h4><span style=\"color: #ffffff;\">GET A QUOTE NOW!<\/span><\/h4>\n<p><span style=\"color: #ffffff;\">Click on the button to the right to request a quote for any ABERMOVE solution, system or equipment.<\/span>[\/vc_column_text][\/vc_column][vc_column width=\u00a0\u00bb1\/4&Prime;][vc_btn title=\u00a0\u00bbDEMANDER UN DEVIS\u00a0\u00bb style=\u00a0\u00bbcustom\u00a0\u00bb custom_background=\u00a0\u00bb#ffffff\u00a0\u00bb custom_text=\u00a0\u00bb#000000&Prime; align=\u00a0\u00bbright\u00a0\u00bb css_animation=\u00a0\u00bbright-to-left\u00a0\u00bb link=\u00a0\u00bburl:%23||target:%20_blank|\u00a0\u00bb el_class=\u00a0\u00bbmargin-top-20&Prime;][\/vc_column][\/vc_row]<\/p>\n<p><\/p>","protected":false},"excerpt":{"rendered":"<p>[vc_row center_row=\u00a0\u00bbyes\u00a0\u00bb css=\u00a0\u00bb.vc_custom_1505810774557{margin-top: 20px !important;margin-bottom: 20px !important;}\u00a0\u00bb][vc_column width=\u00a0\u00bb2\/3&Prime;][\/vc_column][vc_column width=\u00a0\u00bb1\/3&Prime;][\/vc_column][\/vc_row][vc_row bg_style=\u00a0\u00bbgrey-wrapper\u00a0\u00bb center_row=\u00a0\u00bbyes\u00a0\u00bb css=\u00a0\u00bb.vc_custom_1505818388118{border-bottom-width: 20px !important;padding-top: 20px !important;background-color: #fcfcfc !important;}\u00a0\u00bb][vc_column][vc_empty_space height=\u00a0\u00bb30px\u00a0\u00bb][vc_gmaps link=\u00a0\u00bb#E-8_JTNDaWZyYW1lJTIwc3JjJTNEJTIyaHR0cHMlM0ElMkYlMkZ3d3cuZ29vZ2xlLmNvbSUyRm1hcHMlMkZlbWJlZCUzRnBiJTNEJTIxMW0xOCUyMTFtMTIlMjExbTMlMjExZDQ3OTkyLjM1Mjc3NjE2Nzg1NiUyMTJkLTguNzAzNjczMzIxNDYzODUzJTIxM2Q0MS4yNTM5Njc5MTIyMTcyNCUyMTJtMyUyMTFmMCUyMTJmMCUyMTNmMCUyMTNtMiUyMTFpMTAyNCUyMTJpNzY4JTIxNGYxMy4xJTIxM20zJTIxMW0yJTIxMXMweGQyNDY4NzJkYTFkZjkxNyUyNTNBMHhiZDY4NGU2OTBkYWRjMmZjJTIxMnNBQkVSJTJCLSUyQk1hbnVmYWN0dXJpbmclMkJIeWRyYXVsaWMlMkJFeGNlbGxlbmNlJTJCc2luY2UlMkIxOTcyJTIxNWUwJTIxM20yJTIxMXNwdC1QVCUyMTJzcHQlMjE0djE1MDU3NjAwOTM3NzAlMjIlMjB3aWR0aCUzRCUyMjEwMCUyNSUyMiUyMGhlaWdodCUzRCUyMjQ1MCUyMiUyMGZyYW1lYm9yZGVyJTNEJTIyMCUyMiUyMHN0eWxlJTNEJTIyYm9yZGVyJTNBMCUyMiUyMGFsbG93ZnVsbHNjcmVlbiUzRSUzQyUyRmlmcmFtZSUzRQ==\u00a0\u00bb][\/vc_column][\/vc_row][vc_row parallax=\u00a0\u00bbcontent-moving\u00a0\u00bb center_row=\u00a0\u00bbyes\u00a0\u00bb bg_overlay=\u00a0\u00bbyes\u00a0\u00bb bg_overlay_style=\u00a0\u00bboverlay-primary\u00a0\u00bb typo_style=\u00a0\u00bbdefault\u00a0\u00bb bg_type=\u00a0\u00bbimage\u00a0\u00bb parallax_style=\u00a0\u00bbvcpb-default\u00a0\u00bb bg_image_new=\u00a0\u00bbid^2199|url^http:\/\/212.129.25.185\/~abermove\/wp-content\/uploads\/2016\/02\/blog-image-background.jpg|caption^null|alt^null|title^blog-image-background|description^null\u00a0\u00bb css=\u00a0\u00bb.vc_custom_1505819207301{background-image: url(http:\/\/zozothemes.com\/wp\/mistwp\/medical\/wp-content\/uploads\/sites\/28\/2015\/11\/medicalbg-3.jpg?id=2427)&#8230;<\/p>\n","protected":false},"author":1,"featured_media":0,"parent":0,"menu_order":0,"comment_status":"closed","ping_status":"closed","template":"template-fullwidth.php","meta":{"_monsterinsights_skip_tracking":false,"_monsterinsights_sitenote_active":false,"_monsterinsights_sitenote_note":"","_monsterinsights_sitenote_category":0},"yoast_head":"<!-- This site is optimized with the Yoast SEO plugin v19.2 - https:\/\/yoast.com\/wordpress\/plugins\/seo\/ -->\n<title>(Portugu\u00eas) Contacts - ABERMOVE - Sistemas de Eleva\u00e7\u00e3o e Movimenta\u00e7\u00e3o<\/title>\n<meta name=\"description\" content=\"(Portugu\u00eas) Contactos - ABERMOVE - Sistemas de Eleva\u00e7\u00e3o e Movimenta\u00e7\u00e3o - Por favor utilize o formul\u00e1rio de contacto abaixo para nos colocar qualquer quest\u00e3o.\" \/>\n<meta name=\"robots\" content=\"index, follow, max-snippet:-1, max-image-preview:large, max-video-preview:-1\" \/>\n<link rel=\"canonical\" href=\"https:\/\/abermove.com\/contacts\/\" \/>\n<meta property=\"og:locale\" content=\"fr_FR\" \/>\n<meta property=\"og:type\" content=\"article\" \/>\n<meta property=\"og:title\" content=\"[:pt]Contacts - ABERMOVE - Sistemas de Eleva\u00e7\u00e3o e Movimenta\u00e7\u00e3o[:]\" \/>\n<meta property=\"og:description\" content=\"{:pt}Contactos - ABERMOVE - Sistemas de Eleva\u00e7\u00e3o e Movimenta\u00e7\u00e3o - Por favor utilize o formul\u00e1rio de contacto abaixo para nos colocar qualquer quest\u00e3o.{:}\" \/>\n<meta property=\"og:url\" content=\"https:\/\/abermove.com\/contacts\/\" \/>\n<meta property=\"og:site_name\" content=\"ABERMOVE\" \/>\n<meta property=\"article:modified_time\" content=\"2026-02-13T16:32:22+00:00\" \/>\n<meta name=\"author\" content=\"ABERMOVE\" \/>\n<meta name=\"twitter:card\" content=\"summary_large_image\" \/>\n<meta name=\"twitter:label1\" content=\"Dur\u00e9e de lecture estim\u00e9e\" \/>\n\t<meta name=\"twitter:data1\" content=\"1 minute\" \/>\n<script type=\"application\/ld+json\" class=\"yoast-schema-graph\">{\"@context\":\"https:\/\/schema.org\",\"@graph\":[{\"@type\":\"WebSite\",\"@id\":\"https:\/\/abermove.com\/#website\",\"url\":\"https:\/\/abermove.com\/\",\"name\":\"ABERMOVE\",\"description\":\"- eleva\u00e7\u00e3o e movimenta\u00e7\u00e3o\",\"potentialAction\":[{\"@type\":\"SearchAction\",\"target\":{\"@type\":\"EntryPoint\",\"urlTemplate\":\"https:\/\/abermove.com\/?s={search_term_string}\"},\"query-input\":\"required name=search_term_string\"}],\"inLanguage\":\"fr-FR\"},{\"@type\":\"WebPage\",\"@id\":\"https:\/\/abermove.com\/contacts\/#webpage\",\"url\":\"https:\/\/abermove.com\/contacts\/\",\"name\":\"[:pt]Contacts - ABERMOVE - Sistemas de Eleva\u00e7\u00e3o e Movimenta\u00e7\u00e3o[:]\",\"isPartOf\":{\"@id\":\"https:\/\/abermove.com\/#website\"},\"datePublished\":\"2017-09-09T12:40:36+00:00\",\"dateModified\":\"2026-02-13T16:32:22+00:00\",\"description\":\"{:pt}Contactos - ABERMOVE - Sistemas de Eleva\u00e7\u00e3o e Movimenta\u00e7\u00e3o - Por favor utilize o formul\u00e1rio de contacto abaixo para nos colocar qualquer quest\u00e3o.{:}\",\"breadcrumb\":{\"@id\":\"https:\/\/abermove.com\/contacts\/#breadcrumb\"},\"inLanguage\":\"fr-FR\",\"potentialAction\":[{\"@type\":\"ReadAction\",\"target\":[\"https:\/\/abermove.com\/contacts\/\"]}]},{\"@type\":\"BreadcrumbList\",\"@id\":\"https:\/\/abermove.com\/contacts\/#breadcrumb\",\"itemListElement\":[{\"@type\":\"ListItem\",\"position\":1,\"name\":\"Home\",\"item\":\"https:\/\/abermove.com\/\"},{\"@type\":\"ListItem\",\"position\":2,\"name\":\"Contacts\"}]}]}<\/script>\n<!-- \/ Yoast SEO plugin. -->","yoast_head_json":{"title":"(Portugu\u00eas) Contacts - ABERMOVE - Sistemas de Eleva\u00e7\u00e3o e Movimenta\u00e7\u00e3o","description":"(Portugu\u00eas) Contactos - ABERMOVE - Sistemas de Eleva\u00e7\u00e3o e Movimenta\u00e7\u00e3o - Por favor utilize o formul\u00e1rio de contacto abaixo para nos colocar qualquer quest\u00e3o.","robots":{"index":"index","follow":"follow","max-snippet":"max-snippet:-1","max-image-preview":"max-image-preview:large","max-video-preview":"max-video-preview:-1"},"canonical":"https:\/\/abermove.com\/contacts\/","og_locale":"fr_FR","og_type":"article","og_title":"[:pt]Contacts - ABERMOVE - Sistemas de Eleva\u00e7\u00e3o e Movimenta\u00e7\u00e3o[:]","og_description":"{:pt}Contactos - ABERMOVE - Sistemas de Eleva\u00e7\u00e3o e Movimenta\u00e7\u00e3o - Por favor utilize o formul\u00e1rio de contacto abaixo para nos colocar qualquer quest\u00e3o.{:}","og_url":"https:\/\/abermove.com\/contacts\/","og_site_name":"ABERMOVE","article_modified_time":"2026-02-13T16:32:22+00:00","author":"ABERMOVE","twitter_card":"summary_large_image","twitter_misc":{"Dur\u00e9e de lecture estim\u00e9e":"1 minute"},"schema":{"@context":"https:\/\/schema.org","@graph":[{"@type":"WebSite","@id":"https:\/\/abermove.com\/#website","url":"https:\/\/abermove.com\/","name":"ABERMOVE","description":"- eleva\u00e7\u00e3o e movimenta\u00e7\u00e3o","potentialAction":[{"@type":"SearchAction","target":{"@type":"EntryPoint","urlTemplate":"https:\/\/abermove.com\/?s={search_term_string}"},"query-input":"required name=search_term_string"}],"inLanguage":"fr-FR"},{"@type":"WebPage","@id":"https:\/\/abermove.com\/contacts\/#webpage","url":"https:\/\/abermove.com\/contacts\/","name":"[:pt]Contacts - ABERMOVE - Sistemas de Eleva\u00e7\u00e3o e Movimenta\u00e7\u00e3o[:]","isPartOf":{"@id":"https:\/\/abermove.com\/#website"},"datePublished":"2017-09-09T12:40:36+00:00","dateModified":"2026-02-13T16:32:22+00:00","description":"{:pt}Contactos - ABERMOVE - Sistemas de Eleva\u00e7\u00e3o e Movimenta\u00e7\u00e3o - Por favor utilize o formul\u00e1rio de contacto abaixo para nos colocar qualquer quest\u00e3o.{:}","breadcrumb":{"@id":"https:\/\/abermove.com\/contacts\/#breadcrumb"},"inLanguage":"fr-FR","potentialAction":[{"@type":"ReadAction","target":["https:\/\/abermove.com\/contacts\/"]}]},{"@type":"BreadcrumbList","@id":"https:\/\/abermove.com\/contacts\/#breadcrumb","itemListElement":[{"@type":"ListItem","position":1,"name":"Home","item":"https:\/\/abermove.com\/"},{"@type":"ListItem","position":2,"name":"Contacts"}]}]}},"_links":{"self":[{"href":"https:\/\/abermove.com\/fr\/wp-json\/wp\/v2\/pages\/1529"}],"collection":[{"href":"https:\/\/abermove.com\/fr\/wp-json\/wp\/v2\/pages"}],"about":[{"href":"https:\/\/abermove.com\/fr\/wp-json\/wp\/v2\/types\/page"}],"author":[{"embeddable":true,"href":"https:\/\/abermove.com\/fr\/wp-json\/wp\/v2\/users\/1"}],"replies":[{"embeddable":true,"href":"https:\/\/abermove.com\/fr\/wp-json\/wp\/v2\/comments?post=1529"}],"version-history":[{"count":42,"href":"https:\/\/abermove.com\/fr\/wp-json\/wp\/v2\/pages\/1529\/revisions"}],"predecessor-version":[{"id":3114,"href":"https:\/\/abermove.com\/fr\/wp-json\/wp\/v2\/pages\/1529\/revisions\/3114"}],"wp:attachment":[{"href":"https:\/\/abermove.com\/fr\/wp-json\/wp\/v2\/media?parent=1529"}],"curies":[{"name":"wp","href":"https:\/\/api.w.org\/{rel}","templated":true}]}}