{"id":2071,"date":"2017-09-19T07:54:52","date_gmt":"2017-09-19T07:54:52","guid":{"rendered":"http:\/\/212.129.25.185\/~abermove\/?page_id=2071"},"modified":"2023-03-26T16:13:31","modified_gmt":"2023-03-26T15:13:31","slug":"products-warranty","status":"publish","type":"page","link":"https:\/\/abermove.com\/fr\/products-warranty\/","title":{"rendered":"Products Warranty"},"content":{"rendered":"<p>Nous d\u00e9clarons que les \u00e9quipements produits par ABER, Lda sont garantis 12 mois contre les d\u00e9fauts m\u00e9caniques de fabrication et 6 mois contre les d\u00e9fauts \u00e9lectriques de fabrication.<\/p>\n<p>La garantie des \u00e9quipements d&rsquo;ABER, Ltd. est limit\u00e9e \u00e0 la substitution ou \u00e0 la r\u00e9paration de l&rsquo;\u00e9quipement d\u00e9fectueux lorsqu&rsquo;il est v\u00e9rifi\u00e9 et reconnu par ABER.<\/p>\n<p>ABER, Ltd. ne sera en aucun cas responsable de la perte de temps, des co\u00fbts de fabrication, de la main d&rsquo;\u0153uvre, des mat\u00e9riaux, de la perte de profits, des dommages accessoires, sp\u00e9ciaux ou cons\u00e9cutifs, directs ou indirects, en raison d&rsquo;\u00e9quipements d\u00e9fectueux, qu&rsquo;il s&rsquo;agisse de r\u00e9clamations d\u00e9coulant du contrat de vente ou ind\u00e9pendamment de celui-ci, et qu&rsquo;une telle r\u00e9clamation soit fond\u00e9e ou non sur un contrat, un d\u00e9lit ou une garantie.<\/p>\n<p>Cette garantie limit\u00e9e remplace toute autre garantie de quelque nature que ce soit, expresse ou implicite, y compris, mais sans s&rsquo;y limiter, les garanties de qualit\u00e9 marchande ou d&rsquo;ad\u00e9quation \u00e0 toute mesure de service ou d&rsquo;ad\u00e9quation \u00e0 un usage sp\u00e9cifique, nonobstant toute divulgation \u00e0 ABER, Ltd. de l&rsquo;utilisation \u00e0 laquelle le produit est destin\u00e9.<\/p>\n<p>La vente d&rsquo;\u00e9quipements ABER, Ltd. sous toute autre garantie, expresse ou implicite, n&rsquo;est pas autoris\u00e9e et il n&rsquo;y a pas de garantie sur les biens ou les produits fabriqu\u00e9s par quelqu&rsquo;un d&rsquo;autre qu&rsquo;ABER, Ltd.<\/p>\n<p>Cette garantie ne s&rsquo;applique pas aux pi\u00e8ces soumises \u00e0 une usure normale, aux \u00e9quipements soumis \u00e0 une utilisation inappropri\u00e9e, aux probl\u00e8mes ou d\u00e9fauts caus\u00e9s dans les \u00e9quipements par des techniciens qui n&rsquo;ont pas \u00e9t\u00e9 pr\u00e9alablement approuv\u00e9s par ABER, Ltd.<\/p>\n<p>La garantie d&rsquo;un \u00e9quipement ABER ne peut \u00eatre accord\u00e9e que s&rsquo;il est prouv\u00e9 que l&rsquo;entretien a \u00e9t\u00e9 effectu\u00e9 correctement pendant la p\u00e9riode de garantie.<\/p>","protected":false},"excerpt":{"rendered":"<p>Nous d\u00e9clarons que les \u00e9quipements produits par ABER, Lda sont garantis 12 mois contre les d\u00e9fauts m\u00e9caniques de fabrication et 6 mois contre les d\u00e9fauts \u00e9lectriques de fabrication. La garantie&#8230;<\/p>\n","protected":false},"author":1,"featured_media":0,"parent":0,"menu_order":0,"comment_status":"closed","ping_status":"closed","template":"","meta":{"_monsterinsights_skip_tracking":false,"_monsterinsights_sitenote_active":false,"_monsterinsights_sitenote_note":"","_monsterinsights_sitenote_category":0},"yoast_head":"<!-- This site is optimized with the Yoast SEO plugin v19.2 - https:\/\/yoast.com\/wordpress\/plugins\/seo\/ -->\n<title>(Portugu\u00eas) Products Warranty - ABERMOVE - Sistemas de Eleva\u00e7\u00e3o e Movimenta\u00e7\u00e3o<\/title>\n<meta name=\"description\" content=\"(Portugu\u00eas) Garantia de produto - ABERMOVE - Sistemas de Eleva\u00e7\u00e3o e Movimenta\u00e7\u00e3o - Declaramos que os equipamentos produzidos pela ABER, Lda tem garantia de 12 meses...\" \/>\n<meta name=\"robots\" content=\"index, follow, max-snippet:-1, max-image-preview:large, max-video-preview:-1\" \/>\n<link rel=\"canonical\" href=\"https:\/\/abermove.com\/products-warranty\/\" \/>\n<meta property=\"og:locale\" content=\"fr_FR\" \/>\n<meta property=\"og:type\" content=\"article\" \/>\n<meta property=\"og:title\" content=\"[:pt]Products Warranty - ABERMOVE - Sistemas de Eleva\u00e7\u00e3o e Movimenta\u00e7\u00e3o[:]\" \/>\n<meta property=\"og:description\" content=\"{:pt}Garantia de produto - ABERMOVE - Sistemas de Eleva\u00e7\u00e3o e Movimenta\u00e7\u00e3o - Declaramos que os equipamentos produzidos pela ABER, Lda tem garantia de 12 meses...{:}\" \/>\n<meta property=\"og:url\" content=\"https:\/\/abermove.com\/products-warranty\/\" \/>\n<meta property=\"og:site_name\" content=\"ABERMOVE\" \/>\n<meta property=\"article:modified_time\" content=\"2023-03-26T15:13:31+00:00\" \/>\n<meta name=\"author\" content=\"ABERMOVE\" \/>\n<meta name=\"twitter:card\" content=\"summary_large_image\" \/>\n<meta name=\"twitter:label1\" content=\"Dur\u00e9e de lecture estim\u00e9e\" \/>\n\t<meta name=\"twitter:data1\" content=\"2 minutes\" \/>\n<script type=\"application\/ld+json\" class=\"yoast-schema-graph\">{\"@context\":\"https:\/\/schema.org\",\"@graph\":[{\"@type\":\"WebSite\",\"@id\":\"https:\/\/abermove.com\/#website\",\"url\":\"https:\/\/abermove.com\/\",\"name\":\"ABERMOVE\",\"description\":\"- eleva\u00e7\u00e3o e movimenta\u00e7\u00e3o\",\"potentialAction\":[{\"@type\":\"SearchAction\",\"target\":{\"@type\":\"EntryPoint\",\"urlTemplate\":\"https:\/\/abermove.com\/?s={search_term_string}\"},\"query-input\":\"required name=search_term_string\"}],\"inLanguage\":\"fr-FR\"},{\"@type\":\"WebPage\",\"@id\":\"https:\/\/abermove.com\/products-warranty\/#webpage\",\"url\":\"https:\/\/abermove.com\/products-warranty\/\",\"name\":\"[:pt]Products Warranty - ABERMOVE - Sistemas de Eleva\u00e7\u00e3o e Movimenta\u00e7\u00e3o[:]\",\"isPartOf\":{\"@id\":\"https:\/\/abermove.com\/#website\"},\"datePublished\":\"2017-09-19T07:54:52+00:00\",\"dateModified\":\"2023-03-26T15:13:31+00:00\",\"description\":\"{:pt}Garantia de produto - ABERMOVE - Sistemas de Eleva\u00e7\u00e3o e Movimenta\u00e7\u00e3o - Declaramos que os equipamentos produzidos pela ABER, Lda tem garantia de 12 meses...{:}\",\"breadcrumb\":{\"@id\":\"https:\/\/abermove.com\/products-warranty\/#breadcrumb\"},\"inLanguage\":\"fr-FR\",\"potentialAction\":[{\"@type\":\"ReadAction\",\"target\":[\"https:\/\/abermove.com\/products-warranty\/\"]}]},{\"@type\":\"BreadcrumbList\",\"@id\":\"https:\/\/abermove.com\/products-warranty\/#breadcrumb\",\"itemListElement\":[{\"@type\":\"ListItem\",\"position\":1,\"name\":\"Home\",\"item\":\"https:\/\/abermove.com\/\"},{\"@type\":\"ListItem\",\"position\":2,\"name\":\"Products Warranty\"}]}]}<\/script>\n<!-- \/ Yoast SEO plugin. -->","yoast_head_json":{"title":"(Portugu\u00eas) Products Warranty - ABERMOVE - Sistemas de Eleva\u00e7\u00e3o e Movimenta\u00e7\u00e3o","description":"(Portugu\u00eas) Garantia de produto - ABERMOVE - Sistemas de Eleva\u00e7\u00e3o e Movimenta\u00e7\u00e3o - Declaramos que os equipamentos produzidos pela ABER, Lda tem garantia de 12 meses...","robots":{"index":"index","follow":"follow","max-snippet":"max-snippet:-1","max-image-preview":"max-image-preview:large","max-video-preview":"max-video-preview:-1"},"canonical":"https:\/\/abermove.com\/products-warranty\/","og_locale":"fr_FR","og_type":"article","og_title":"[:pt]Products Warranty - ABERMOVE - Sistemas de Eleva\u00e7\u00e3o e Movimenta\u00e7\u00e3o[:]","og_description":"{:pt}Garantia de produto - ABERMOVE - Sistemas de Eleva\u00e7\u00e3o e Movimenta\u00e7\u00e3o - Declaramos que os equipamentos produzidos pela ABER, Lda tem garantia de 12 meses...{:}","og_url":"https:\/\/abermove.com\/products-warranty\/","og_site_name":"ABERMOVE","article_modified_time":"2023-03-26T15:13:31+00:00","author":"ABERMOVE","twitter_card":"summary_large_image","twitter_misc":{"Dur\u00e9e de lecture estim\u00e9e":"2 minutes"},"schema":{"@context":"https:\/\/schema.org","@graph":[{"@type":"WebSite","@id":"https:\/\/abermove.com\/#website","url":"https:\/\/abermove.com\/","name":"ABERMOVE","description":"- eleva\u00e7\u00e3o e movimenta\u00e7\u00e3o","potentialAction":[{"@type":"SearchAction","target":{"@type":"EntryPoint","urlTemplate":"https:\/\/abermove.com\/?s={search_term_string}"},"query-input":"required name=search_term_string"}],"inLanguage":"fr-FR"},{"@type":"WebPage","@id":"https:\/\/abermove.com\/products-warranty\/#webpage","url":"https:\/\/abermove.com\/products-warranty\/","name":"[:pt]Products Warranty - ABERMOVE - Sistemas de Eleva\u00e7\u00e3o e Movimenta\u00e7\u00e3o[:]","isPartOf":{"@id":"https:\/\/abermove.com\/#website"},"datePublished":"2017-09-19T07:54:52+00:00","dateModified":"2023-03-26T15:13:31+00:00","description":"{:pt}Garantia de produto - ABERMOVE - Sistemas de Eleva\u00e7\u00e3o e Movimenta\u00e7\u00e3o - Declaramos que os equipamentos produzidos pela ABER, Lda tem garantia de 12 meses...{:}","breadcrumb":{"@id":"https:\/\/abermove.com\/products-warranty\/#breadcrumb"},"inLanguage":"fr-FR","potentialAction":[{"@type":"ReadAction","target":["https:\/\/abermove.com\/products-warranty\/"]}]},{"@type":"BreadcrumbList","@id":"https:\/\/abermove.com\/products-warranty\/#breadcrumb","itemListElement":[{"@type":"ListItem","position":1,"name":"Home","item":"https:\/\/abermove.com\/"},{"@type":"ListItem","position":2,"name":"Products Warranty"}]}]}},"_links":{"self":[{"href":"https:\/\/abermove.com\/fr\/wp-json\/wp\/v2\/pages\/2071"}],"collection":[{"href":"https:\/\/abermove.com\/fr\/wp-json\/wp\/v2\/pages"}],"about":[{"href":"https:\/\/abermove.com\/fr\/wp-json\/wp\/v2\/types\/page"}],"author":[{"embeddable":true,"href":"https:\/\/abermove.com\/fr\/wp-json\/wp\/v2\/users\/1"}],"replies":[{"embeddable":true,"href":"https:\/\/abermove.com\/fr\/wp-json\/wp\/v2\/comments?post=2071"}],"version-history":[{"count":14,"href":"https:\/\/abermove.com\/fr\/wp-json\/wp\/v2\/pages\/2071\/revisions"}],"predecessor-version":[{"id":3076,"href":"https:\/\/abermove.com\/fr\/wp-json\/wp\/v2\/pages\/2071\/revisions\/3076"}],"wp:attachment":[{"href":"https:\/\/abermove.com\/fr\/wp-json\/wp\/v2\/media?parent=2071"}],"curies":[{"name":"wp","href":"https:\/\/api.w.org\/{rel}","templated":true}]}}