{"id":2088,"date":"2017-09-19T08:08:04","date_gmt":"2017-09-19T08:08:04","guid":{"rendered":"http:\/\/212.129.25.185\/~abermove\/?page_id=2088"},"modified":"2026-02-18T14:59:42","modified_gmt":"2026-02-18T14:59:42","slug":"about-us","status":"publish","type":"page","link":"https:\/\/abermove.com\/fr\/about-us\/","title":{"rendered":"A propos de nous"},"content":{"rendered":"<p>[vc_row][vc_column][vc_single_image image=\u00a0\u00bb2101&Prime; img_size=\u00a0\u00bbfull\u00a0\u00bb][vc_column_text]ABERMOVE a concentr\u00e9 son savoir\u2011faire sur la Recherche et le D\u00e9veloppement de nouveaux produits, devenant responsable de nombreux brevets industriels dans le secteur ol\u00e9o\u2011hydraulique.<\/p>\n<div>\n<p>Aujourd\u2019hui, ABERMOVE op\u00e8re dans des installations d\u2019environ 7 300 m\u00b2, d\u00e9tient le statut PME L\u00edder et garantit que l\u2019ensemble de sa structure et de ses produits est conforme \u00e0 la certification ISO 9001:2008, ainsi qu\u2019au Dipl\u00f4me de Conformit\u00e9 CE, r\u00e9pondant \u00e0 toutes les normes de s\u00e9curit\u00e9 applicables.<\/p>\n<\/div>\n<h5><\/h5>\n<h5><strong>ABERMOVE est \u00e9galement la marque d\u00e9di\u00e9e aux Syst\u00e8mes de Levage et de Manutention, organis\u00e9e en quatre cat\u00e9gories distinctes :<\/strong><\/h5>\n<p>[\/vc_column_text][\/vc_column][\/vc_row][vc_row css=\u00a0\u00bb.vc_custom_1505808919919{margin-top: -70px !important;}\u00a0\u00bb][vc_column][vc_row_inner][vc_column_inner width=\u00a0\u00bb1\/2&Prime;][vc_custom_heading text=\u00a0\u00bbSYST\u00c8MES DE STATIONNEMENT\u00a0\u00bb font_container=\u00a0\u00bbtag:h3|text_align:left|color:%23cc0000&Prime; use_theme_fonts=\u00a0\u00bbyes\u00a0\u00bb][vc_column_text]<\/p>\n<h5>Parking double &#8211; Parkaber (brevet\u00e9)<br \/>\nAscenseurs pour voitures<br \/>\nPlate-forme rotative (ABER 360\u00ba)<br \/>\nArr\u00eat de voiture (manuel | hydraulique)<\/h5>\n<p>[\/vc_column_text][\/vc_column_inner][vc_column_inner width=\u00a0\u00bb1\/2&Prime;][vc_custom_heading text=\u00a0\u00bbSYST\u00c8MES DE TRAVAIL\u00a0\u00bb font_container=\u00a0\u00bbtag:h3|text_align:left|color:%23cc0000&Prime; use_theme_fonts=\u00a0\u00bbyes\u00a0\u00bb][vc_column_text]<\/p>\n<h5>El\u00e9vateurs de colonnes<br \/>\nNiveleurs de quai<br \/>\nPonts \u00e9l\u00e9vateurs \u00e0 ciseaux<br \/>\nPonts \u00e9l\u00e9vateurs \u00e0 ciseaux mobiles<\/h5>\n<p>[\/vc_column_text][\/vc_column_inner][\/vc_row_inner][vc_row_inner css=\u00a0\u00bb.vc_custom_1505808944459{margin-top: 50px !important;}\u00a0\u00bb][vc_column_inner width=\u00a0\u00bb1\/2&Prime;][vc_custom_heading text=\u00a0\u00bbSYST\u00c8MES DOMESTIQUES\u00a0\u00bb font_container=\u00a0\u00bbtag:h3|text_align:left|color:%23cc0000&Prime; use_theme_fonts=\u00a0\u00bbyes\u00a0\u00bb][vc_column_text]<\/p>\n<h5>El\u00e9vateurs \u00e0 domicile<br \/>\nPlaques de montage<br \/>\nCouvertures de s\u00e9curit\u00e9 pour piscines (brevet\u00e9es)<br \/>\nAccessibilit\u00e9<\/h5>\n<p>[\/vc_column_text][\/vc_column_inner][vc_column_inner width=\u00a0\u00bb1\/2&Prime;][vc_custom_heading text=\u00a0\u00bbSYST\u00c8MES DE GESTION DES D\u00c9CHETS\u00a0\u00bb font_container=\u00a0\u00bbtag:h3|text_align:left|color:%23cc0000&Prime; use_theme_fonts=\u00a0\u00bbyes\u00a0\u00bb][vc_column_text]<\/p>\n<h5>Syst\u00e8mes de collecte des d\u00e9chets urbains<br \/>\nGamme compl\u00e8te de conteneurs enterr\u00e9s (brevet\u00e9s)<\/h5>\n<p>[\/vc_column_text][\/vc_column_inner][\/vc_row_inner][\/vc_column][\/vc_row][vc_row css=\u00a0\u00bb.vc_custom_1505810690969{margin-top: -20px !important;margin-bottom: 20px !important;}\u00a0\u00bb][vc_column][vc_column_text]La cr\u00e9ation d&rsquo;innombrables brevets d&rsquo;invention et l&rsquo;introduction constante de nouveaux produits, fruit de l&rsquo;innovation et du dynamisme de l&rsquo;entreprise, permettent \u00e0 ABER de pr\u00e9senter des mesures personnalis\u00e9es pour r\u00e9pondre aux besoins des clients.<\/p>\n<p>ABERMOVE offre \u00e9galement une assistance technique, des contrats de maintenance et un service apr\u00e8s-vente qui garantit le parfait fonctionnement de l&rsquo;\u00e9quipement.<\/p>\n<p>ABER privil\u00e9gie l&rsquo;honn\u00eatet\u00e9 dans la relation entreprise-client \/ entreprise-fournisseur, le respect de ses employ\u00e9s, le travail bien fait, ainsi que l&rsquo;excellence de ses produits.[\/vc_column_text][\/vc_column][\/vc_row]<\/p>","protected":false},"excerpt":{"rendered":"<p>[vc_row][vc_column][vc_single_image image=\u00a0\u00bb2101&Prime; img_size=\u00a0\u00bbfull\u00a0\u00bb][vc_column_text]ABERMOVE a concentr\u00e9 son savoir\u2011faire sur la Recherche et le D\u00e9veloppement de nouveaux produits, devenant responsable de nombreux brevets industriels dans le secteur ol\u00e9o\u2011hydraulique. Aujourd\u2019hui, ABERMOVE op\u00e8re dans&#8230;<\/p>\n","protected":false},"author":1,"featured_media":0,"parent":0,"menu_order":0,"comment_status":"closed","ping_status":"closed","template":"","meta":{"_monsterinsights_skip_tracking":false,"_monsterinsights_sitenote_active":false,"_monsterinsights_sitenote_note":"","_monsterinsights_sitenote_category":0},"yoast_head":"<!-- This site is optimized with the Yoast SEO plugin v19.2 - https:\/\/yoast.com\/wordpress\/plugins\/seo\/ -->\n<title>(Portugu\u00eas) A propos de nous - ABERMOVE - Sistemas de Eleva\u00e7\u00e3o e Movimenta\u00e7\u00e3o<\/title>\n<meta name=\"description\" content=\"(Portugu\u00eas) Sobre N\u00f3s - ABERMOVE - Sistemas de Eleva\u00e7\u00e3o e Movimenta\u00e7\u00e3o - A cria\u00e7\u00e3o de novos produtos como resultado da inova\u00e7\u00e3o e dinamismo da empresa ...Sobre N\u00f3s - ABERMOVE - Sistemas de Eleva\u00e7\u00e3o e Movimenta\u00e7\u00e3o - Fundada em 1972, na Maia, pelo mestre Ant\u00f3nio Bernardes, a ABER \u00e9 uma Industria Portuguesa ...\" \/>\n<meta name=\"robots\" content=\"index, follow, max-snippet:-1, max-image-preview:large, max-video-preview:-1\" \/>\n<link rel=\"canonical\" href=\"https:\/\/abermove.com\/about-us\/\" \/>\n<meta property=\"og:locale\" content=\"fr_FR\" \/>\n<meta property=\"og:type\" content=\"article\" \/>\n<meta property=\"og:title\" content=\"[:pt]A propos de nous - ABERMOVE - Sistemas de Eleva\u00e7\u00e3o e Movimenta\u00e7\u00e3o[:]\" \/>\n<meta property=\"og:description\" content=\"{:pt}Sobre N\u00f3s - ABERMOVE - Sistemas de Eleva\u00e7\u00e3o e Movimenta\u00e7\u00e3o - A cria\u00e7\u00e3o de novos produtos como resultado da inova\u00e7\u00e3o e dinamismo da empresa ...Sobre N\u00f3s - ABERMOVE - Sistemas de Eleva\u00e7\u00e3o e Movimenta\u00e7\u00e3o - Fundada em 1972, na Maia, pelo mestre Ant\u00f3nio Bernardes, a ABER \u00e9 uma Industria Portuguesa ...{:}\" \/>\n<meta property=\"og:url\" content=\"https:\/\/abermove.com\/about-us\/\" \/>\n<meta property=\"og:site_name\" content=\"ABERMOVE\" \/>\n<meta property=\"article:modified_time\" content=\"2026-02-18T14:59:42+00:00\" \/>\n<meta name=\"author\" content=\"ABERMOVE\" \/>\n<meta name=\"twitter:card\" content=\"summary_large_image\" \/>\n<meta name=\"twitter:label1\" content=\"Dur\u00e9e de lecture estim\u00e9e\" \/>\n\t<meta name=\"twitter:data1\" content=\"2 minutes\" \/>\n<script type=\"application\/ld+json\" class=\"yoast-schema-graph\">{\"@context\":\"https:\/\/schema.org\",\"@graph\":[{\"@type\":\"WebSite\",\"@id\":\"https:\/\/abermove.com\/#website\",\"url\":\"https:\/\/abermove.com\/\",\"name\":\"ABERMOVE\",\"description\":\"- eleva\u00e7\u00e3o e movimenta\u00e7\u00e3o\",\"potentialAction\":[{\"@type\":\"SearchAction\",\"target\":{\"@type\":\"EntryPoint\",\"urlTemplate\":\"https:\/\/abermove.com\/?s={search_term_string}\"},\"query-input\":\"required name=search_term_string\"}],\"inLanguage\":\"fr-FR\"},{\"@type\":\"WebPage\",\"@id\":\"https:\/\/abermove.com\/about-us\/#webpage\",\"url\":\"https:\/\/abermove.com\/about-us\/\",\"name\":\"[:pt]A propos de nous - ABERMOVE - Sistemas de Eleva\u00e7\u00e3o e Movimenta\u00e7\u00e3o[:]\",\"isPartOf\":{\"@id\":\"https:\/\/abermove.com\/#website\"},\"datePublished\":\"2017-09-19T08:08:04+00:00\",\"dateModified\":\"2026-02-18T14:59:42+00:00\",\"description\":\"{:pt}Sobre N\u00f3s - ABERMOVE - Sistemas de Eleva\u00e7\u00e3o e Movimenta\u00e7\u00e3o - A cria\u00e7\u00e3o de novos produtos como resultado da inova\u00e7\u00e3o e dinamismo da empresa ...Sobre N\u00f3s - ABERMOVE - Sistemas de Eleva\u00e7\u00e3o e Movimenta\u00e7\u00e3o - Fundada em 1972, na Maia, pelo mestre Ant\u00f3nio Bernardes, a ABER \u00e9 uma Industria Portuguesa ...{:}\",\"breadcrumb\":{\"@id\":\"https:\/\/abermove.com\/about-us\/#breadcrumb\"},\"inLanguage\":\"fr-FR\",\"potentialAction\":[{\"@type\":\"ReadAction\",\"target\":[\"https:\/\/abermove.com\/about-us\/\"]}]},{\"@type\":\"BreadcrumbList\",\"@id\":\"https:\/\/abermove.com\/about-us\/#breadcrumb\",\"itemListElement\":[{\"@type\":\"ListItem\",\"position\":1,\"name\":\"Home\",\"item\":\"https:\/\/abermove.com\/\"},{\"@type\":\"ListItem\",\"position\":2,\"name\":\"Sobre N\u00f3s\"}]}]}<\/script>\n<!-- \/ Yoast SEO plugin. -->","yoast_head_json":{"title":"(Portugu\u00eas) A propos de nous - ABERMOVE - Sistemas de Eleva\u00e7\u00e3o e Movimenta\u00e7\u00e3o","description":"(Portugu\u00eas) Sobre N\u00f3s - ABERMOVE - Sistemas de Eleva\u00e7\u00e3o e Movimenta\u00e7\u00e3o - A cria\u00e7\u00e3o de novos produtos como resultado da inova\u00e7\u00e3o e dinamismo da empresa ...Sobre N\u00f3s - ABERMOVE - Sistemas de Eleva\u00e7\u00e3o e Movimenta\u00e7\u00e3o - Fundada em 1972, na Maia, pelo mestre Ant\u00f3nio Bernardes, a ABER \u00e9 uma Industria Portuguesa ...","robots":{"index":"index","follow":"follow","max-snippet":"max-snippet:-1","max-image-preview":"max-image-preview:large","max-video-preview":"max-video-preview:-1"},"canonical":"https:\/\/abermove.com\/about-us\/","og_locale":"fr_FR","og_type":"article","og_title":"[:pt]A propos de nous - ABERMOVE - Sistemas de Eleva\u00e7\u00e3o e Movimenta\u00e7\u00e3o[:]","og_description":"{:pt}Sobre N\u00f3s - ABERMOVE - Sistemas de Eleva\u00e7\u00e3o e Movimenta\u00e7\u00e3o - A cria\u00e7\u00e3o de novos produtos como resultado da inova\u00e7\u00e3o e dinamismo da empresa ...Sobre N\u00f3s - ABERMOVE - Sistemas de Eleva\u00e7\u00e3o e Movimenta\u00e7\u00e3o - Fundada em 1972, na Maia, pelo mestre Ant\u00f3nio Bernardes, a ABER \u00e9 uma Industria Portuguesa ...{:}","og_url":"https:\/\/abermove.com\/about-us\/","og_site_name":"ABERMOVE","article_modified_time":"2026-02-18T14:59:42+00:00","author":"ABERMOVE","twitter_card":"summary_large_image","twitter_misc":{"Dur\u00e9e de lecture estim\u00e9e":"2 minutes"},"schema":{"@context":"https:\/\/schema.org","@graph":[{"@type":"WebSite","@id":"https:\/\/abermove.com\/#website","url":"https:\/\/abermove.com\/","name":"ABERMOVE","description":"- eleva\u00e7\u00e3o e movimenta\u00e7\u00e3o","potentialAction":[{"@type":"SearchAction","target":{"@type":"EntryPoint","urlTemplate":"https:\/\/abermove.com\/?s={search_term_string}"},"query-input":"required name=search_term_string"}],"inLanguage":"fr-FR"},{"@type":"WebPage","@id":"https:\/\/abermove.com\/about-us\/#webpage","url":"https:\/\/abermove.com\/about-us\/","name":"[:pt]A propos de nous - ABERMOVE - Sistemas de Eleva\u00e7\u00e3o e Movimenta\u00e7\u00e3o[:]","isPartOf":{"@id":"https:\/\/abermove.com\/#website"},"datePublished":"2017-09-19T08:08:04+00:00","dateModified":"2026-02-18T14:59:42+00:00","description":"{:pt}Sobre N\u00f3s - ABERMOVE - Sistemas de Eleva\u00e7\u00e3o e Movimenta\u00e7\u00e3o - A cria\u00e7\u00e3o de novos produtos como resultado da inova\u00e7\u00e3o e dinamismo da empresa ...Sobre N\u00f3s - ABERMOVE - Sistemas de Eleva\u00e7\u00e3o e Movimenta\u00e7\u00e3o - Fundada em 1972, na Maia, pelo mestre Ant\u00f3nio Bernardes, a ABER \u00e9 uma Industria Portuguesa ...{:}","breadcrumb":{"@id":"https:\/\/abermove.com\/about-us\/#breadcrumb"},"inLanguage":"fr-FR","potentialAction":[{"@type":"ReadAction","target":["https:\/\/abermove.com\/about-us\/"]}]},{"@type":"BreadcrumbList","@id":"https:\/\/abermove.com\/about-us\/#breadcrumb","itemListElement":[{"@type":"ListItem","position":1,"name":"Home","item":"https:\/\/abermove.com\/"},{"@type":"ListItem","position":2,"name":"Sobre N\u00f3s"}]}]}},"_links":{"self":[{"href":"https:\/\/abermove.com\/fr\/wp-json\/wp\/v2\/pages\/2088"}],"collection":[{"href":"https:\/\/abermove.com\/fr\/wp-json\/wp\/v2\/pages"}],"about":[{"href":"https:\/\/abermove.com\/fr\/wp-json\/wp\/v2\/types\/page"}],"author":[{"embeddable":true,"href":"https:\/\/abermove.com\/fr\/wp-json\/wp\/v2\/users\/1"}],"replies":[{"embeddable":true,"href":"https:\/\/abermove.com\/fr\/wp-json\/wp\/v2\/comments?post=2088"}],"version-history":[{"count":44,"href":"https:\/\/abermove.com\/fr\/wp-json\/wp\/v2\/pages\/2088\/revisions"}],"predecessor-version":[{"id":3122,"href":"https:\/\/abermove.com\/fr\/wp-json\/wp\/v2\/pages\/2088\/revisions\/3122"}],"wp:attachment":[{"href":"https:\/\/abermove.com\/fr\/wp-json\/wp\/v2\/media?parent=2088"}],"curies":[{"name":"wp","href":"https:\/\/api.w.org\/{rel}","templated":true}]}}