{"id":2247,"date":"2017-11-20T08:44:59","date_gmt":"2017-11-20T08:44:59","guid":{"rendered":"http:\/\/212.129.25.185\/~abermove\/?page_id=2247"},"modified":"2023-03-26T16:31:39","modified_gmt":"2023-03-26T15:31:39","slug":"parking-systems","status":"publish","type":"page","link":"https:\/\/abermove.com\/fr\/products\/parking-systems\/","title":{"rendered":"(English) Parking Systems"},"content":{"rendered":"<p><\/p>\n<p>[vc_row][vc_column][vc_custom_heading text=\u00a0\u00bbSYST\u00c8MES DE STATIONNEMENT\u00a0\u00bb font_container=\u00a0\u00bbtag:h2|text_align:center\u00a0\u00bb use_theme_fonts=\u00a0\u00bbyes\u00a0\u00bb][\/vc_column][\/vc_row][vc_row][vc_column width=\u00a0\u00bb1\/2&Prime;]\n<div id=\"interactive-banner-1-wrap-2765\" class=\"ult-banner-block ult-adjust-bottom-margin ult-bb-none  banner-style01 \"   style=\"\">\n\t<img src=\"https:\/\/abermove.com\/wp-content\/uploads\/2017\/08\/ABERMOVE-Parkaber-Double-Parking-Duplo-Parqueamento-01.jpg\" alt=\"PARKABER - DOUBLE PARKING \">\n\t<h3  data-ultimate-target='#interactive-banner-1-wrap-2765 .bb-top-title '  data-responsive-json-new='{\"font-size\":\"\",\"line-height\":\"\"}'  class=\"title-left bb-top-title ult-responsive\" style=\"font-weight:normal;background:#242424;color:#ffffff;\">PARKABER - PARKING DOUBLE<\/h3>\n\t<div class=\"mask opaque-background\" style=\"background:;\">\n\t\t<div  data-ultimate-target='#interactive-banner-1-wrap-2765 .bb-description'  data-responsive-json-new='{\"font-size\":\"\",\"line-height\":\"\"}'  class=\"bb-description ult-responsive\" style=\"font-weight:normal;color:#ffffff;\">Parkaber est un ascenseur \u00e0 plate-forme qui permet le double stationnement des v\u00e9hicules, ne n\u00e9cessitant qu'une hauteur de 2,60 m.<\/div>\n\t<\/div>\n<\/div>\n<div id=\"interactive-banner-1-wrap-2379\" class=\"ult-banner-block ult-adjust-bottom-margin ult-bb-none  banner-style01 \"   style=\"\">\n\t<img src=\"https:\/\/abermove.com\/wp-content\/uploads\/2017\/08\/ABERMOVE-Revolving-platform-Plataforma-Rotativa-06.jpg\" alt=\"Revolving platform\">\n\t<h3  data-ultimate-target='#interactive-banner-1-wrap-2379 .bb-top-title '  data-responsive-json-new='{\"font-size\":\"\",\"line-height\":\"\"}'  class=\"title-left bb-top-title ult-responsive\" style=\"font-weight:normal;background:#242424;color:#ffffff;\">PLATES-FORMES TOURNANTES<\/h3>\n\t<div class=\"mask opaque-background\" style=\"background:;\">\n\t\t<div  data-ultimate-target='#interactive-banner-1-wrap-2379 .bb-description'  data-responsive-json-new='{\"font-size\":\"\",\"line-height\":\"\"}'  class=\"bb-description ult-responsive\" style=\"font-weight:normal;color:#ffffff;\">Les plates-formes tournantes ABER sont la solution id\u00e9ale pour man\u0153uvrer des v\u00e9hicules ou inverser des vitesses dans des espaces confin\u00e9s.<\/div>\n\t<\/div>\n<\/div>[\/vc_column][vc_column width=\u00a0\u00bb1\/2&Prime;]\n<div id=\"interactive-banner-1-wrap-8211\" class=\"ult-banner-block ult-adjust-bottom-margin ult-bb-none  banner-style01 \"   style=\"\">\n\t<img src=\"https:\/\/abermove.com\/wp-content\/uploads\/2017\/08\/ABERMOVE-Car-Lifts-Monta-Autos-11.jpg\" alt=\"CAR LIFTS\">\n\t<h3  data-ultimate-target='#interactive-banner-1-wrap-8211 .bb-top-title '  data-responsive-json-new='{\"font-size\":\"\",\"line-height\":\"\"}'  class=\"title-left bb-top-title ult-responsive\" style=\"font-weight:normal;background:#242424;color:#ffffff;\">\u00c9L\u00c9VATEURS DE VOITURES<\/h3>\n\t<div class=\"mask opaque-background\" style=\"background:;\">\n\t\t<div  data-ultimate-target='#interactive-banner-1-wrap-8211 .bb-description'  data-responsive-json-new='{\"font-size\":\"\",\"line-height\":\"\"}'  class=\"bb-description ult-responsive\" style=\"font-weight:normal;color:#ffffff;\">Les ponts \u00e9l\u00e9vateurs pour voitures sont des plates-formes de levage qui sont g\u00e9n\u00e9ralement utilis\u00e9es pour transporter une voiture de 2500 kg au cours d'une course verticale pouvant aller jusqu'\u00e0 12 m\u00e8tres. Leur fonctionnement est extr\u00eamement simple.<\/div>\n\t<\/div>\n<\/div>\n<div id=\"interactive-banner-1-wrap-5686\" class=\"ult-banner-block ult-adjust-bottom-margin ult-bb-none  banner-style01 \"   style=\"\">\n\t<img src=\"https:\/\/abermove.com\/wp-content\/uploads\/2017\/08\/ABERMOVE-Hydraulic-Stop-Car-Stop-Car-Hidr\u00e1ulico-01.jpg\" alt=\"null\">\n\t<h3  data-ultimate-target='#interactive-banner-1-wrap-5686 .bb-top-title '  data-responsive-json-new='{\"font-size\":\"\",\"line-height\":\"\"}'  class=\"title-left bb-top-title ult-responsive\" style=\"font-weight:normal;background:#242424;color:#ffffff;\">STOP CAR<\/h3>\n\t<div class=\"mask opaque-background\" style=\"background:;\">\n\t\t<div  data-ultimate-target='#interactive-banner-1-wrap-5686 .bb-description'  data-responsive-json-new='{\"font-size\":\"\",\"line-height\":\"\"}'  class=\"bb-description ult-responsive\" style=\"font-weight:normal;color:#ffffff;\">\u00c9viter le stationnement des voitures dans des endroits inappropri\u00e9s et la pollution de l'environnement est une t\u00e2che difficile \u00e0 r\u00e9soudre en certains points g\u00e9ographiques, en particulier dans les grands centres urbains.<\/div>\n\t<\/div>\n<\/div>[\/vc_column][\/vc_row]<\/p>\n<p><\/p>","protected":false},"excerpt":{"rendered":"<p>[vc_row][vc_column][vc_custom_heading text=\u00a0\u00bbSYST\u00c8MES DE STATIONNEMENT\u00a0\u00bb font_container=\u00a0\u00bbtag:h2|text_align:center\u00a0\u00bb use_theme_fonts=\u00a0\u00bbyes\u00a0\u00bb][\/vc_column][\/vc_row][vc_row][vc_column width=\u00a0\u00bb1\/2&Prime;][\/vc_column][vc_column width=\u00a0\u00bb1\/2&Prime;][\/vc_column][\/vc_row]<\/p>\n","protected":false},"author":1,"featured_media":0,"parent":2244,"menu_order":0,"comment_status":"closed","ping_status":"closed","template":"","meta":{"_monsterinsights_skip_tracking":false,"_monsterinsights_sitenote_active":false,"_monsterinsights_sitenote_note":"","_monsterinsights_sitenote_category":0},"yoast_head":"<!-- This site is optimized with the Yoast SEO plugin v19.2 - https:\/\/yoast.com\/wordpress\/plugins\/seo\/ -->\n<title>(Portugu\u00eas) (English) Parking Systems - ABERMOVE - Sistemas de Eleva\u00e7\u00e3o e Movimenta\u00e7\u00e3o<\/title>\n<meta name=\"description\" content=\"(Portugu\u00eas) Sistemas de Parqueamento - ABERMOVE - Sistemas de Eleva\u00e7\u00e3o e Movimenta\u00e7\u00e3o - PARKABER - DOUBLE PARKING, CAR LIFTS, REVOLVING PLATFORMS, ...\" \/>\n<meta name=\"robots\" content=\"index, follow, max-snippet:-1, max-image-preview:large, max-video-preview:-1\" \/>\n<link rel=\"canonical\" href=\"https:\/\/abermove.com\/products\/parking-systems\/\" \/>\n<meta property=\"og:locale\" content=\"fr_FR\" \/>\n<meta property=\"og:type\" content=\"article\" \/>\n<meta property=\"og:title\" content=\"[:pt](English) Parking Systems - ABERMOVE - Sistemas de Eleva\u00e7\u00e3o e Movimenta\u00e7\u00e3o [:]\" \/>\n<meta property=\"og:description\" content=\"{:pt}Sistemas de Parqueamento - ABERMOVE - Sistemas de Eleva\u00e7\u00e3o e Movimenta\u00e7\u00e3o - PARKABER - DOUBLE PARKING, CAR LIFTS, REVOLVING PLATFORMS, ...{:}\" \/>\n<meta property=\"og:url\" content=\"https:\/\/abermove.com\/products\/parking-systems\/\" \/>\n<meta property=\"og:site_name\" content=\"ABERMOVE\" \/>\n<meta property=\"article:modified_time\" content=\"2023-03-26T15:31:39+00:00\" \/>\n<meta name=\"author\" content=\"ABERMOVE\" \/>\n<meta name=\"twitter:card\" content=\"summary_large_image\" \/>\n<meta name=\"twitter:label1\" content=\"Dur\u00e9e de lecture estim\u00e9e\" \/>\n\t<meta name=\"twitter:data1\" content=\"1 minute\" \/>\n<script type=\"application\/ld+json\" class=\"yoast-schema-graph\">{\"@context\":\"https:\/\/schema.org\",\"@graph\":[{\"@type\":\"WebSite\",\"@id\":\"https:\/\/abermove.com\/#website\",\"url\":\"https:\/\/abermove.com\/\",\"name\":\"ABERMOVE\",\"description\":\"- eleva\u00e7\u00e3o e movimenta\u00e7\u00e3o\",\"potentialAction\":[{\"@type\":\"SearchAction\",\"target\":{\"@type\":\"EntryPoint\",\"urlTemplate\":\"https:\/\/abermove.com\/?s={search_term_string}\"},\"query-input\":\"required name=search_term_string\"}],\"inLanguage\":\"fr-FR\"},{\"@type\":\"WebPage\",\"@id\":\"https:\/\/abermove.com\/products\/parking-systems\/#webpage\",\"url\":\"https:\/\/abermove.com\/products\/parking-systems\/\",\"name\":\"[:pt](English) Parking Systems - ABERMOVE - Sistemas de Eleva\u00e7\u00e3o e Movimenta\u00e7\u00e3o [:]\",\"isPartOf\":{\"@id\":\"https:\/\/abermove.com\/#website\"},\"datePublished\":\"2017-11-20T08:44:59+00:00\",\"dateModified\":\"2023-03-26T15:31:39+00:00\",\"description\":\"{:pt}Sistemas de Parqueamento - ABERMOVE - Sistemas de Eleva\u00e7\u00e3o e Movimenta\u00e7\u00e3o - PARKABER - DOUBLE PARKING, CAR LIFTS, REVOLVING PLATFORMS, ...{:}\",\"breadcrumb\":{\"@id\":\"https:\/\/abermove.com\/products\/parking-systems\/#breadcrumb\"},\"inLanguage\":\"fr-FR\",\"potentialAction\":[{\"@type\":\"ReadAction\",\"target\":[\"https:\/\/abermove.com\/products\/parking-systems\/\"]}]},{\"@type\":\"BreadcrumbList\",\"@id\":\"https:\/\/abermove.com\/products\/parking-systems\/#breadcrumb\",\"itemListElement\":[{\"@type\":\"ListItem\",\"position\":1,\"name\":\"Home\",\"item\":\"https:\/\/abermove.com\/\"},{\"@type\":\"ListItem\",\"position\":2,\"name\":\"Products\",\"item\":\"https:\/\/abermove.com\/products\/\"},{\"@type\":\"ListItem\",\"position\":3,\"name\":\"Parking Systems\"}]}]}<\/script>\n<!-- \/ Yoast SEO plugin. -->","yoast_head_json":{"title":"(Portugu\u00eas) (English) Parking Systems - ABERMOVE - Sistemas de Eleva\u00e7\u00e3o e Movimenta\u00e7\u00e3o","description":"(Portugu\u00eas) Sistemas de Parqueamento - ABERMOVE - Sistemas de Eleva\u00e7\u00e3o e Movimenta\u00e7\u00e3o - PARKABER - DOUBLE PARKING, CAR LIFTS, REVOLVING PLATFORMS, ...","robots":{"index":"index","follow":"follow","max-snippet":"max-snippet:-1","max-image-preview":"max-image-preview:large","max-video-preview":"max-video-preview:-1"},"canonical":"https:\/\/abermove.com\/products\/parking-systems\/","og_locale":"fr_FR","og_type":"article","og_title":"[:pt](English) Parking Systems - ABERMOVE - Sistemas de Eleva\u00e7\u00e3o e Movimenta\u00e7\u00e3o [:]","og_description":"{:pt}Sistemas de Parqueamento - ABERMOVE - Sistemas de Eleva\u00e7\u00e3o e Movimenta\u00e7\u00e3o - PARKABER - DOUBLE PARKING, CAR LIFTS, REVOLVING PLATFORMS, ...{:}","og_url":"https:\/\/abermove.com\/products\/parking-systems\/","og_site_name":"ABERMOVE","article_modified_time":"2023-03-26T15:31:39+00:00","author":"ABERMOVE","twitter_card":"summary_large_image","twitter_misc":{"Dur\u00e9e de lecture estim\u00e9e":"1 minute"},"schema":{"@context":"https:\/\/schema.org","@graph":[{"@type":"WebSite","@id":"https:\/\/abermove.com\/#website","url":"https:\/\/abermove.com\/","name":"ABERMOVE","description":"- eleva\u00e7\u00e3o e movimenta\u00e7\u00e3o","potentialAction":[{"@type":"SearchAction","target":{"@type":"EntryPoint","urlTemplate":"https:\/\/abermove.com\/?s={search_term_string}"},"query-input":"required name=search_term_string"}],"inLanguage":"fr-FR"},{"@type":"WebPage","@id":"https:\/\/abermove.com\/products\/parking-systems\/#webpage","url":"https:\/\/abermove.com\/products\/parking-systems\/","name":"[:pt](English) Parking Systems - ABERMOVE - Sistemas de Eleva\u00e7\u00e3o e Movimenta\u00e7\u00e3o [:]","isPartOf":{"@id":"https:\/\/abermove.com\/#website"},"datePublished":"2017-11-20T08:44:59+00:00","dateModified":"2023-03-26T15:31:39+00:00","description":"{:pt}Sistemas de Parqueamento - ABERMOVE - Sistemas de Eleva\u00e7\u00e3o e Movimenta\u00e7\u00e3o - PARKABER - DOUBLE PARKING, CAR LIFTS, REVOLVING PLATFORMS, ...{:}","breadcrumb":{"@id":"https:\/\/abermove.com\/products\/parking-systems\/#breadcrumb"},"inLanguage":"fr-FR","potentialAction":[{"@type":"ReadAction","target":["https:\/\/abermove.com\/products\/parking-systems\/"]}]},{"@type":"BreadcrumbList","@id":"https:\/\/abermove.com\/products\/parking-systems\/#breadcrumb","itemListElement":[{"@type":"ListItem","position":1,"name":"Home","item":"https:\/\/abermove.com\/"},{"@type":"ListItem","position":2,"name":"Products","item":"https:\/\/abermove.com\/products\/"},{"@type":"ListItem","position":3,"name":"Parking Systems"}]}]}},"_links":{"self":[{"href":"https:\/\/abermove.com\/fr\/wp-json\/wp\/v2\/pages\/2247"}],"collection":[{"href":"https:\/\/abermove.com\/fr\/wp-json\/wp\/v2\/pages"}],"about":[{"href":"https:\/\/abermove.com\/fr\/wp-json\/wp\/v2\/types\/page"}],"author":[{"embeddable":true,"href":"https:\/\/abermove.com\/fr\/wp-json\/wp\/v2\/users\/1"}],"replies":[{"embeddable":true,"href":"https:\/\/abermove.com\/fr\/wp-json\/wp\/v2\/comments?post=2247"}],"version-history":[{"count":8,"href":"https:\/\/abermove.com\/fr\/wp-json\/wp\/v2\/pages\/2247\/revisions"}],"predecessor-version":[{"id":3083,"href":"https:\/\/abermove.com\/fr\/wp-json\/wp\/v2\/pages\/2247\/revisions\/3083"}],"up":[{"embeddable":true,"href":"https:\/\/abermove.com\/fr\/wp-json\/wp\/v2\/pages\/2244"}],"wp:attachment":[{"href":"https:\/\/abermove.com\/fr\/wp-json\/wp\/v2\/media?parent=2247"}],"curies":[{"name":"wp","href":"https:\/\/api.w.org\/{rel}","templated":true}]}}