{"id":2292,"date":"2017-11-22T12:59:10","date_gmt":"2017-11-22T12:59:10","guid":{"rendered":"http:\/\/212.129.25.185\/~abermove\/?page_id=2292"},"modified":"2023-03-26T16:33:11","modified_gmt":"2023-03-26T15:33:11","slug":"stop-car","status":"publish","type":"page","link":"https:\/\/abermove.com\/fr\/products\/parking-systems\/stop-car\/","title":{"rendered":"STOP Car"},"content":{"rendered":"<p class=\"qtranxs-available-languages-message qtranxs-available-languages-message-fr\">D\u00e9sol\u00e9, cet article est seulement disponible en <a href=\"https:\/\/abermove.com\/en\/wp-json\/wp\/v2\/pages\/2292\" class=\"qtranxs-available-language-link qtranxs-available-language-link-en\" title=\"English\">Anglais Am\u00e9ricain<\/a> et <a href=\"https:\/\/abermove.com\/pt\/wp-json\/wp\/v2\/pages\/2292\" class=\"qtranxs-available-language-link qtranxs-available-language-link-pt\" title=\"Portugu\u00eas\">Portugais Europ\u00e9en<\/a>.<\/p>","protected":false},"excerpt":{"rendered":"<p>D\u00e9sol\u00e9, cet article est seulement disponible en Anglais Am\u00e9ricain et Portugais Europ\u00e9en.<\/p>\n","protected":false},"author":2,"featured_media":0,"parent":2247,"menu_order":0,"comment_status":"closed","ping_status":"closed","template":"","meta":{"_monsterinsights_skip_tracking":false,"_monsterinsights_sitenote_active":false,"_monsterinsights_sitenote_note":"","_monsterinsights_sitenote_category":0},"yoast_head":"<!-- This site is optimized with the Yoast SEO plugin v19.2 - https:\/\/yoast.com\/wordpress\/plugins\/seo\/ -->\n<title>(Portugu\u00eas) STOP Car - ABERMOVE - Sistemas de Eleva\u00e7\u00e3o e Movimenta\u00e7\u00e3o<\/title>\n<meta name=\"description\" content=\"(Portugu\u00eas) STOP Car - ABERMOVE - Sistemas de Eleva\u00e7\u00e3o e Movimenta\u00e7\u00e3o - A preocupa\u00e7\u00e3o com o lugar de estacionamento \u00e9 um problema com que muitos cidad\u00e3os.\" \/>\n<meta name=\"robots\" content=\"index, follow, max-snippet:-1, max-image-preview:large, max-video-preview:-1\" \/>\n<link rel=\"canonical\" href=\"https:\/\/abermove.com\/products\/parking-systems\/stop-car\/\" \/>\n<meta property=\"og:locale\" content=\"fr_FR\" \/>\n<meta property=\"og:type\" content=\"article\" \/>\n<meta property=\"og:title\" content=\"[:pt]STOP Car - ABERMOVE - Sistemas de Eleva\u00e7\u00e3o e Movimenta\u00e7\u00e3o [:]\" \/>\n<meta property=\"og:description\" content=\"{:pt}STOP Car - ABERMOVE - Sistemas de Eleva\u00e7\u00e3o e Movimenta\u00e7\u00e3o - A preocupa\u00e7\u00e3o com o lugar de estacionamento \u00e9 um problema com que muitos cidad\u00e3os.{:}\" \/>\n<meta property=\"og:url\" content=\"https:\/\/abermove.com\/products\/parking-systems\/stop-car\/\" \/>\n<meta property=\"og:site_name\" content=\"ABERMOVE\" \/>\n<meta property=\"article:modified_time\" content=\"2023-03-26T15:33:11+00:00\" \/>\n<meta name=\"author\" content=\"ABERMOVE\" \/>\n<meta name=\"twitter:card\" content=\"summary_large_image\" \/>\n<meta name=\"twitter:label1\" content=\"Dur\u00e9e de lecture estim\u00e9e\" \/>\n\t<meta name=\"twitter:data1\" content=\"1 minute\" \/>\n<script type=\"application\/ld+json\" class=\"yoast-schema-graph\">{\"@context\":\"https:\/\/schema.org\",\"@graph\":[{\"@type\":\"WebSite\",\"@id\":\"https:\/\/abermove.com\/#website\",\"url\":\"https:\/\/abermove.com\/\",\"name\":\"ABERMOVE\",\"description\":\"- eleva\u00e7\u00e3o e movimenta\u00e7\u00e3o\",\"potentialAction\":[{\"@type\":\"SearchAction\",\"target\":{\"@type\":\"EntryPoint\",\"urlTemplate\":\"https:\/\/abermove.com\/?s={search_term_string}\"},\"query-input\":\"required name=search_term_string\"}],\"inLanguage\":\"fr-FR\"},{\"@type\":\"WebPage\",\"@id\":\"https:\/\/abermove.com\/products\/parking-systems\/stop-car\/#webpage\",\"url\":\"https:\/\/abermove.com\/products\/parking-systems\/stop-car\/\",\"name\":\"[:pt]STOP Car - ABERMOVE - Sistemas de Eleva\u00e7\u00e3o e Movimenta\u00e7\u00e3o [:]\",\"isPartOf\":{\"@id\":\"https:\/\/abermove.com\/#website\"},\"datePublished\":\"2017-11-22T12:59:10+00:00\",\"dateModified\":\"2023-03-26T15:33:11+00:00\",\"description\":\"{:pt}STOP Car - ABERMOVE - Sistemas de Eleva\u00e7\u00e3o e Movimenta\u00e7\u00e3o - A preocupa\u00e7\u00e3o com o lugar de estacionamento \u00e9 um problema com que muitos cidad\u00e3os.{:}\",\"breadcrumb\":{\"@id\":\"https:\/\/abermove.com\/products\/parking-systems\/stop-car\/#breadcrumb\"},\"inLanguage\":\"fr-FR\",\"potentialAction\":[{\"@type\":\"ReadAction\",\"target\":[\"https:\/\/abermove.com\/products\/parking-systems\/stop-car\/\"]}]},{\"@type\":\"BreadcrumbList\",\"@id\":\"https:\/\/abermove.com\/products\/parking-systems\/stop-car\/#breadcrumb\",\"itemListElement\":[{\"@type\":\"ListItem\",\"position\":1,\"name\":\"Home\",\"item\":\"https:\/\/abermove.com\/\"},{\"@type\":\"ListItem\",\"position\":2,\"name\":\"Products\",\"item\":\"https:\/\/abermove.com\/products\/\"},{\"@type\":\"ListItem\",\"position\":3,\"name\":\"Parking Systems\",\"item\":\"https:\/\/abermove.com\/products\/parking-systems\/\"},{\"@type\":\"ListItem\",\"position\":4,\"name\":\"STOP Car\"}]}]}<\/script>\n<!-- \/ Yoast SEO plugin. -->","yoast_head_json":{"title":"(Portugu\u00eas) STOP Car - ABERMOVE - Sistemas de Eleva\u00e7\u00e3o e Movimenta\u00e7\u00e3o","description":"(Portugu\u00eas) STOP Car - ABERMOVE - Sistemas de Eleva\u00e7\u00e3o e Movimenta\u00e7\u00e3o - A preocupa\u00e7\u00e3o com o lugar de estacionamento \u00e9 um problema com que muitos cidad\u00e3os.","robots":{"index":"index","follow":"follow","max-snippet":"max-snippet:-1","max-image-preview":"max-image-preview:large","max-video-preview":"max-video-preview:-1"},"canonical":"https:\/\/abermove.com\/products\/parking-systems\/stop-car\/","og_locale":"fr_FR","og_type":"article","og_title":"[:pt]STOP Car - ABERMOVE - Sistemas de Eleva\u00e7\u00e3o e Movimenta\u00e7\u00e3o [:]","og_description":"{:pt}STOP Car - ABERMOVE - Sistemas de Eleva\u00e7\u00e3o e Movimenta\u00e7\u00e3o - A preocupa\u00e7\u00e3o com o lugar de estacionamento \u00e9 um problema com que muitos cidad\u00e3os.{:}","og_url":"https:\/\/abermove.com\/products\/parking-systems\/stop-car\/","og_site_name":"ABERMOVE","article_modified_time":"2023-03-26T15:33:11+00:00","author":"ABERMOVE","twitter_card":"summary_large_image","twitter_misc":{"Dur\u00e9e de lecture estim\u00e9e":"1 minute"},"schema":{"@context":"https:\/\/schema.org","@graph":[{"@type":"WebSite","@id":"https:\/\/abermove.com\/#website","url":"https:\/\/abermove.com\/","name":"ABERMOVE","description":"- eleva\u00e7\u00e3o e movimenta\u00e7\u00e3o","potentialAction":[{"@type":"SearchAction","target":{"@type":"EntryPoint","urlTemplate":"https:\/\/abermove.com\/?s={search_term_string}"},"query-input":"required name=search_term_string"}],"inLanguage":"fr-FR"},{"@type":"WebPage","@id":"https:\/\/abermove.com\/products\/parking-systems\/stop-car\/#webpage","url":"https:\/\/abermove.com\/products\/parking-systems\/stop-car\/","name":"[:pt]STOP Car - ABERMOVE - Sistemas de Eleva\u00e7\u00e3o e Movimenta\u00e7\u00e3o [:]","isPartOf":{"@id":"https:\/\/abermove.com\/#website"},"datePublished":"2017-11-22T12:59:10+00:00","dateModified":"2023-03-26T15:33:11+00:00","description":"{:pt}STOP Car - ABERMOVE - Sistemas de Eleva\u00e7\u00e3o e Movimenta\u00e7\u00e3o - A preocupa\u00e7\u00e3o com o lugar de estacionamento \u00e9 um problema com que muitos cidad\u00e3os.{:}","breadcrumb":{"@id":"https:\/\/abermove.com\/products\/parking-systems\/stop-car\/#breadcrumb"},"inLanguage":"fr-FR","potentialAction":[{"@type":"ReadAction","target":["https:\/\/abermove.com\/products\/parking-systems\/stop-car\/"]}]},{"@type":"BreadcrumbList","@id":"https:\/\/abermove.com\/products\/parking-systems\/stop-car\/#breadcrumb","itemListElement":[{"@type":"ListItem","position":1,"name":"Home","item":"https:\/\/abermove.com\/"},{"@type":"ListItem","position":2,"name":"Products","item":"https:\/\/abermove.com\/products\/"},{"@type":"ListItem","position":3,"name":"Parking Systems","item":"https:\/\/abermove.com\/products\/parking-systems\/"},{"@type":"ListItem","position":4,"name":"STOP Car"}]}]}},"_links":{"self":[{"href":"https:\/\/abermove.com\/fr\/wp-json\/wp\/v2\/pages\/2292"}],"collection":[{"href":"https:\/\/abermove.com\/fr\/wp-json\/wp\/v2\/pages"}],"about":[{"href":"https:\/\/abermove.com\/fr\/wp-json\/wp\/v2\/types\/page"}],"author":[{"embeddable":true,"href":"https:\/\/abermove.com\/fr\/wp-json\/wp\/v2\/users\/2"}],"replies":[{"embeddable":true,"href":"https:\/\/abermove.com\/fr\/wp-json\/wp\/v2\/comments?post=2292"}],"version-history":[{"count":20,"href":"https:\/\/abermove.com\/fr\/wp-json\/wp\/v2\/pages\/2292\/revisions"}],"predecessor-version":[{"id":3084,"href":"https:\/\/abermove.com\/fr\/wp-json\/wp\/v2\/pages\/2292\/revisions\/3084"}],"up":[{"embeddable":true,"href":"https:\/\/abermove.com\/fr\/wp-json\/wp\/v2\/pages\/2247"}],"wp:attachment":[{"href":"https:\/\/abermove.com\/fr\/wp-json\/wp\/v2\/media?parent=2292"}],"curies":[{"name":"wp","href":"https:\/\/api.w.org\/{rel}","templated":true}]}}