{"id":2303,"date":"2017-11-22T14:54:14","date_gmt":"2017-11-22T14:54:14","guid":{"rendered":"http:\/\/212.129.25.185\/~abermove\/?page_id=2303"},"modified":"2023-03-26T16:43:10","modified_gmt":"2023-03-26T15:43:10","slug":"working-systems","status":"publish","type":"page","link":"https:\/\/abermove.com\/fr\/products\/working-systems\/","title":{"rendered":"SYST\u00c8MES INDUSTRIELS"},"content":{"rendered":"<p><\/p>\n<p>[vc_row][vc_column][vc_custom_heading text=\u00a0\u00bbSYST\u00c8MES INDUSTRIELS\u00a0\u00bb font_container=\u00a0\u00bbtag:h2|text_align:center\u00a0\u00bb use_theme_fonts=\u00a0\u00bbyes\u00a0\u00bb][\/vc_column][\/vc_row][vc_row][vc_column width=\u00a0\u00bb1\/2&Prime;]\n<div id=\"interactive-banner-1-wrap-5235\" class=\"ult-banner-block ult-adjust-bottom-margin ult-bb-box  banner-style01 \"   style=\"\">\n\t<img src=\"https:\/\/abermove.com\/wp-content\/uploads\/2017\/11\/Monta-cargas-1.jpg\" alt=\"Sistemas Industriais - ABERMOVE\">\n\t<h3  data-ultimate-target='#interactive-banner-1-wrap-5235 .bb-top-title '  data-responsive-json-new='{\"font-size\":\"\",\"line-height\":\"\"}'  class=\"title-left bb-top-title ult-responsive\" style=\"font-weight:normal;background:#242424;color:#ffffff;\">MONTAGE DE LA CHARGE<\/h3>\n\t<div class=\"mask opaque-background\" style=\"background:;\">\n\t\t<div  data-ultimate-target='#interactive-banner-1-wrap-5235 .bb-description'  data-responsive-json-new='{\"font-size\":\"\",\"line-height\":\"\"}'  class=\"bb-description ult-responsive\" style=\"font-weight:normal;color:#ffffff;\">Les monte-charges ABER sont des \u00e9quipements con\u00e7us pour le levage vertical de charges uniform\u00e9ment r\u00e9parties. Ils peuvent \u00eatre install\u00e9s \u00e0 l'int\u00e9rieur ou \u00e0 l'ext\u00e9rieur des b\u00e2timents.<\/div>\n\t<\/div><a class=\"bb-link\" href=\"https:\/\/abermove.com\/products\/working-systems\/column-lifts\/\"   ><\/a>\n<\/div>\n<div id=\"interactive-banner-1-wrap-9505\" class=\"ult-banner-block ult-adjust-bottom-margin ult-bb-box  banner-style01 \"   style=\"\">\n\t<img src=\"https:\/\/abermove.com\/wp-content\/uploads\/2017\/11\/Nivelador-de-cais-7.jpg\" alt=\"null\">\n\t<h3  data-ultimate-target='#interactive-banner-1-wrap-9505 .bb-top-title '  data-responsive-json-new='{\"font-size\":\"\",\"line-height\":\"\"}'  class=\"title-left bb-top-title ult-responsive\" style=\"font-weight:normal;background:#242424;color:#ffffff;\">NIVELEURS DE QUAI<\/h3>\n\t<div class=\"mask opaque-background\" style=\"background:;\">\n\t\t<div  data-ultimate-target='#interactive-banner-1-wrap-9505 .bb-description'  data-responsive-json-new='{\"font-size\":\"\",\"line-height\":\"\"}'  class=\"bb-description ult-responsive\" style=\"font-weight:normal;color:#ffffff;\">Les niveleurs de quai ABER constituent le pont parfait entre la plate-forme du camion et le sol de l'entrep\u00f4t, facilitant consid\u00e9rablement les op\u00e9rations de chargement et de d\u00e9chargement.<\/div>\n\t<\/div><a class=\"bb-link\" href=\"https:\/\/abermove.com\/products\/working-systems\/dock-levellers\/\"   ><\/a>\n<\/div>[\/vc_column][vc_column width=\u00a0\u00bb1\/2&Prime;]\n<div id=\"interactive-banner-1-wrap-9824\" class=\"ult-banner-block ult-adjust-bottom-margin ult-bb-box  banner-style01 \"   style=\"\">\n\t<img src=\"https:\/\/abermove.com\/wp-content\/uploads\/2017\/11\/Tesoura-Movel-2.jpg\" alt=\"null\">\n\t<h3  data-ultimate-target='#interactive-banner-1-wrap-9824 .bb-top-title '  data-responsive-json-new='{\"font-size\":\"\",\"line-height\":\"\"}'  class=\"title-left bb-top-title ult-responsive\" style=\"font-weight:normal;background:#242424;color:#ffffff;\">PLATE-FORME \u00c9L\u00c9VATRICE MOBILE<\/h3>\n\t<div class=\"mask opaque-background\" style=\"background:;\">\n\t\t<div  data-ultimate-target='#interactive-banner-1-wrap-9824 .bb-description'  data-responsive-json-new='{\"font-size\":\"\",\"line-height\":\"\"}'  class=\"bb-description ult-responsive\" style=\"font-weight:normal;color:#ffffff;\">Les plates-formes \u00e9l\u00e9vatrices mobiles PLATABER sont utilis\u00e9es pour le transport de charges ou de personnes \u00e0 l'int\u00e9rieur et \u00e0 l'ext\u00e9rieur.<\/div>\n\t<\/div><a class=\"bb-link\" href=\"https:\/\/abermove.com\/pt\/products\/working-systems\/mobile-scissors-lifts\/\"   ><\/a>\n<\/div>\n<div id=\"interactive-banner-1-wrap-7744\" class=\"ult-banner-block ult-adjust-bottom-margin ult-bb-box  banner-style01 \"   style=\"\">\n\t<img src=\"https:\/\/abermove.com\/wp-content\/uploads\/2017\/11\/Tesoura-elevat\u00f3ria-13.jpg\" alt=\"null\">\n\t<h3  data-ultimate-target='#interactive-banner-1-wrap-7744 .bb-top-title '  data-responsive-json-new='{\"font-size\":\"\",\"line-height\":\"\"}'  class=\"title-left bb-top-title ult-responsive\" style=\"font-weight:normal;background:#242424;color:#ffffff;\">PLATES-FORMES \u00c9L\u00c9VATRICES \u00c0 CISEAUX<\/h3>\n\t<div class=\"mask opaque-background\" style=\"background:;\">\n\t\t<div  data-ultimate-target='#interactive-banner-1-wrap-7744 .bb-description'  data-responsive-json-new='{\"font-size\":\"\",\"line-height\":\"\"}'  class=\"bb-description ult-responsive\" style=\"font-weight:normal;color:#ffffff;\">Plate-forme ou table \u00e9l\u00e9vatrice ne n\u00e9cessitant pas de supports lat\u00e9raux tels que des murs, compos\u00e9e d'un ensemble de barres articul\u00e9es comme forme de d\u00e9placement, et d'une unit\u00e9 hydraulique comme force motrice.<\/div>\n\t<\/div><a class=\"bb-link\" href=\"https:\/\/abermove.com\/pt\/products\/working-systems\/scissors-lift-platforms\/\" target='_blank'  ><\/a>\n<\/div>[\/vc_column][\/vc_row]<\/p>\n<p><\/p>","protected":false},"excerpt":{"rendered":"<p>[vc_row][vc_column][vc_custom_heading text=\u00a0\u00bbSYST\u00c8MES INDUSTRIELS\u00a0\u00bb font_container=\u00a0\u00bbtag:h2|text_align:center\u00a0\u00bb use_theme_fonts=\u00a0\u00bbyes\u00a0\u00bb][\/vc_column][\/vc_row][vc_row][vc_column width=\u00a0\u00bb1\/2&Prime;][\/vc_column][vc_column width=\u00a0\u00bb1\/2&Prime;][\/vc_column][\/vc_row]<\/p>\n","protected":false},"author":2,"featured_media":0,"parent":2244,"menu_order":0,"comment_status":"closed","ping_status":"closed","template":"","meta":{"_monsterinsights_skip_tracking":false,"_monsterinsights_sitenote_active":false,"_monsterinsights_sitenote_note":"","_monsterinsights_sitenote_category":0},"yoast_head":"<!-- This site is optimized with the Yoast SEO plugin v19.2 - https:\/\/yoast.com\/wordpress\/plugins\/seo\/ -->\n<title>(Portugu\u00eas) SYST\u00c8MES INDUSTRIELS - ABERMOVE - Sistemas de Eleva\u00e7\u00e3o e Movimenta\u00e7\u00e3o<\/title>\n<meta name=\"description\" content=\"(Portugu\u00eas) Sistemas Industriais - ABERMOVE - Sistemas de Eleva\u00e7\u00e3o e Movimenta\u00e7\u00e3o - MONTA-CARGAS, NIVELADORES DE CAIS, PLATAFORMA ELEVAT\u00d3RIA MOVEL, ...\" \/>\n<meta name=\"robots\" content=\"index, follow, max-snippet:-1, max-image-preview:large, max-video-preview:-1\" \/>\n<link rel=\"canonical\" href=\"https:\/\/abermove.com\/products\/working-systems\/\" \/>\n<meta property=\"og:locale\" content=\"fr_FR\" \/>\n<meta property=\"og:type\" content=\"article\" \/>\n<meta property=\"og:title\" content=\"[:pt]SYST\u00c8MES INDUSTRIELS - ABERMOVE - Sistemas de Eleva\u00e7\u00e3o e Movimenta\u00e7\u00e3o [:]\" \/>\n<meta property=\"og:description\" content=\"{:pt}Sistemas Industriais - ABERMOVE - Sistemas de Eleva\u00e7\u00e3o e Movimenta\u00e7\u00e3o - MONTA-CARGAS, NIVELADORES DE CAIS, PLATAFORMA ELEVAT\u00d3RIA MOVEL, ...{:}\" \/>\n<meta property=\"og:url\" content=\"https:\/\/abermove.com\/products\/working-systems\/\" \/>\n<meta property=\"og:site_name\" content=\"ABERMOVE\" \/>\n<meta property=\"article:modified_time\" content=\"2023-03-26T15:43:10+00:00\" \/>\n<meta name=\"author\" content=\"ABERMOVE\" \/>\n<meta name=\"twitter:card\" content=\"summary_large_image\" \/>\n<meta name=\"twitter:label1\" content=\"Dur\u00e9e de lecture estim\u00e9e\" \/>\n\t<meta name=\"twitter:data1\" content=\"1 minute\" \/>\n<script type=\"application\/ld+json\" class=\"yoast-schema-graph\">{\"@context\":\"https:\/\/schema.org\",\"@graph\":[{\"@type\":\"WebSite\",\"@id\":\"https:\/\/abermove.com\/#website\",\"url\":\"https:\/\/abermove.com\/\",\"name\":\"ABERMOVE\",\"description\":\"- eleva\u00e7\u00e3o e movimenta\u00e7\u00e3o\",\"potentialAction\":[{\"@type\":\"SearchAction\",\"target\":{\"@type\":\"EntryPoint\",\"urlTemplate\":\"https:\/\/abermove.com\/?s={search_term_string}\"},\"query-input\":\"required name=search_term_string\"}],\"inLanguage\":\"fr-FR\"},{\"@type\":\"WebPage\",\"@id\":\"https:\/\/abermove.com\/products\/working-systems\/#webpage\",\"url\":\"https:\/\/abermove.com\/products\/working-systems\/\",\"name\":\"[:pt]SYST\u00c8MES INDUSTRIELS - ABERMOVE - Sistemas de Eleva\u00e7\u00e3o e Movimenta\u00e7\u00e3o [:]\",\"isPartOf\":{\"@id\":\"https:\/\/abermove.com\/#website\"},\"datePublished\":\"2017-11-22T14:54:14+00:00\",\"dateModified\":\"2023-03-26T15:43:10+00:00\",\"description\":\"{:pt}Sistemas Industriais - ABERMOVE - Sistemas de Eleva\u00e7\u00e3o e Movimenta\u00e7\u00e3o - MONTA-CARGAS, NIVELADORES DE CAIS, PLATAFORMA ELEVAT\u00d3RIA MOVEL, ...{:}\",\"breadcrumb\":{\"@id\":\"https:\/\/abermove.com\/products\/working-systems\/#breadcrumb\"},\"inLanguage\":\"fr-FR\",\"potentialAction\":[{\"@type\":\"ReadAction\",\"target\":[\"https:\/\/abermove.com\/products\/working-systems\/\"]}]},{\"@type\":\"BreadcrumbList\",\"@id\":\"https:\/\/abermove.com\/products\/working-systems\/#breadcrumb\",\"itemListElement\":[{\"@type\":\"ListItem\",\"position\":1,\"name\":\"Home\",\"item\":\"https:\/\/abermove.com\/\"},{\"@type\":\"ListItem\",\"position\":2,\"name\":\"Products\",\"item\":\"https:\/\/abermove.com\/products\/\"},{\"@type\":\"ListItem\",\"position\":3,\"name\":\"Working Systems\"}]}]}<\/script>\n<!-- \/ Yoast SEO plugin. -->","yoast_head_json":{"title":"(Portugu\u00eas) SYST\u00c8MES INDUSTRIELS - ABERMOVE - Sistemas de Eleva\u00e7\u00e3o e Movimenta\u00e7\u00e3o","description":"(Portugu\u00eas) Sistemas Industriais - ABERMOVE - Sistemas de Eleva\u00e7\u00e3o e Movimenta\u00e7\u00e3o - MONTA-CARGAS, NIVELADORES DE CAIS, PLATAFORMA ELEVAT\u00d3RIA MOVEL, ...","robots":{"index":"index","follow":"follow","max-snippet":"max-snippet:-1","max-image-preview":"max-image-preview:large","max-video-preview":"max-video-preview:-1"},"canonical":"https:\/\/abermove.com\/products\/working-systems\/","og_locale":"fr_FR","og_type":"article","og_title":"[:pt]SYST\u00c8MES INDUSTRIELS - ABERMOVE - Sistemas de Eleva\u00e7\u00e3o e Movimenta\u00e7\u00e3o [:]","og_description":"{:pt}Sistemas Industriais - ABERMOVE - Sistemas de Eleva\u00e7\u00e3o e Movimenta\u00e7\u00e3o - MONTA-CARGAS, NIVELADORES DE CAIS, PLATAFORMA ELEVAT\u00d3RIA MOVEL, ...{:}","og_url":"https:\/\/abermove.com\/products\/working-systems\/","og_site_name":"ABERMOVE","article_modified_time":"2023-03-26T15:43:10+00:00","author":"ABERMOVE","twitter_card":"summary_large_image","twitter_misc":{"Dur\u00e9e de lecture estim\u00e9e":"1 minute"},"schema":{"@context":"https:\/\/schema.org","@graph":[{"@type":"WebSite","@id":"https:\/\/abermove.com\/#website","url":"https:\/\/abermove.com\/","name":"ABERMOVE","description":"- eleva\u00e7\u00e3o e movimenta\u00e7\u00e3o","potentialAction":[{"@type":"SearchAction","target":{"@type":"EntryPoint","urlTemplate":"https:\/\/abermove.com\/?s={search_term_string}"},"query-input":"required name=search_term_string"}],"inLanguage":"fr-FR"},{"@type":"WebPage","@id":"https:\/\/abermove.com\/products\/working-systems\/#webpage","url":"https:\/\/abermove.com\/products\/working-systems\/","name":"[:pt]SYST\u00c8MES INDUSTRIELS - ABERMOVE - Sistemas de Eleva\u00e7\u00e3o e Movimenta\u00e7\u00e3o [:]","isPartOf":{"@id":"https:\/\/abermove.com\/#website"},"datePublished":"2017-11-22T14:54:14+00:00","dateModified":"2023-03-26T15:43:10+00:00","description":"{:pt}Sistemas Industriais - ABERMOVE - Sistemas de Eleva\u00e7\u00e3o e Movimenta\u00e7\u00e3o - MONTA-CARGAS, NIVELADORES DE CAIS, PLATAFORMA ELEVAT\u00d3RIA MOVEL, ...{:}","breadcrumb":{"@id":"https:\/\/abermove.com\/products\/working-systems\/#breadcrumb"},"inLanguage":"fr-FR","potentialAction":[{"@type":"ReadAction","target":["https:\/\/abermove.com\/products\/working-systems\/"]}]},{"@type":"BreadcrumbList","@id":"https:\/\/abermove.com\/products\/working-systems\/#breadcrumb","itemListElement":[{"@type":"ListItem","position":1,"name":"Home","item":"https:\/\/abermove.com\/"},{"@type":"ListItem","position":2,"name":"Products","item":"https:\/\/abermove.com\/products\/"},{"@type":"ListItem","position":3,"name":"Working Systems"}]}]}},"_links":{"self":[{"href":"https:\/\/abermove.com\/fr\/wp-json\/wp\/v2\/pages\/2303"}],"collection":[{"href":"https:\/\/abermove.com\/fr\/wp-json\/wp\/v2\/pages"}],"about":[{"href":"https:\/\/abermove.com\/fr\/wp-json\/wp\/v2\/types\/page"}],"author":[{"embeddable":true,"href":"https:\/\/abermove.com\/fr\/wp-json\/wp\/v2\/users\/2"}],"replies":[{"embeddable":true,"href":"https:\/\/abermove.com\/fr\/wp-json\/wp\/v2\/comments?post=2303"}],"version-history":[{"count":4,"href":"https:\/\/abermove.com\/fr\/wp-json\/wp\/v2\/pages\/2303\/revisions"}],"predecessor-version":[{"id":3090,"href":"https:\/\/abermove.com\/fr\/wp-json\/wp\/v2\/pages\/2303\/revisions\/3090"}],"up":[{"embeddable":true,"href":"https:\/\/abermove.com\/fr\/wp-json\/wp\/v2\/pages\/2244"}],"wp:attachment":[{"href":"https:\/\/abermove.com\/fr\/wp-json\/wp\/v2\/media?parent=2303"}],"curies":[{"name":"wp","href":"https:\/\/api.w.org\/{rel}","templated":true}]}}