{"id":2357,"date":"2018-10-24T15:25:34","date_gmt":"2018-10-24T14:25:34","guid":{"rendered":"http:\/\/212.129.25.185\/~abermove\/?page_id=2357"},"modified":"2023-03-26T16:23:30","modified_gmt":"2023-03-26T15:23:30","slug":"home-systems","status":"publish","type":"page","link":"https:\/\/abermove.com\/fr\/products\/home-systems\/","title":{"rendered":"Syst\u00e8mes domestiques"},"content":{"rendered":"<p><\/p>\n<p>[vc_row][vc_column][vc_custom_heading text=\u00a0\u00bbSYST\u00c8MES R\u00c9SIDENTIELS\u00a0\u00bb font_container=\u00a0\u00bbtag:h2|text_align:center\u00a0\u00bb use_theme_fonts=\u00a0\u00bbyes\u00a0\u00bb][vc_video link=\u00a0\u00bbhttps:\/\/youtu.be\/TNmqO8Slitw\u00a0\u00bb][\/vc_column][\/vc_row][vc_row][vc_column width=\u00a0\u00bb1\/2&Prime;]\n<div id=\"interactive-banner-1-wrap-9118\" class=\"ult-banner-block ult-adjust-bottom-margin ult-bb-box  banner-style01 \"   style=\"\">\n\t<img src=\"https:\/\/abermove.com\/wp-content\/uploads\/2017\/11\/Acessibilidade-9.jpg\" alt=\"Sistemas Residenciais - ABERMOVE\">\n\t<h3  data-ultimate-target='#interactive-banner-1-wrap-9118 .bb-top-title '  data-responsive-json-new='{\"font-size\":\"\",\"line-height\":\"\"}'  class=\"title-left bb-top-title ult-responsive\" style=\"font-weight:normal;background:#242424;color:#ffffff;\">PLATE-FORME D'ACCESSIBILIT\u00c9<\/h3>\n\t<div class=\"mask opaque-background\" style=\"background:;\">\n\t\t<div  data-ultimate-target='#interactive-banner-1-wrap-9118 .bb-description'  data-responsive-json-new='{\"font-size\":\"\",\"line-height\":\"\"}'  class=\"bb-description ult-responsive\" style=\"font-weight:normal;color:#ffffff;\">La plate-forme d'accessibilit\u00e9 ABER assure le transport des personnes en fauteuil roulant et est sp\u00e9cialement adapt\u00e9e \u00e0 l'installation dans les petits espaces.<\/div>\n\t<\/div><a class=\"bb-link\" href=\"https:\/\/abermove.com\/products\/home-systems\/accessibility\/\"   ><\/a>\n<\/div>\n<div id=\"interactive-banner-1-wrap-9855\" class=\"ult-banner-block ult-adjust-bottom-margin ult-bb-box  banner-style01 \"   style=\"\">\n\t<img src=\"https:\/\/abermove.com\/wp-content\/uploads\/2017\/11\/Monta-Pratos-1.jpg\" alt=\"null\">\n\t<h3  data-ultimate-target='#interactive-banner-1-wrap-9855 .bb-top-title '  data-responsive-json-new='{\"font-size\":\"\",\"line-height\":\"\"}'  class=\"title-left bb-top-title ult-responsive\" style=\"font-weight:normal;background:#242424;color:#ffffff;\">MONTA PRATOSL'ASSEMBLAGE DES PLATS<\/h3>\n\t<div class=\"mask opaque-background\" style=\"background:;\">\n\t\t<div  data-ultimate-target='#interactive-banner-1-wrap-9855 .bb-description'  data-responsive-json-new='{\"font-size\":\"\",\"line-height\":\"\"}'  class=\"bb-description ult-responsive\" style=\"font-weight:normal;color:#ffffff;\">Les monte-plats ABER sont des \u00e9quipements de petite taille, con\u00e7us pour le transport vertical de petites charges uniform\u00e9ment r\u00e9parties. Ils sont couramment utilis\u00e9s dans les restaurants, les p\u00e2tisseries, les foyers, les biblioth\u00e8ques et les salles de consultation, entre autres.<\/div>\n\t<\/div><a class=\"bb-link\" href=\"https:\/\/abermove.com\/products\/home-systems\/mounting-plates\/\"   ><\/a>\n<\/div>[\/vc_column][vc_column width=\u00a0\u00bb1\/2&Prime;]\n<div id=\"interactive-banner-1-wrap-1883\" class=\"ult-banner-block ult-adjust-bottom-margin ult-bb-box  banner-style01 \"   style=\"\">\n\t<img src=\"https:\/\/abermove.com\/wp-content\/uploads\/2017\/11\/Home-Lift-600-01-1.jpg\" alt=\"Elevadores Residenciais - ABERMOVE\">\n\t<h3  data-ultimate-target='#interactive-banner-1-wrap-1883 .bb-top-title '  data-responsive-json-new='{\"font-size\":\"\",\"line-height\":\"\"}'  class=\"title-left bb-top-title ult-responsive\" style=\"font-weight:normal;background:#242424;color:#ffffff;\">ASCENSEURS R\u00c9SIDENTIELS<\/h3>\n\t<div class=\"mask opaque-background\" style=\"background:;\">\n\t\t<div  data-ultimate-target='#interactive-banner-1-wrap-1883 .bb-description'  data-responsive-json-new='{\"font-size\":\"\",\"line-height\":\"\"}'  class=\"bb-description ult-responsive\" style=\"font-weight:normal;color:#ffffff;\">Les ascenseurs r\u00e9sidentiels ABER sont des \u00e9quipements con\u00e7us pour l'\u00e9l\u00e9vation verticale de personnes, particuli\u00e8rement utiles pour les personnes \u00e0 mobilit\u00e9 r\u00e9duite, et peuvent \u00eatre install\u00e9s \u00e0 l'int\u00e9rieur ou \u00e0 l'ext\u00e9rieur des habitations.<\/div>\n\t<\/div><a class=\"bb-link\" href=\"https:\/\/abermove.com\/products\/home-systems\/home-lifts\/\"   ><\/a>\n<\/div>\n<div id=\"interactive-banner-1-wrap-6197\" class=\"ult-banner-block ult-adjust-bottom-margin ult-bb-box ult-banner-block-custom-height banner-style01 \"   style=\"height:466px;\">\n\t<img src=\"https:\/\/abermove.com\/wp-content\/uploads\/2018\/07\/Abermove-pool-1.jpg\" alt=\"null\">\n\t<h3  data-ultimate-target='#interactive-banner-1-wrap-6197 .bb-top-title '  data-responsive-json-new='{\"font-size\":\"\",\"line-height\":\"\"}'  class=\"title-left bb-top-title ult-responsive\" style=\"font-weight:normal;background:#242424;color:#ffffff;\">COUVERTURES DE PISCINE<\/h3>\n\t<div class=\"mask opaque-background\" style=\"background:;\">\n\t\t<div  data-ultimate-target='#interactive-banner-1-wrap-6197 .bb-description'  data-responsive-json-new='{\"font-size\":\"\",\"line-height\":\"\"}'  class=\"bb-description ult-responsive\" style=\"font-weight:normal;color:#ffffff;\"><\/div>\n\t<\/div><a class=\"bb-link\" href=\"https:\/\/www.luxurypoolcovers.com\/\" target='_blank'  ><\/a>\n<\/div>[\/vc_column][\/vc_row][vc_row][vc_column][\/vc_column][\/vc_row]<\/p>\n<p><\/p>","protected":false},"excerpt":{"rendered":"<p>[vc_row][vc_column][vc_custom_heading text=\u00a0\u00bbSYST\u00c8MES R\u00c9SIDENTIELS\u00a0\u00bb font_container=\u00a0\u00bbtag:h2|text_align:center\u00a0\u00bb use_theme_fonts=\u00a0\u00bbyes\u00a0\u00bb][vc_video link=\u00a0\u00bbhttps:\/\/youtu.be\/TNmqO8Slitw\u00a0\u00bb][\/vc_column][\/vc_row][vc_row][vc_column width=\u00a0\u00bb1\/2&Prime;][\/vc_column][vc_column width=\u00a0\u00bb1\/2&Prime;][\/vc_column][\/vc_row][vc_row][vc_column][\/vc_column][\/vc_row]<\/p>\n","protected":false},"author":2,"featured_media":0,"parent":2244,"menu_order":0,"comment_status":"closed","ping_status":"closed","template":"","meta":{"_monsterinsights_skip_tracking":false,"_monsterinsights_sitenote_active":false,"_monsterinsights_sitenote_note":"","_monsterinsights_sitenote_category":0},"yoast_head":"<!-- This site is optimized with the Yoast SEO plugin v19.2 - https:\/\/yoast.com\/wordpress\/plugins\/seo\/ -->\n<title>(Portugu\u00eas) Syst\u00e8mes domestiques - ABERMOVE - Sistemas de Eleva\u00e7\u00e3o e Movimenta\u00e7\u00e3o<\/title>\n<meta name=\"description\" content=\"(Portugu\u00eas) Sistemas Residenciais - ABERMOVE - Sistemas de Eleva\u00e7\u00e3o e Movimenta\u00e7\u00e3o - PLATAFORMA DE ACESSIBILIDADE, ELEVADORES RESIDENCIAIS, ...\" \/>\n<meta name=\"robots\" content=\"index, follow, max-snippet:-1, max-image-preview:large, max-video-preview:-1\" \/>\n<link rel=\"canonical\" href=\"https:\/\/abermove.com\/products\/home-systems\/\" \/>\n<meta property=\"og:locale\" content=\"fr_FR\" \/>\n<meta property=\"og:type\" content=\"article\" \/>\n<meta property=\"og:title\" content=\"[:pt]Syst\u00e8mes domestiques - ABERMOVE - Sistemas de Eleva\u00e7\u00e3o e Movimenta\u00e7\u00e3o [:]\" \/>\n<meta property=\"og:description\" content=\"{:pt}Sistemas Residenciais - ABERMOVE - Sistemas de Eleva\u00e7\u00e3o e Movimenta\u00e7\u00e3o - PLATAFORMA DE ACESSIBILIDADE, ELEVADORES RESIDENCIAIS, ...{:}\" \/>\n<meta property=\"og:url\" content=\"https:\/\/abermove.com\/products\/home-systems\/\" \/>\n<meta property=\"og:site_name\" content=\"ABERMOVE\" \/>\n<meta property=\"article:modified_time\" content=\"2023-03-26T15:23:30+00:00\" \/>\n<meta name=\"author\" content=\"ABERMOVE\" \/>\n<meta name=\"twitter:card\" content=\"summary_large_image\" \/>\n<meta name=\"twitter:label1\" content=\"Dur\u00e9e de lecture estim\u00e9e\" \/>\n\t<meta name=\"twitter:data1\" content=\"4 minutes\" \/>\n<script type=\"application\/ld+json\" class=\"yoast-schema-graph\">{\"@context\":\"https:\/\/schema.org\",\"@graph\":[{\"@type\":\"WebSite\",\"@id\":\"https:\/\/abermove.com\/#website\",\"url\":\"https:\/\/abermove.com\/\",\"name\":\"ABERMOVE\",\"description\":\"- eleva\u00e7\u00e3o e movimenta\u00e7\u00e3o\",\"potentialAction\":[{\"@type\":\"SearchAction\",\"target\":{\"@type\":\"EntryPoint\",\"urlTemplate\":\"https:\/\/abermove.com\/?s={search_term_string}\"},\"query-input\":\"required name=search_term_string\"}],\"inLanguage\":\"fr-FR\"},{\"@type\":\"WebPage\",\"@id\":\"https:\/\/abermove.com\/products\/home-systems\/#webpage\",\"url\":\"https:\/\/abermove.com\/products\/home-systems\/\",\"name\":\"[:pt]Syst\u00e8mes domestiques - ABERMOVE - Sistemas de Eleva\u00e7\u00e3o e Movimenta\u00e7\u00e3o [:]\",\"isPartOf\":{\"@id\":\"https:\/\/abermove.com\/#website\"},\"datePublished\":\"2018-10-24T14:25:34+00:00\",\"dateModified\":\"2023-03-26T15:23:30+00:00\",\"description\":\"{:pt}Sistemas Residenciais - ABERMOVE - Sistemas de Eleva\u00e7\u00e3o e Movimenta\u00e7\u00e3o - PLATAFORMA DE ACESSIBILIDADE, ELEVADORES RESIDENCIAIS, ...{:}\",\"breadcrumb\":{\"@id\":\"https:\/\/abermove.com\/products\/home-systems\/#breadcrumb\"},\"inLanguage\":\"fr-FR\",\"potentialAction\":[{\"@type\":\"ReadAction\",\"target\":[\"https:\/\/abermove.com\/products\/home-systems\/\"]}]},{\"@type\":\"BreadcrumbList\",\"@id\":\"https:\/\/abermove.com\/products\/home-systems\/#breadcrumb\",\"itemListElement\":[{\"@type\":\"ListItem\",\"position\":1,\"name\":\"Home\",\"item\":\"https:\/\/abermove.com\/\"},{\"@type\":\"ListItem\",\"position\":2,\"name\":\"Products\",\"item\":\"https:\/\/abermove.com\/products\/\"},{\"@type\":\"ListItem\",\"position\":3,\"name\":\"Home Systems\"}]}]}<\/script>\n<!-- \/ Yoast SEO plugin. -->","yoast_head_json":{"title":"(Portugu\u00eas) Syst\u00e8mes domestiques - ABERMOVE - Sistemas de Eleva\u00e7\u00e3o e Movimenta\u00e7\u00e3o","description":"(Portugu\u00eas) Sistemas Residenciais - ABERMOVE - Sistemas de Eleva\u00e7\u00e3o e Movimenta\u00e7\u00e3o - PLATAFORMA DE ACESSIBILIDADE, ELEVADORES RESIDENCIAIS, ...","robots":{"index":"index","follow":"follow","max-snippet":"max-snippet:-1","max-image-preview":"max-image-preview:large","max-video-preview":"max-video-preview:-1"},"canonical":"https:\/\/abermove.com\/products\/home-systems\/","og_locale":"fr_FR","og_type":"article","og_title":"[:pt]Syst\u00e8mes domestiques - ABERMOVE - Sistemas de Eleva\u00e7\u00e3o e Movimenta\u00e7\u00e3o [:]","og_description":"{:pt}Sistemas Residenciais - ABERMOVE - Sistemas de Eleva\u00e7\u00e3o e Movimenta\u00e7\u00e3o - PLATAFORMA DE ACESSIBILIDADE, ELEVADORES RESIDENCIAIS, ...{:}","og_url":"https:\/\/abermove.com\/products\/home-systems\/","og_site_name":"ABERMOVE","article_modified_time":"2023-03-26T15:23:30+00:00","author":"ABERMOVE","twitter_card":"summary_large_image","twitter_misc":{"Dur\u00e9e de lecture estim\u00e9e":"4 minutes"},"schema":{"@context":"https:\/\/schema.org","@graph":[{"@type":"WebSite","@id":"https:\/\/abermove.com\/#website","url":"https:\/\/abermove.com\/","name":"ABERMOVE","description":"- eleva\u00e7\u00e3o e movimenta\u00e7\u00e3o","potentialAction":[{"@type":"SearchAction","target":{"@type":"EntryPoint","urlTemplate":"https:\/\/abermove.com\/?s={search_term_string}"},"query-input":"required name=search_term_string"}],"inLanguage":"fr-FR"},{"@type":"WebPage","@id":"https:\/\/abermove.com\/products\/home-systems\/#webpage","url":"https:\/\/abermove.com\/products\/home-systems\/","name":"[:pt]Syst\u00e8mes domestiques - ABERMOVE - Sistemas de Eleva\u00e7\u00e3o e Movimenta\u00e7\u00e3o [:]","isPartOf":{"@id":"https:\/\/abermove.com\/#website"},"datePublished":"2018-10-24T14:25:34+00:00","dateModified":"2023-03-26T15:23:30+00:00","description":"{:pt}Sistemas Residenciais - ABERMOVE - Sistemas de Eleva\u00e7\u00e3o e Movimenta\u00e7\u00e3o - PLATAFORMA DE ACESSIBILIDADE, ELEVADORES RESIDENCIAIS, ...{:}","breadcrumb":{"@id":"https:\/\/abermove.com\/products\/home-systems\/#breadcrumb"},"inLanguage":"fr-FR","potentialAction":[{"@type":"ReadAction","target":["https:\/\/abermove.com\/products\/home-systems\/"]}]},{"@type":"BreadcrumbList","@id":"https:\/\/abermove.com\/products\/home-systems\/#breadcrumb","itemListElement":[{"@type":"ListItem","position":1,"name":"Home","item":"https:\/\/abermove.com\/"},{"@type":"ListItem","position":2,"name":"Products","item":"https:\/\/abermove.com\/products\/"},{"@type":"ListItem","position":3,"name":"Home Systems"}]}]}},"_links":{"self":[{"href":"https:\/\/abermove.com\/fr\/wp-json\/wp\/v2\/pages\/2357"}],"collection":[{"href":"https:\/\/abermove.com\/fr\/wp-json\/wp\/v2\/pages"}],"about":[{"href":"https:\/\/abermove.com\/fr\/wp-json\/wp\/v2\/types\/page"}],"author":[{"embeddable":true,"href":"https:\/\/abermove.com\/fr\/wp-json\/wp\/v2\/users\/2"}],"replies":[{"embeddable":true,"href":"https:\/\/abermove.com\/fr\/wp-json\/wp\/v2\/comments?post=2357"}],"version-history":[{"count":18,"href":"https:\/\/abermove.com\/fr\/wp-json\/wp\/v2\/pages\/2357\/revisions"}],"predecessor-version":[{"id":3079,"href":"https:\/\/abermove.com\/fr\/wp-json\/wp\/v2\/pages\/2357\/revisions\/3079"}],"up":[{"embeddable":true,"href":"https:\/\/abermove.com\/fr\/wp-json\/wp\/v2\/pages\/2244"}],"wp:attachment":[{"href":"https:\/\/abermove.com\/fr\/wp-json\/wp\/v2\/media?parent=2357"}],"curies":[{"name":"wp","href":"https:\/\/api.w.org\/{rel}","templated":true}]}}