{"id":2492,"date":"2017-11-24T15:47:21","date_gmt":"2017-11-24T15:47:21","guid":{"rendered":"http:\/\/212.129.25.185\/~abermove\/?page_id=2492"},"modified":"2023-03-26T15:46:35","modified_gmt":"2023-03-26T14:46:35","slug":"downloads","status":"publish","type":"page","link":"https:\/\/abermove.com\/fr\/downloads\/","title":{"rendered":"Downloads"},"content":{"rendered":"<p><\/p>\n<p>[vc_row][vc_column][vc_empty_space][\/vc_column][\/vc_row][vc_row][vc_column width=\u00a0\u00bb1\/3&Prime;]<div class=\"flip-box-wrap\" style=\"\"><div class=\"flip-box ifb-custom-height  horizontal_flip_left flip-box-custom-height flip-ifb-custom-height\" data-animation=\"\" data-animation-delay=\"03\" style=\"\"  data-min-height='295px'><div class=\"ifb-flip-box\" id=\"flip-box-wrap-8515\"><div class=\"ifb-face ifb-front \" style=\"color:#ffffff;background:#ef0000; border-style: solid;border-width: 1px; border-color:#ffffff;\">\r\n\t\t\t\t\t\t\t<div class=\"ifb-flip-box-section \">\r\n\t\t\t\t\t\t\t<div class=\"flip-box-icon\"><div class=\"ult-just-icon-wrapper  \"><div class=\"align-icon\" style=\"text-align:center;\">\n<div class=\"aio-icon-img \" style=\"font-size:300px;display:inline-block;\" >\n\t<img class=\"img-icon\" alt=\"null\" src=\"https:\/\/abermove.com\/wp-content\/uploads\/2017\/11\/aaaaaa-01.jpg\"\/>\n<\/div><\/div><\/div><\/div><h3 class=\"ult-responsive flipbox_heading\"  data-ultimate-target='#flip-box-wrap-8515 .ult-responsive.flipbox_heading'  data-responsive-json-new='{\"font-size\":\"\",\"line-height\":\"\"}'  style=\"color:#ffffff; \">CATALOGUE ABERMOVE<\/h3><\/div><\/div><!-- END .front -->\r\n\t\t\t\t\t\t<div class=\"ifb-face ifb-back\" style=\"color:#ffffff;background:#282828; border-style: solid;border-width: 1px; border-color:#ffffff;\">\r\n\t\t\t\t\t\t\t<div class=\"ifb-flip-box-section \"><h3 class=\"ult-responsive flipbox_heading\"  data-ultimate-target='#flip-box-wrap-8515 .ult-responsive.flipbox_heading'  data-responsive-json-new='{\"font-size\":\"\",\"line-height\":\"\"}'  style=\"color:#ffffff; \">Catalogue ABERMOVE<\/h3><div class=\"ifb-desc-back\"><div class=\"ifb-flip-box-section-content ult-responsive\"  data-ultimate-target='#flip-box-wrap-8515 .ifb-flip-box-section-content.ult-responsive'  data-responsive-json-new='{\"font-size\":\"\",\"line-height\":\"\"}'  style=\"color:#ffffff;\"><p>T\u00e9l\u00e9chargez le fichier et d\u00e9couvrez la gamme de produits ABERMOVE.<\/p><\/div><\/div><div class=\"flip_link\"><a href = \"https:\/\/abermove.com\/wp-content\/uploads\/2018\/01\/Catalogo_ABERMOVE_lowres-2.pdf\" target='_blank' title='ABERMOVE Catalogue'  style=\"background:#ffffff; color:#ff0000;\">+VIEW<\/a><\/div><\/div><\/div><!-- END .back --><\/div> <!-- ifb-flip-box --><\/div> <!-- flip-box --><\/div><!-- End icon block -->[\/vc_column][vc_column width=\u00a0\u00bb1\/3&Prime;]<div class=\"flip-box-wrap\" style=\"\"><div class=\"flip-box ifb-custom-height  horizontal_flip_left flip-box-custom-height flip-ifb-custom-height\" data-animation=\"\" data-animation-delay=\"03\" style=\"\"  data-min-height='295px'><div class=\"ifb-flip-box\" id=\"flip-box-wrap-7120\"><div class=\"ifb-face ifb-front \" style=\"color:#ffffff;background:#ef0000; border-style: solid;border-width: 1px; border-color:#ffffff;\">\r\n\t\t\t\t\t\t\t<div class=\"ifb-flip-box-section \">\r\n\t\t\t\t\t\t\t<div class=\"flip-box-icon\"><div class=\"ult-just-icon-wrapper  \"><div class=\"align-icon\" style=\"text-align:center;\">\n<div class=\"aio-icon-img \" style=\"font-size:300px;display:inline-block;\" >\n\t<img class=\"img-icon\" alt=\"null\" src=\"https:\/\/abermove.com\/wp-content\/uploads\/2017\/11\/bbbbbbbb-01-01-1.jpg\"\/>\n<\/div><\/div><\/div><\/div><h3 class=\"ult-responsive flipbox_heading\"  data-ultimate-target='#flip-box-wrap-7120 .ult-responsive.flipbox_heading'  data-responsive-json-new='{\"font-size\":\"\",\"line-height\":\"\"}'  style=\"color:#ffffff; \">Catalogue des couvertures de piscine ABERMOVE<\/h3><\/div><\/div><!-- END .front -->\r\n\t\t\t\t\t\t<div class=\"ifb-face ifb-back\" style=\"color:#ffffff;background:#282828; border-style: solid;border-width: 1px; border-color:#ffffff;\">\r\n\t\t\t\t\t\t\t<div class=\"ifb-flip-box-section \"><h3 class=\"ult-responsive flipbox_heading\"  data-ultimate-target='#flip-box-wrap-7120 .ult-responsive.flipbox_heading'  data-responsive-json-new='{\"font-size\":\"\",\"line-height\":\"\"}'  style=\"color:#ffffff; \">Catalogue des couvertures de piscine ABERMOVE<\/h3><div class=\"ifb-desc-back\"><div class=\"ifb-flip-box-section-content ult-responsive\"  data-ultimate-target='#flip-box-wrap-7120 .ifb-flip-box-section-content.ult-responsive'  data-responsive-json-new='{\"font-size\":\"\",\"line-height\":\"\"}'  style=\"color:#ffffff;\"><p>T\u00e9l\u00e9chargez le fichier et consultez le catalogue des couvertures de piscine ABERMOVE.<\/p><\/div><\/div><div class=\"flip_link\"><a href = \"https:\/\/abermove.com\/wp-content\/uploads\/2018\/02\/ABERMOVE_Safety-and-Luxury-Pool-Covers.compressed.pdf\" target='_blank' title='ABERMOVE Pool Covers Catalog'  style=\"background:#ffffff; color:#ff0000;\">+VIEW<\/a><\/div><\/div><\/div><!-- END .back --><\/div> <!-- ifb-flip-box --><\/div> <!-- flip-box --><\/div><!-- End icon block -->[\/vc_column][vc_column width=\u00a0\u00bb1\/3&Prime;]<div class=\"flip-box-wrap\" style=\"\"><div class=\"flip-box ifb-custom-height  horizontal_flip_left flip-box-custom-height flip-ifb-custom-height\" data-animation=\"\" data-animation-delay=\"03\" style=\"\"  data-min-height='295px'><div class=\"ifb-flip-box\" id=\"flip-box-wrap-4074\"><div class=\"ifb-face ifb-front \" style=\"color:#ffffff;background:#ef0000; border-style: solid;border-width: 1px; border-color:#ffffff;\">\r\n\t\t\t\t\t\t\t<div class=\"ifb-flip-box-section \">\r\n\t\t\t\t\t\t\t<h3 class=\"ult-responsive flipbox_heading\"  data-ultimate-target='#flip-box-wrap-4074 .ult-responsive.flipbox_heading'  data-responsive-json-new='{\"font-size\":\"\",\"line-height\":\"\"}'  style=\"color:#ffffff; \">Catalogue ABERMOVE<\/h3><\/div><\/div><!-- END .front -->\r\n\t\t\t\t\t\t<div class=\"ifb-face ifb-back\" style=\"color:#ffffff;background:#282828; border-style: solid;border-width: 1px; border-color:#ffffff;\">\r\n\t\t\t\t\t\t\t<div class=\"ifb-flip-box-section \"><h3 class=\"ult-responsive flipbox_heading\"  data-ultimate-target='#flip-box-wrap-4074 .ult-responsive.flipbox_heading'  data-responsive-json-new='{\"font-size\":\"\",\"line-height\":\"\"}'  style=\"color:#ffffff; \">Catalogue ABERMOVE<\/h3><div class=\"ifb-desc-back\"><div class=\"ifb-flip-box-section-content ult-responsive\"  data-ultimate-target='#flip-box-wrap-4074 .ifb-flip-box-section-content.ult-responsive'  data-responsive-json-new='{\"font-size\":\"\",\"line-height\":\"\"}'  style=\"color:#ffffff;\"><p>T\u00e9l\u00e9chargez le fichier et d\u00e9couvrez la gamme de produits ABERMOVE.<\/p><\/div><\/div><div class=\"flip_link\"><a href = \"\" target='_blank' title='ABERMOVE Catalog'  style=\"background:#ffffff; color:#ff0000;\">+VIEW<\/a><\/div><\/div><\/div><!-- END .back --><\/div> <!-- ifb-flip-box --><\/div> <!-- flip-box --><\/div><!-- End icon block -->[\/vc_column][\/vc_row][vc_row][vc_column][vc_empty_space][\/vc_column][\/vc_row]<\/p>\n<p><\/p>","protected":false},"excerpt":{"rendered":"<p>[vc_row][vc_column][vc_empty_space][\/vc_column][\/vc_row][vc_row][vc_column width=\u00a0\u00bb1\/3&Prime;][\/vc_column][vc_column width=\u00a0\u00bb1\/3&Prime;][\/vc_column][vc_column width=\u00a0\u00bb1\/3&Prime;][\/vc_column][\/vc_row][vc_row][vc_column][vc_empty_space][\/vc_column][\/vc_row]<\/p>\n","protected":false},"author":2,"featured_media":0,"parent":0,"menu_order":0,"comment_status":"closed","ping_status":"closed","template":"","meta":{"_monsterinsights_skip_tracking":false,"_monsterinsights_sitenote_active":false,"_monsterinsights_sitenote_note":"","_monsterinsights_sitenote_category":0},"yoast_head":"<!-- This site is optimized with the Yoast SEO plugin v19.2 - https:\/\/yoast.com\/wordpress\/plugins\/seo\/ -->\n<title>(Portugu\u00eas) Downloads - ABERMOVE - Sistemas de Eleva\u00e7\u00e3o e Movimenta\u00e7\u00e3o<\/title>\n<meta name=\"description\" content=\"(Portugu\u00eas) Donwloads - ABERMOVE - Sistemas de Eleva\u00e7\u00e3o e Movimenta\u00e7\u00e3o - Fa\u00e7a o Download do nosso Cat\u00e1logo e veja a nossa gama de productos.\" \/>\n<meta name=\"robots\" content=\"index, follow, max-snippet:-1, max-image-preview:large, max-video-preview:-1\" \/>\n<link rel=\"canonical\" href=\"https:\/\/abermove.com\/downloads\/\" \/>\n<meta property=\"og:locale\" content=\"fr_FR\" \/>\n<meta property=\"og:type\" content=\"article\" \/>\n<meta property=\"og:title\" content=\"[:pt]Downloads - ABERMOVE - Sistemas de Eleva\u00e7\u00e3o e Movimenta\u00e7\u00e3o[:]\" \/>\n<meta property=\"og:description\" content=\"{:pt}Donwloads - ABERMOVE - Sistemas de Eleva\u00e7\u00e3o e Movimenta\u00e7\u00e3o - Fa\u00e7a o Download do nosso Cat\u00e1logo e veja a nossa gama de productos.{:}\" \/>\n<meta property=\"og:url\" content=\"https:\/\/abermove.com\/downloads\/\" \/>\n<meta property=\"og:site_name\" content=\"ABERMOVE\" \/>\n<meta property=\"article:modified_time\" content=\"2023-03-26T14:46:35+00:00\" \/>\n<meta name=\"author\" content=\"ABERMOVE\" \/>\n<meta name=\"twitter:card\" content=\"summary_large_image\" \/>\n<meta name=\"twitter:label1\" content=\"Dur\u00e9e de lecture estim\u00e9e\" \/>\n\t<meta name=\"twitter:data1\" content=\"5 minutes\" \/>\n<script type=\"application\/ld+json\" class=\"yoast-schema-graph\">{\"@context\":\"https:\/\/schema.org\",\"@graph\":[{\"@type\":\"WebSite\",\"@id\":\"https:\/\/abermove.com\/#website\",\"url\":\"https:\/\/abermove.com\/\",\"name\":\"ABERMOVE\",\"description\":\"- eleva\u00e7\u00e3o e movimenta\u00e7\u00e3o\",\"potentialAction\":[{\"@type\":\"SearchAction\",\"target\":{\"@type\":\"EntryPoint\",\"urlTemplate\":\"https:\/\/abermove.com\/?s={search_term_string}\"},\"query-input\":\"required name=search_term_string\"}],\"inLanguage\":\"fr-FR\"},{\"@type\":\"WebPage\",\"@id\":\"https:\/\/abermove.com\/downloads\/#webpage\",\"url\":\"https:\/\/abermove.com\/downloads\/\",\"name\":\"[:pt]Downloads - ABERMOVE - Sistemas de Eleva\u00e7\u00e3o e Movimenta\u00e7\u00e3o[:]\",\"isPartOf\":{\"@id\":\"https:\/\/abermove.com\/#website\"},\"datePublished\":\"2017-11-24T15:47:21+00:00\",\"dateModified\":\"2023-03-26T14:46:35+00:00\",\"description\":\"{:pt}Donwloads - ABERMOVE - Sistemas de Eleva\u00e7\u00e3o e Movimenta\u00e7\u00e3o - Fa\u00e7a o Download do nosso Cat\u00e1logo e veja a nossa gama de productos.{:}\",\"breadcrumb\":{\"@id\":\"https:\/\/abermove.com\/downloads\/#breadcrumb\"},\"inLanguage\":\"fr-FR\",\"potentialAction\":[{\"@type\":\"ReadAction\",\"target\":[\"https:\/\/abermove.com\/downloads\/\"]}]},{\"@type\":\"BreadcrumbList\",\"@id\":\"https:\/\/abermove.com\/downloads\/#breadcrumb\",\"itemListElement\":[{\"@type\":\"ListItem\",\"position\":1,\"name\":\"Home\",\"item\":\"https:\/\/abermove.com\/\"},{\"@type\":\"ListItem\",\"position\":2,\"name\":\"Downloads\"}]}]}<\/script>\n<!-- \/ Yoast SEO plugin. -->","yoast_head_json":{"title":"(Portugu\u00eas) Downloads - ABERMOVE - Sistemas de Eleva\u00e7\u00e3o e Movimenta\u00e7\u00e3o","description":"(Portugu\u00eas) Donwloads - ABERMOVE - Sistemas de Eleva\u00e7\u00e3o e Movimenta\u00e7\u00e3o - Fa\u00e7a o Download do nosso Cat\u00e1logo e veja a nossa gama de productos.","robots":{"index":"index","follow":"follow","max-snippet":"max-snippet:-1","max-image-preview":"max-image-preview:large","max-video-preview":"max-video-preview:-1"},"canonical":"https:\/\/abermove.com\/downloads\/","og_locale":"fr_FR","og_type":"article","og_title":"[:pt]Downloads - ABERMOVE - Sistemas de Eleva\u00e7\u00e3o e Movimenta\u00e7\u00e3o[:]","og_description":"{:pt}Donwloads - ABERMOVE - Sistemas de Eleva\u00e7\u00e3o e Movimenta\u00e7\u00e3o - Fa\u00e7a o Download do nosso Cat\u00e1logo e veja a nossa gama de productos.{:}","og_url":"https:\/\/abermove.com\/downloads\/","og_site_name":"ABERMOVE","article_modified_time":"2023-03-26T14:46:35+00:00","author":"ABERMOVE","twitter_card":"summary_large_image","twitter_misc":{"Dur\u00e9e de lecture estim\u00e9e":"5 minutes"},"schema":{"@context":"https:\/\/schema.org","@graph":[{"@type":"WebSite","@id":"https:\/\/abermove.com\/#website","url":"https:\/\/abermove.com\/","name":"ABERMOVE","description":"- eleva\u00e7\u00e3o e movimenta\u00e7\u00e3o","potentialAction":[{"@type":"SearchAction","target":{"@type":"EntryPoint","urlTemplate":"https:\/\/abermove.com\/?s={search_term_string}"},"query-input":"required name=search_term_string"}],"inLanguage":"fr-FR"},{"@type":"WebPage","@id":"https:\/\/abermove.com\/downloads\/#webpage","url":"https:\/\/abermove.com\/downloads\/","name":"[:pt]Downloads - ABERMOVE - Sistemas de Eleva\u00e7\u00e3o e Movimenta\u00e7\u00e3o[:]","isPartOf":{"@id":"https:\/\/abermove.com\/#website"},"datePublished":"2017-11-24T15:47:21+00:00","dateModified":"2023-03-26T14:46:35+00:00","description":"{:pt}Donwloads - ABERMOVE - Sistemas de Eleva\u00e7\u00e3o e Movimenta\u00e7\u00e3o - Fa\u00e7a o Download do nosso Cat\u00e1logo e veja a nossa gama de productos.{:}","breadcrumb":{"@id":"https:\/\/abermove.com\/downloads\/#breadcrumb"},"inLanguage":"fr-FR","potentialAction":[{"@type":"ReadAction","target":["https:\/\/abermove.com\/downloads\/"]}]},{"@type":"BreadcrumbList","@id":"https:\/\/abermove.com\/downloads\/#breadcrumb","itemListElement":[{"@type":"ListItem","position":1,"name":"Home","item":"https:\/\/abermove.com\/"},{"@type":"ListItem","position":2,"name":"Downloads"}]}]}},"_links":{"self":[{"href":"https:\/\/abermove.com\/fr\/wp-json\/wp\/v2\/pages\/2492"}],"collection":[{"href":"https:\/\/abermove.com\/fr\/wp-json\/wp\/v2\/pages"}],"about":[{"href":"https:\/\/abermove.com\/fr\/wp-json\/wp\/v2\/types\/page"}],"author":[{"embeddable":true,"href":"https:\/\/abermove.com\/fr\/wp-json\/wp\/v2\/users\/2"}],"replies":[{"embeddable":true,"href":"https:\/\/abermove.com\/fr\/wp-json\/wp\/v2\/comments?post=2492"}],"version-history":[{"count":24,"href":"https:\/\/abermove.com\/fr\/wp-json\/wp\/v2\/pages\/2492\/revisions"}],"predecessor-version":[{"id":3066,"href":"https:\/\/abermove.com\/fr\/wp-json\/wp\/v2\/pages\/2492\/revisions\/3066"}],"wp:attachment":[{"href":"https:\/\/abermove.com\/fr\/wp-json\/wp\/v2\/media?parent=2492"}],"curies":[{"name":"wp","href":"https:\/\/api.w.org\/{rel}","templated":true}]}}