{"id":2650,"date":"2017-12-19T14:56:32","date_gmt":"2017-12-19T14:56:32","guid":{"rendered":"http:\/\/212.129.25.185\/~abermove\/?page_id=2650"},"modified":"2023-03-26T15:49:17","modified_gmt":"2023-03-26T14:49:17","slug":"qualificacao","status":"publish","type":"page","link":"https:\/\/abermove.com\/fr\/qualificacao\/","title":{"rendered":"Qualifica\u00e7\u00e3o"},"content":{"rendered":"<p>[vc_row][vc_column][vc_empty_space height=\u00a0\u00bb10px\u00a0\u00bb][\/vc_column][\/vc_row][vc_row][vc_column][vc_column_text]<strong><img loading=\"lazy\" class=\"alignnone wp-image-2554 size-full\" src=\"http:\/\/212.129.25.185\/~abermove\/wp-content\/uploads\/2017\/11\/Modelos-Barras-FUNDOS-v04_3logos-FEDER.png\" alt=\"\" width=\"1200\" height=\"184\" srcset=\"https:\/\/abermove.com\/wp-content\/uploads\/2017\/11\/Modelos-Barras-FUNDOS-v04_3logos-FEDER.png 1200w, https:\/\/abermove.com\/wp-content\/uploads\/2017\/11\/Modelos-Barras-FUNDOS-v04_3logos-FEDER-300x46.png 300w, https:\/\/abermove.com\/wp-content\/uploads\/2017\/11\/Modelos-Barras-FUNDOS-v04_3logos-FEDER-768x118.png 768w\" sizes=\"(max-width: 1200px) 100vw, 1200px\" \/><\/strong><\/p>\n<p><strong>Designa\u00e7\u00e3o do projeto: <\/strong>ABER &#8211; Processo de Qualifica\u00e7\u00e3o 2016-2018<\/p>\n<p><strong>C\u00f3digo do projeto<\/strong>: POCI-02-0853-FEDER-020793<\/p>\n<p><strong>Objetivo principal: <\/strong>OT 3 &#8211; Refor\u00e7ar a competitividade das PME<\/p>\n<p><strong>Regi\u00e3o de interven\u00e7\u00e3o: <\/strong>Norte<\/p>\n<p><strong>Entidade benefici\u00e1ria:<\/strong> ABER \u2212 EMBRAIAGENS E COMANDOS HIDRAULICOS, ANT\u00d3NIO BERNARDES, LDA.<\/p>\n<p><strong>\u00a0<\/strong><\/p>\n<p><strong>Data da aprova\u00e7\u00e3o: <\/strong>2017\/01\/17<\/p>\n<p><strong>Data de in\u00edcio: <\/strong>14\/05\/2016<\/p>\n<p><strong>Data de conclus\u00e3o: <\/strong>14\/04\/2018<\/p>\n<p><strong>Custo total eleg\u00edvel: <\/strong>244 180,99 euros<\/p>\n<p><strong>Apoio financeiro da Uni\u00e3o Europeia: <\/strong>109 881,45 euros<\/p>\n<p><strong>Apoio financeiro p\u00fablico nacional\/regional: <\/strong>N\u00e3o aplic\u00e1vel<\/p>\n<p>&nbsp;<\/p>\n<p><strong>Objetivos, atividades e resultados esperados\/atingidos<\/strong><\/p>\n<p>O projeto visa a\u00e7\u00f5es de qualifica\u00e7\u00e3o em dom\u00ednios imateriais com o objetivo de promover a competitividade, flexibilidade e capacidade de resposta no mercado global, inserindo-se nos seguintes dom\u00ednios imateriais:<\/p>\n<p>Desenvolvimento e engenharia de produtos, servi\u00e7os e processos, atrav\u00e9s do refor\u00e7o e melhoria das capacidades laboratoriais para o desenvolvimento de novos e\/ou melhorados produtos, nomeadamente para servir os novos segmentos de valor acrescentado das gruas de grande porte e para cami\u00f5es, do segmento autom\u00f3vel e da agricultura.<\/p>\n<p>Inova\u00e7\u00e3o organiza\u00e7\u00e3o e gest\u00e3o &#8211; atrav\u00e9s do refor\u00e7o das capacidades organizacionais e de gest\u00e3o orientadas para a dota\u00e7\u00e3o de meios que se traduzam em novas filosofias de organiza\u00e7\u00e3o do trabalho e na resposta c\u00e9lere ao fluxo crescente de atividade econ\u00f3mica esperada.<\/p>\n<p>Registo de propriedade industrial, atrav\u00e9s do registo de patentes no mercado externo como forma de diferencia\u00e7\u00e3o face \u00e0 concorr\u00eancia.[\/vc_column_text][\/vc_column][\/vc_row][vc_row][vc_column][vc_empty_space][\/vc_column][\/vc_row]<\/p>","protected":false},"excerpt":{"rendered":"<p>[vc_row][vc_column][vc_empty_space height=\u00a0\u00bb10px\u00a0\u00bb][\/vc_column][\/vc_row][vc_row][vc_column][vc_column_text] Designa\u00e7\u00e3o do projeto: ABER &#8211; Processo de Qualifica\u00e7\u00e3o 2016-2018 C\u00f3digo do projeto: POCI-02-0853-FEDER-020793 Objetivo principal: OT 3 &#8211; Refor\u00e7ar a competitividade das PME Regi\u00e3o de interven\u00e7\u00e3o: Norte Entidade&#8230;<\/p>\n","protected":false},"author":2,"featured_media":0,"parent":0,"menu_order":0,"comment_status":"closed","ping_status":"closed","template":"","meta":{"_monsterinsights_skip_tracking":false,"_monsterinsights_sitenote_active":false,"_monsterinsights_sitenote_note":"","_monsterinsights_sitenote_category":0},"yoast_head":"<!-- This site is optimized with the Yoast SEO plugin v19.2 - https:\/\/yoast.com\/wordpress\/plugins\/seo\/ -->\n<title>(Portugu\u00eas) Qualifica\u00e7\u00e3o - ABERMOVE - Sistemas de Eleva\u00e7\u00e3o e Movimenta\u00e7\u00e3o<\/title>\n<meta name=\"description\" content=\"(Portugu\u00eas) Qualifica\u00e7\u00e3o - ABERMOVE - O projeto visa a\u00e7\u00f5es de qualifica\u00e7\u00e3o em dom\u00ednios imateriais com o objetivo de promover a competitividade, ...\" \/>\n<meta name=\"robots\" content=\"index, follow, max-snippet:-1, max-image-preview:large, max-video-preview:-1\" \/>\n<link rel=\"canonical\" href=\"https:\/\/abermove.com\/qualificacao\/\" \/>\n<meta property=\"og:locale\" content=\"fr_FR\" \/>\n<meta property=\"og:type\" content=\"article\" \/>\n<meta property=\"og:title\" content=\"[:pt]Qualifica\u00e7\u00e3o - ABERMOVE - Sistemas de Eleva\u00e7\u00e3o e Movimenta\u00e7\u00e3o[:]\" \/>\n<meta property=\"og:description\" content=\"{:pt}Qualifica\u00e7\u00e3o - ABERMOVE - O projeto visa a\u00e7\u00f5es de qualifica\u00e7\u00e3o em dom\u00ednios imateriais com o objetivo de promover a competitividade, ...{:}\" \/>\n<meta property=\"og:url\" content=\"https:\/\/abermove.com\/qualificacao\/\" \/>\n<meta property=\"og:site_name\" content=\"ABERMOVE\" \/>\n<meta property=\"article:modified_time\" content=\"2023-03-26T14:49:17+00:00\" \/>\n<meta property=\"og:image\" content=\"http:\/\/212.129.25.185\/~abermove\/wp-content\/uploads\/2017\/11\/Modelos-Barras-FUNDOS-v04_3logos-FEDER.png\" \/>\n<meta name=\"author\" content=\"ABERMOVE\" \/>\n<meta name=\"twitter:card\" content=\"summary_large_image\" \/>\n<meta name=\"twitter:label1\" content=\"Dur\u00e9e de lecture estim\u00e9e\" \/>\n\t<meta name=\"twitter:data1\" content=\"4 minutes\" \/>\n<script type=\"application\/ld+json\" class=\"yoast-schema-graph\">{\"@context\":\"https:\/\/schema.org\",\"@graph\":[{\"@type\":\"WebSite\",\"@id\":\"https:\/\/abermove.com\/#website\",\"url\":\"https:\/\/abermove.com\/\",\"name\":\"ABERMOVE\",\"description\":\"- eleva\u00e7\u00e3o e movimenta\u00e7\u00e3o\",\"potentialAction\":[{\"@type\":\"SearchAction\",\"target\":{\"@type\":\"EntryPoint\",\"urlTemplate\":\"https:\/\/abermove.com\/?s={search_term_string}\"},\"query-input\":\"required name=search_term_string\"}],\"inLanguage\":\"fr-FR\"},{\"@type\":\"ImageObject\",\"inLanguage\":\"fr-FR\",\"@id\":\"https:\/\/abermove.com\/qualificacao\/#primaryimage\",\"url\":\"http:\/\/212.129.25.185\/~abermove\/wp-content\/uploads\/2017\/11\/Modelos-Barras-FUNDOS-v04_3logos-FEDER.png\",\"contentUrl\":\"http:\/\/212.129.25.185\/~abermove\/wp-content\/uploads\/2017\/11\/Modelos-Barras-FUNDOS-v04_3logos-FEDER.png\"},{\"@type\":\"WebPage\",\"@id\":\"https:\/\/abermove.com\/qualificacao\/#webpage\",\"url\":\"https:\/\/abermove.com\/qualificacao\/\",\"name\":\"[:pt]Qualifica\u00e7\u00e3o - ABERMOVE - Sistemas de Eleva\u00e7\u00e3o e Movimenta\u00e7\u00e3o[:]\",\"isPartOf\":{\"@id\":\"https:\/\/abermove.com\/#website\"},\"primaryImageOfPage\":{\"@id\":\"https:\/\/abermove.com\/qualificacao\/#primaryimage\"},\"datePublished\":\"2017-12-19T14:56:32+00:00\",\"dateModified\":\"2023-03-26T14:49:17+00:00\",\"description\":\"{:pt}Qualifica\u00e7\u00e3o - ABERMOVE - O projeto visa a\u00e7\u00f5es de qualifica\u00e7\u00e3o em dom\u00ednios imateriais com o objetivo de promover a competitividade, ...{:}\",\"breadcrumb\":{\"@id\":\"https:\/\/abermove.com\/qualificacao\/#breadcrumb\"},\"inLanguage\":\"fr-FR\",\"potentialAction\":[{\"@type\":\"ReadAction\",\"target\":[\"https:\/\/abermove.com\/qualificacao\/\"]}]},{\"@type\":\"BreadcrumbList\",\"@id\":\"https:\/\/abermove.com\/qualificacao\/#breadcrumb\",\"itemListElement\":[{\"@type\":\"ListItem\",\"position\":1,\"name\":\"Home\",\"item\":\"https:\/\/abermove.com\/\"},{\"@type\":\"ListItem\",\"position\":2,\"name\":\"Qualifica\u00e7\u00e3o\"}]}]}<\/script>\n<!-- \/ Yoast SEO plugin. -->","yoast_head_json":{"title":"(Portugu\u00eas) Qualifica\u00e7\u00e3o - ABERMOVE - Sistemas de Eleva\u00e7\u00e3o e Movimenta\u00e7\u00e3o","description":"(Portugu\u00eas) Qualifica\u00e7\u00e3o - ABERMOVE - O projeto visa a\u00e7\u00f5es de qualifica\u00e7\u00e3o em dom\u00ednios imateriais com o objetivo de promover a competitividade, ...","robots":{"index":"index","follow":"follow","max-snippet":"max-snippet:-1","max-image-preview":"max-image-preview:large","max-video-preview":"max-video-preview:-1"},"canonical":"https:\/\/abermove.com\/qualificacao\/","og_locale":"fr_FR","og_type":"article","og_title":"[:pt]Qualifica\u00e7\u00e3o - ABERMOVE - Sistemas de Eleva\u00e7\u00e3o e Movimenta\u00e7\u00e3o[:]","og_description":"{:pt}Qualifica\u00e7\u00e3o - ABERMOVE - O projeto visa a\u00e7\u00f5es de qualifica\u00e7\u00e3o em dom\u00ednios imateriais com o objetivo de promover a competitividade, ...{:}","og_url":"https:\/\/abermove.com\/qualificacao\/","og_site_name":"ABERMOVE","article_modified_time":"2023-03-26T14:49:17+00:00","og_image":[{"url":"http:\/\/212.129.25.185\/~abermove\/wp-content\/uploads\/2017\/11\/Modelos-Barras-FUNDOS-v04_3logos-FEDER.png"}],"author":"ABERMOVE","twitter_card":"summary_large_image","twitter_misc":{"Dur\u00e9e de lecture estim\u00e9e":"4 minutes"},"schema":{"@context":"https:\/\/schema.org","@graph":[{"@type":"WebSite","@id":"https:\/\/abermove.com\/#website","url":"https:\/\/abermove.com\/","name":"ABERMOVE","description":"- eleva\u00e7\u00e3o e movimenta\u00e7\u00e3o","potentialAction":[{"@type":"SearchAction","target":{"@type":"EntryPoint","urlTemplate":"https:\/\/abermove.com\/?s={search_term_string}"},"query-input":"required name=search_term_string"}],"inLanguage":"fr-FR"},{"@type":"ImageObject","inLanguage":"fr-FR","@id":"https:\/\/abermove.com\/qualificacao\/#primaryimage","url":"http:\/\/212.129.25.185\/~abermove\/wp-content\/uploads\/2017\/11\/Modelos-Barras-FUNDOS-v04_3logos-FEDER.png","contentUrl":"http:\/\/212.129.25.185\/~abermove\/wp-content\/uploads\/2017\/11\/Modelos-Barras-FUNDOS-v04_3logos-FEDER.png"},{"@type":"WebPage","@id":"https:\/\/abermove.com\/qualificacao\/#webpage","url":"https:\/\/abermove.com\/qualificacao\/","name":"[:pt]Qualifica\u00e7\u00e3o - ABERMOVE - Sistemas de Eleva\u00e7\u00e3o e Movimenta\u00e7\u00e3o[:]","isPartOf":{"@id":"https:\/\/abermove.com\/#website"},"primaryImageOfPage":{"@id":"https:\/\/abermove.com\/qualificacao\/#primaryimage"},"datePublished":"2017-12-19T14:56:32+00:00","dateModified":"2023-03-26T14:49:17+00:00","description":"{:pt}Qualifica\u00e7\u00e3o - ABERMOVE - O projeto visa a\u00e7\u00f5es de qualifica\u00e7\u00e3o em dom\u00ednios imateriais com o objetivo de promover a competitividade, ...{:}","breadcrumb":{"@id":"https:\/\/abermove.com\/qualificacao\/#breadcrumb"},"inLanguage":"fr-FR","potentialAction":[{"@type":"ReadAction","target":["https:\/\/abermove.com\/qualificacao\/"]}]},{"@type":"BreadcrumbList","@id":"https:\/\/abermove.com\/qualificacao\/#breadcrumb","itemListElement":[{"@type":"ListItem","position":1,"name":"Home","item":"https:\/\/abermove.com\/"},{"@type":"ListItem","position":2,"name":"Qualifica\u00e7\u00e3o"}]}]}},"_links":{"self":[{"href":"https:\/\/abermove.com\/fr\/wp-json\/wp\/v2\/pages\/2650"}],"collection":[{"href":"https:\/\/abermove.com\/fr\/wp-json\/wp\/v2\/pages"}],"about":[{"href":"https:\/\/abermove.com\/fr\/wp-json\/wp\/v2\/types\/page"}],"author":[{"embeddable":true,"href":"https:\/\/abermove.com\/fr\/wp-json\/wp\/v2\/users\/2"}],"replies":[{"embeddable":true,"href":"https:\/\/abermove.com\/fr\/wp-json\/wp\/v2\/comments?post=2650"}],"version-history":[{"count":8,"href":"https:\/\/abermove.com\/fr\/wp-json\/wp\/v2\/pages\/2650\/revisions"}],"predecessor-version":[{"id":3069,"href":"https:\/\/abermove.com\/fr\/wp-json\/wp\/v2\/pages\/2650\/revisions\/3069"}],"wp:attachment":[{"href":"https:\/\/abermove.com\/fr\/wp-json\/wp\/v2\/media?parent=2650"}],"curies":[{"name":"wp","href":"https:\/\/api.w.org\/{rel}","templated":true}]}}