{"id":2077,"date":"2017-09-19T07:58:30","date_gmt":"2017-09-19T07:58:30","guid":{"rendered":"http:\/\/212.129.25.185\/~abermove\/?page_id=2077"},"modified":"2018-07-10T15:29:44","modified_gmt":"2018-07-10T14:29:44","slug":"after-sales","status":"publish","type":"page","link":"https:\/\/abermove.com\/pt\/after-sales\/","title":{"rendered":"P\u00f3s-venda"},"content":{"rendered":"<p>A ABERMOVE providencia um servi\u00e7o ajustado \u00e0s necessidades dos clientes atrav\u00e9s de servi\u00e7o de apoio t\u00e9cnico e servi\u00e7o de repara\u00e7\u00e3o de equipamentos.<\/p>\n<p>Contacte-nos atrav\u00e9s da nossa linha telefonica (+351) 229 438 070. O atendimento da linha funciona de 2\u00aa a 6\u00aa feira (dias \u00fateis) das 9h00 \u00e0s 13h00 e das 14h00 \u00e0s 18h00.<\/p>\n<p>Envie-nos um e-mail para: aber@aber.pt<\/p>","protected":false},"excerpt":{"rendered":"<p>A ABERMOVE providencia um servi\u00e7o ajustado \u00e0s necessidades dos clientes atrav\u00e9s de servi\u00e7o de apoio t\u00e9cnico e servi\u00e7o de repara\u00e7\u00e3o de equipamentos. Contacte-nos atrav\u00e9s da nossa linha telefonica (+351) 229&#8230;<\/p>\n","protected":false},"author":1,"featured_media":0,"parent":0,"menu_order":0,"comment_status":"closed","ping_status":"closed","template":"","meta":{"_monsterinsights_skip_tracking":false,"_monsterinsights_sitenote_active":false,"_monsterinsights_sitenote_note":"","_monsterinsights_sitenote_category":0},"yoast_head":"<!-- This site is optimized with the Yoast SEO plugin v19.2 - https:\/\/yoast.com\/wordpress\/plugins\/seo\/ -->\n<title>P\u00f3s-venda - ABERMOVE - Sistemas de Eleva\u00e7\u00e3o e Movimenta\u00e7\u00e3o<\/title>\n<meta name=\"description\" content=\"P\u00f3s-venda - ABERMOVE - Sistemas de Eleva\u00e7\u00e3o e Movimenta\u00e7\u00e3o - A ABERMOVE providencia um servi\u00e7o ajustado \u00e0s necessidades dos clientes.\" \/>\n<meta name=\"robots\" content=\"index, follow, max-snippet:-1, max-image-preview:large, max-video-preview:-1\" \/>\n<link rel=\"canonical\" href=\"https:\/\/abermove.com\/pt\/after-sales\/\" \/>\n<meta property=\"og:locale\" content=\"pt_PT\" \/>\n<meta property=\"og:type\" content=\"article\" \/>\n<meta property=\"og:title\" content=\"P\u00f3s-venda - ABERMOVE - Sistemas de Eleva\u00e7\u00e3o e Movimenta\u00e7\u00e3o\" \/>\n<meta property=\"og:description\" content=\"P\u00f3s-venda - ABERMOVE - Sistemas de Eleva\u00e7\u00e3o e Movimenta\u00e7\u00e3o - A ABERMOVE providencia um servi\u00e7o ajustado \u00e0s necessidades dos clientes.\" \/>\n<meta property=\"og:url\" content=\"https:\/\/abermove.com\/pt\/after-sales\/\" \/>\n<meta property=\"og:site_name\" content=\"ABERMOVE\" \/>\n<meta property=\"article:modified_time\" content=\"2018-07-10T14:29:44+00:00\" \/>\n<meta name=\"author\" content=\"ABERMOVE\" \/>\n<meta name=\"twitter:card\" content=\"summary_large_image\" \/>\n<meta name=\"twitter:label1\" content=\"Tempo estimado de leitura\" \/>\n\t<meta name=\"twitter:data1\" content=\"1 minuto\" \/>\n<script type=\"application\/ld+json\" class=\"yoast-schema-graph\">{\"@context\":\"https:\/\/schema.org\",\"@graph\":[{\"@type\":\"WebSite\",\"@id\":\"https:\/\/abermove.com\/#website\",\"url\":\"https:\/\/abermove.com\/\",\"name\":\"ABERMOVE\",\"description\":\"- eleva\u00e7\u00e3o e movimenta\u00e7\u00e3o\",\"potentialAction\":[{\"@type\":\"SearchAction\",\"target\":{\"@type\":\"EntryPoint\",\"urlTemplate\":\"https:\/\/abermove.com\/?s={search_term_string}\"},\"query-input\":\"required name=search_term_string\"}],\"inLanguage\":\"pt-PT\"},{\"@type\":\"WebPage\",\"@id\":\"https:\/\/abermove.com\/pt\/after-sales\/#webpage\",\"url\":\"https:\/\/abermove.com\/pt\/after-sales\/\",\"name\":\"P\u00f3s-venda - ABERMOVE - Sistemas de Eleva\u00e7\u00e3o e Movimenta\u00e7\u00e3o\",\"isPartOf\":{\"@id\":\"https:\/\/abermove.com\/#website\"},\"datePublished\":\"2017-09-19T07:58:30+00:00\",\"dateModified\":\"2018-07-10T14:29:44+00:00\",\"description\":\"P\u00f3s-venda - ABERMOVE - Sistemas de Eleva\u00e7\u00e3o e Movimenta\u00e7\u00e3o - A ABERMOVE providencia um servi\u00e7o ajustado \u00e0s necessidades dos clientes.\",\"breadcrumb\":{\"@id\":\"https:\/\/abermove.com\/pt\/after-sales\/#breadcrumb\"},\"inLanguage\":\"pt-PT\",\"potentialAction\":[{\"@type\":\"ReadAction\",\"target\":[\"https:\/\/abermove.com\/pt\/after-sales\/\"]}]},{\"@type\":\"BreadcrumbList\",\"@id\":\"https:\/\/abermove.com\/pt\/after-sales\/#breadcrumb\",\"itemListElement\":[{\"@type\":\"ListItem\",\"position\":1,\"name\":\"Home\",\"item\":\"https:\/\/abermove.com\/\"},{\"@type\":\"ListItem\",\"position\":2,\"name\":\"P\u00f3s-venda\"}]}]}<\/script>\n<!-- \/ Yoast SEO plugin. -->","yoast_head_json":{"title":"P\u00f3s-venda - ABERMOVE - Sistemas de Eleva\u00e7\u00e3o e Movimenta\u00e7\u00e3o","description":"P\u00f3s-venda - ABERMOVE - Sistemas de Eleva\u00e7\u00e3o e Movimenta\u00e7\u00e3o - A ABERMOVE providencia um servi\u00e7o ajustado \u00e0s necessidades dos clientes.","robots":{"index":"index","follow":"follow","max-snippet":"max-snippet:-1","max-image-preview":"max-image-preview:large","max-video-preview":"max-video-preview:-1"},"canonical":"https:\/\/abermove.com\/pt\/after-sales\/","og_locale":"pt_PT","og_type":"article","og_title":"P\u00f3s-venda - ABERMOVE - Sistemas de Eleva\u00e7\u00e3o e Movimenta\u00e7\u00e3o","og_description":"P\u00f3s-venda - ABERMOVE - Sistemas de Eleva\u00e7\u00e3o e Movimenta\u00e7\u00e3o - A ABERMOVE providencia um servi\u00e7o ajustado \u00e0s necessidades dos clientes.","og_url":"https:\/\/abermove.com\/pt\/after-sales\/","og_site_name":"ABERMOVE","article_modified_time":"2018-07-10T14:29:44+00:00","author":"ABERMOVE","twitter_card":"summary_large_image","twitter_misc":{"Tempo estimado de leitura":"1 minuto"},"schema":{"@context":"https:\/\/schema.org","@graph":[{"@type":"WebSite","@id":"https:\/\/abermove.com\/#website","url":"https:\/\/abermove.com\/","name":"ABERMOVE","description":"- eleva\u00e7\u00e3o e movimenta\u00e7\u00e3o","potentialAction":[{"@type":"SearchAction","target":{"@type":"EntryPoint","urlTemplate":"https:\/\/abermove.com\/?s={search_term_string}"},"query-input":"required name=search_term_string"}],"inLanguage":"pt-PT"},{"@type":"WebPage","@id":"https:\/\/abermove.com\/pt\/after-sales\/#webpage","url":"https:\/\/abermove.com\/pt\/after-sales\/","name":"P\u00f3s-venda - ABERMOVE - Sistemas de Eleva\u00e7\u00e3o e Movimenta\u00e7\u00e3o","isPartOf":{"@id":"https:\/\/abermove.com\/#website"},"datePublished":"2017-09-19T07:58:30+00:00","dateModified":"2018-07-10T14:29:44+00:00","description":"P\u00f3s-venda - ABERMOVE - Sistemas de Eleva\u00e7\u00e3o e Movimenta\u00e7\u00e3o - A ABERMOVE providencia um servi\u00e7o ajustado \u00e0s necessidades dos clientes.","breadcrumb":{"@id":"https:\/\/abermove.com\/pt\/after-sales\/#breadcrumb"},"inLanguage":"pt-PT","potentialAction":[{"@type":"ReadAction","target":["https:\/\/abermove.com\/pt\/after-sales\/"]}]},{"@type":"BreadcrumbList","@id":"https:\/\/abermove.com\/pt\/after-sales\/#breadcrumb","itemListElement":[{"@type":"ListItem","position":1,"name":"Home","item":"https:\/\/abermove.com\/"},{"@type":"ListItem","position":2,"name":"P\u00f3s-venda"}]}]}},"_links":{"self":[{"href":"https:\/\/abermove.com\/pt\/wp-json\/wp\/v2\/pages\/2077"}],"collection":[{"href":"https:\/\/abermove.com\/pt\/wp-json\/wp\/v2\/pages"}],"about":[{"href":"https:\/\/abermove.com\/pt\/wp-json\/wp\/v2\/types\/page"}],"author":[{"embeddable":true,"href":"https:\/\/abermove.com\/pt\/wp-json\/wp\/v2\/users\/1"}],"replies":[{"embeddable":true,"href":"https:\/\/abermove.com\/pt\/wp-json\/wp\/v2\/comments?post=2077"}],"version-history":[{"count":6,"href":"https:\/\/abermove.com\/pt\/wp-json\/wp\/v2\/pages\/2077\/revisions"}],"predecessor-version":[{"id":2862,"href":"https:\/\/abermove.com\/pt\/wp-json\/wp\/v2\/pages\/2077\/revisions\/2862"}],"wp:attachment":[{"href":"https:\/\/abermove.com\/pt\/wp-json\/wp\/v2\/media?parent=2077"}],"curies":[{"name":"wp","href":"https:\/\/api.w.org\/{rel}","templated":true}]}}