{"id":2080,"date":"2017-09-19T08:00:00","date_gmt":"2017-09-19T08:00:00","guid":{"rendered":"http:\/\/212.129.25.185\/~abermove\/?page_id=2080"},"modified":"2018-07-10T17:16:16","modified_gmt":"2018-07-10T16:16:16","slug":"terms-of-use","status":"publish","type":"page","link":"https:\/\/abermove.com\/pt\/terms-of-use\/","title":{"rendered":"Condi\u00e7\u00f5es de Uso"},"content":{"rendered":"<p>Aqui voc\u00ea pode consultar os Termos de Uso do site da ABERMOVE<\/p>\n<h2><strong>Condi\u00e7\u00f5es de Uso<\/strong><\/h2>\n<p>Ao aceder a www.abermove.com, voc\u00ea concorda com as condi\u00e7\u00f5es de uso e \u00e9 respons\u00e1vel pela conformidade com as leis locais aplic\u00e1veis. A ABERMOVE pode rever estas condi\u00e7\u00f5es de uso a qualquer momento, sem aviso pr\u00e9vio.<\/p>\n<p>Ao utilizar este site, voc\u00ea concorda com a vers\u00e3o actual destas condi\u00e7\u00f5es de uso. Se voc\u00ea n\u00e3o concorda com algumas destas condi\u00e7\u00f5es, voc\u00ea est\u00e1 proibido de usar ou aceder este site. Todos os materiais contidos neste site est\u00e3o protegidos pelas leis aplic\u00e1veis \u200b\u200bde direitos de autor e marcas registadas.<\/p>\n<p><strong>Licen\u00e7a\u00a0 \u00a0 \u00a0 \u00a0 \u00a0 \u00a0 \u00a0 \u00a0 \u00a0 \u00a0 \u00a0 \u00a0 \u00a0 \u00a0 \u00a0 \u00a0 \u00a0 \u00a0 \u00a0 \u00a0 \u00a0 \u00a0 \u00a0 \u00a0 \u00a0\u00a0<\/strong><\/p>\n<p>Voc\u00ea recebe uma licen\u00e7a para baixar c\u00f3pias dos materiais (informa\u00e7\u00f5es ou software) no site da ABERMOVE para visualiza\u00e7\u00e3o pessoal e n\u00e3o comercial e <strong>voc\u00ea n\u00e3o pode<\/strong>, sem autoriza\u00e7\u00e3o da ABERMOVE:<\/p>\n<ul>\n<li>modificar os materiais sem autoriza\u00e7\u00e3o da ABERMOVE;<\/li>\n<li>usar os materiais para exibi\u00e7\u00e3o p\u00fablica ou fins comerciais;<\/li>\n<li>descompilar ou fazer engenharia reversa de qualquer software contido no site da ABERMOVE;<\/li>\n<li>remover os direitos de autor dos materiais;<\/li>\n<li>transferir os materiais para outra pessoa ou public\u00e1-los em outro site.<\/li>\n<li><\/li>\n<\/ul>\n<p>Esta licen\u00e7a ser\u00e1 automaticamente rescindida se qualquer uma das restri\u00e7\u00f5es mencionadas acima for violada e poder\u00e1 ser denunciada pela ABER a qualquer momento.<\/p>\n<p><strong>Isen\u00e7\u00e3o e\u00a0<\/strong><b>Responsabilidade<\/b><\/p>\n<p>Todos os materiais em aber.pt s\u00e3o fornecidos &#8220;como est\u00e3o&#8221;.<\/p>\n<p>A ABERMOVE n\u00e3o garante a exatid\u00e3o ou confiabilidade do uso dos materiais contidos em seu site ou relacionados a tais materiais.<\/p>\n<p>A ABERMOVE ou seus fornecedores n\u00e3o ser\u00e3o respons\u00e1veis \u200b\u200bpor quaisquer danos decorrentes do uso ou incapacidade de usar os materiais no site da ABERMOVE, mesmo que sejam notificados da possibilidade de tais danos.<\/p>\n<p>A ABERMOVE n\u00e3o \u00e9 respons\u00e1vel pelo conte\u00fado de qualquer site vinculado e sua inclus\u00e3o n\u00e3o implica no endosso da ABERMOVE.<\/p>","protected":false},"excerpt":{"rendered":"<p>Aqui voc\u00ea pode consultar os Termos de Uso do site da ABERMOVE Condi\u00e7\u00f5es de Uso Ao aceder a www.abermove.com, voc\u00ea concorda com as condi\u00e7\u00f5es de uso e \u00e9 respons\u00e1vel pela&#8230;<\/p>\n","protected":false},"author":1,"featured_media":0,"parent":0,"menu_order":0,"comment_status":"closed","ping_status":"closed","template":"","meta":{"_monsterinsights_skip_tracking":false,"_monsterinsights_sitenote_active":false,"_monsterinsights_sitenote_note":"","_monsterinsights_sitenote_category":0},"yoast_head":"<!-- This site is optimized with the Yoast SEO plugin v19.2 - https:\/\/yoast.com\/wordpress\/plugins\/seo\/ -->\n<title>(Portugu\u00eas) Condi\u00e7\u00f5es de Uso - ABERMOVE - Sistemas de Eleva\u00e7\u00e3o e Movimenta\u00e7\u00e3o<\/title>\n<meta name=\"description\" content=\"(Portugu\u00eas) Condi\u00e7\u00f5es de Uso - ABERMOVE - Sistemas de Eleva\u00e7\u00e3o e Movimenta\u00e7\u00e3o - Aqui voc\u00ea pode consultar os Termos de Uso do site da ABERMOVE.\" \/>\n<meta name=\"robots\" content=\"index, follow, max-snippet:-1, max-image-preview:large, max-video-preview:-1\" \/>\n<link rel=\"canonical\" href=\"https:\/\/abermove.com\/terms-of-use\/\" \/>\n<meta property=\"og:locale\" content=\"pt_PT\" \/>\n<meta property=\"og:type\" content=\"article\" \/>\n<meta property=\"og:title\" content=\"(Portugu\u00eas) Condi\u00e7\u00f5es de Uso - ABERMOVE - Sistemas de Eleva\u00e7\u00e3o e Movimenta\u00e7\u00e3o\" \/>\n<meta property=\"og:description\" content=\"(Portugu\u00eas) Condi\u00e7\u00f5es de Uso - ABERMOVE - Sistemas de Eleva\u00e7\u00e3o e Movimenta\u00e7\u00e3o - Aqui voc\u00ea pode consultar os Termos de Uso do site da ABERMOVE.\" \/>\n<meta property=\"og:url\" content=\"https:\/\/abermove.com\/terms-of-use\/\" \/>\n<meta property=\"og:site_name\" content=\"ABERMOVE\" \/>\n<meta property=\"article:modified_time\" content=\"2018-07-10T16:16:16+00:00\" \/>\n<meta name=\"author\" content=\"ABERMOVE\" \/>\n<meta name=\"twitter:card\" content=\"summary_large_image\" \/>\n<meta name=\"twitter:label1\" content=\"Tempo estimado de leitura\" \/>\n\t<meta name=\"twitter:data1\" content=\"3 minutos\" \/>\n<script type=\"application\/ld+json\" class=\"yoast-schema-graph\">{\"@context\":\"https:\/\/schema.org\",\"@graph\":[{\"@type\":\"WebSite\",\"@id\":\"https:\/\/abermove.com\/#website\",\"url\":\"https:\/\/abermove.com\/\",\"name\":\"ABERMOVE\",\"description\":\"- eleva\u00e7\u00e3o e movimenta\u00e7\u00e3o\",\"potentialAction\":[{\"@type\":\"SearchAction\",\"target\":{\"@type\":\"EntryPoint\",\"urlTemplate\":\"https:\/\/abermove.com\/?s={search_term_string}\"},\"query-input\":\"required name=search_term_string\"}],\"inLanguage\":\"pt-PT\"},{\"@type\":\"WebPage\",\"@id\":\"https:\/\/abermove.com\/terms-of-use\/#webpage\",\"url\":\"https:\/\/abermove.com\/terms-of-use\/\",\"name\":\"(Portugu\u00eas) Condi\u00e7\u00f5es de Uso - ABERMOVE - Sistemas de Eleva\u00e7\u00e3o e Movimenta\u00e7\u00e3o\",\"isPartOf\":{\"@id\":\"https:\/\/abermove.com\/#website\"},\"datePublished\":\"2017-09-19T08:00:00+00:00\",\"dateModified\":\"2018-07-10T16:16:16+00:00\",\"description\":\"(Portugu\u00eas) Condi\u00e7\u00f5es de Uso - ABERMOVE - Sistemas de Eleva\u00e7\u00e3o e Movimenta\u00e7\u00e3o - Aqui voc\u00ea pode consultar os Termos de Uso do site da ABERMOVE.\",\"breadcrumb\":{\"@id\":\"https:\/\/abermove.com\/terms-of-use\/#breadcrumb\"},\"inLanguage\":\"pt-PT\",\"potentialAction\":[{\"@type\":\"ReadAction\",\"target\":[\"https:\/\/abermove.com\/terms-of-use\/\"]}]},{\"@type\":\"BreadcrumbList\",\"@id\":\"https:\/\/abermove.com\/terms-of-use\/#breadcrumb\",\"itemListElement\":[{\"@type\":\"ListItem\",\"position\":1,\"name\":\"Home\",\"item\":\"https:\/\/abermove.com\/\"},{\"@type\":\"ListItem\",\"position\":2,\"name\":\"Terms of Use\"}]}]}<\/script>\n<!-- \/ Yoast SEO plugin. -->","yoast_head_json":{"title":"(Portugu\u00eas) Condi\u00e7\u00f5es de Uso - ABERMOVE - Sistemas de Eleva\u00e7\u00e3o e Movimenta\u00e7\u00e3o","description":"(Portugu\u00eas) Condi\u00e7\u00f5es de Uso - ABERMOVE - Sistemas de Eleva\u00e7\u00e3o e Movimenta\u00e7\u00e3o - Aqui voc\u00ea pode consultar os Termos de Uso do site da ABERMOVE.","robots":{"index":"index","follow":"follow","max-snippet":"max-snippet:-1","max-image-preview":"max-image-preview:large","max-video-preview":"max-video-preview:-1"},"canonical":"https:\/\/abermove.com\/terms-of-use\/","og_locale":"pt_PT","og_type":"article","og_title":"(Portugu\u00eas) Condi\u00e7\u00f5es de Uso - ABERMOVE - Sistemas de Eleva\u00e7\u00e3o e Movimenta\u00e7\u00e3o","og_description":"(Portugu\u00eas) Condi\u00e7\u00f5es de Uso - ABERMOVE - Sistemas de Eleva\u00e7\u00e3o e Movimenta\u00e7\u00e3o - Aqui voc\u00ea pode consultar os Termos de Uso do site da ABERMOVE.","og_url":"https:\/\/abermove.com\/terms-of-use\/","og_site_name":"ABERMOVE","article_modified_time":"2018-07-10T16:16:16+00:00","author":"ABERMOVE","twitter_card":"summary_large_image","twitter_misc":{"Tempo estimado de leitura":"3 minutos"},"schema":{"@context":"https:\/\/schema.org","@graph":[{"@type":"WebSite","@id":"https:\/\/abermove.com\/#website","url":"https:\/\/abermove.com\/","name":"ABERMOVE","description":"- eleva\u00e7\u00e3o e movimenta\u00e7\u00e3o","potentialAction":[{"@type":"SearchAction","target":{"@type":"EntryPoint","urlTemplate":"https:\/\/abermove.com\/?s={search_term_string}"},"query-input":"required name=search_term_string"}],"inLanguage":"pt-PT"},{"@type":"WebPage","@id":"https:\/\/abermove.com\/terms-of-use\/#webpage","url":"https:\/\/abermove.com\/terms-of-use\/","name":"(Portugu\u00eas) Condi\u00e7\u00f5es de Uso - ABERMOVE - Sistemas de Eleva\u00e7\u00e3o e Movimenta\u00e7\u00e3o","isPartOf":{"@id":"https:\/\/abermove.com\/#website"},"datePublished":"2017-09-19T08:00:00+00:00","dateModified":"2018-07-10T16:16:16+00:00","description":"(Portugu\u00eas) Condi\u00e7\u00f5es de Uso - ABERMOVE - Sistemas de Eleva\u00e7\u00e3o e Movimenta\u00e7\u00e3o - Aqui voc\u00ea pode consultar os Termos de Uso do site da ABERMOVE.","breadcrumb":{"@id":"https:\/\/abermove.com\/terms-of-use\/#breadcrumb"},"inLanguage":"pt-PT","potentialAction":[{"@type":"ReadAction","target":["https:\/\/abermove.com\/terms-of-use\/"]}]},{"@type":"BreadcrumbList","@id":"https:\/\/abermove.com\/terms-of-use\/#breadcrumb","itemListElement":[{"@type":"ListItem","position":1,"name":"Home","item":"https:\/\/abermove.com\/"},{"@type":"ListItem","position":2,"name":"Terms of Use"}]}]}},"_links":{"self":[{"href":"https:\/\/abermove.com\/pt\/wp-json\/wp\/v2\/pages\/2080"}],"collection":[{"href":"https:\/\/abermove.com\/pt\/wp-json\/wp\/v2\/pages"}],"about":[{"href":"https:\/\/abermove.com\/pt\/wp-json\/wp\/v2\/types\/page"}],"author":[{"embeddable":true,"href":"https:\/\/abermove.com\/pt\/wp-json\/wp\/v2\/users\/1"}],"replies":[{"embeddable":true,"href":"https:\/\/abermove.com\/pt\/wp-json\/wp\/v2\/comments?post=2080"}],"version-history":[{"count":4,"href":"https:\/\/abermove.com\/pt\/wp-json\/wp\/v2\/pages\/2080\/revisions"}],"predecessor-version":[{"id":2875,"href":"https:\/\/abermove.com\/pt\/wp-json\/wp\/v2\/pages\/2080\/revisions\/2875"}],"wp:attachment":[{"href":"https:\/\/abermove.com\/pt\/wp-json\/wp\/v2\/media?parent=2080"}],"curies":[{"name":"wp","href":"https:\/\/api.w.org\/{rel}","templated":true}]}}