{"id":2084,"date":"2017-09-19T08:01:01","date_gmt":"2017-09-19T08:01:01","guid":{"rendered":"http:\/\/212.129.25.185\/~abermove\/?page_id=2084"},"modified":"2018-07-10T15:56:35","modified_gmt":"2018-07-10T14:56:35","slug":"privacy-policy-and-cookies","status":"publish","type":"page","link":"https:\/\/abermove.com\/pt\/privacy-policy-and-cookies\/","title":{"rendered":"Pol\u00edtica de Privacidade e Cookies"},"content":{"rendered":"<p><\/p>\n<h3><strong>Pol\u00edtica de Privacidade<\/strong><\/h3>\n<p>N\u00f3s respeitamos a sua privacidade em rela\u00e7\u00e3o a qualquer informa\u00e7\u00e3o que possamos recolher durante as opera\u00e7\u00f5es efectuadas neste site. Esta pol\u00edtica de privacidade pretende ajudar a entender como recolhemos, usamos, divulgamos e fazemos uso de informa\u00e7\u00f5es pessoais. N\u00f3s delineamos a nossa pol\u00edtica de privacidade abaixo:<\/p>\n<ul>\n<li>Identificaremos os prop\u00f3sitos para os quais as informa\u00e7\u00f5es est\u00e3o sendo recolhidas e obteremos o consentimento sempre que for apropriado.<\/li>\n<li>As informa\u00e7\u00f5es pessoais ser\u00e3o usadas somente para os fins especificados por n\u00f3s, e faremos esfor\u00e7os para torn\u00e1-las precisas, completas e actualizadas, e s\u00f3 ser\u00e3o retidas pelo tempo necess\u00e1rio para o cumprimento desses prop\u00f3sitos.<\/li>\n<li>Usaremos medidas de seguran\u00e7a razo\u00e1veis \u200b\u200bcontra perda ou roubo, bem como acesso n\u00e3o autorizado, divulga\u00e7\u00e3o, c\u00f3pia, uso ou modifica\u00e7\u00e3o de suas informa\u00e7\u00f5es pessoais.<\/li>\n<\/ul>\n<p>&nbsp;<\/p>\n<p><strong>GDPR &#8211; General Data Protection Regulation<\/strong><\/p>\n<p><a href=\"https:\/\/ec.europa.eu\/commission\/priorities\/justice-and-fundamental-rights\/data-protection\/2018-reform-eu-data-protection-rules_en\" target=\"_blank\" rel=\"noopener\"><span style=\"color: #ff0000;\">Veja aqui<\/span><\/a> as informa\u00e7\u00f5es sobre o GDPR \u2013 General Data Protection Regulation &#8211; disponibilizadas pela Comiss\u00e3o Europeia.<\/p>\n<p><em><b>Respons\u00e1vel de Protec\u00e7\u00e3o\u00a0de Dados<\/b><\/em><\/p>\n<p>A entidade respons\u00e1vel pela recolha e tratamento de dados pessoais \u00e9 a ABER, LDA., com o n\u00famero de contribuinte 501667644. Qualquer d\u00favida ou se desejar exercer algum dos seus direitos, por favor contacte atrav\u00e9s dos seguintes meios:<\/p>\n<p><strong>Correio (Carta)<\/strong><br \/>\nR. Francisco de Almeida 30B, 4470-410 Vila Nova da Telha &#8211; PORTUGAL<\/p>\n<p><strong>Email<\/strong><br \/>\n<span style=\"color: #ff0000;\"><a style=\"color: #ff0000;\">epdados@aber.pt\u00a0<\/a><\/span><\/p>\n<p>&nbsp;<\/p>\n<p>&nbsp;<\/p>\n<h3><strong>\u00a0<\/strong><strong>Pol\u00edtica de Cookies<\/strong><\/h3>\n<p>N\u00f3s usamos cookies neste site. Um cookie \u00e9 um pequeno arquivo de texto que identifica seu computador para o nosso servidor. Os cookies em si n\u00e3o identificam o usu\u00e1rio individual, apenas o computador usado. Os cookies n\u00e3o s\u00e3o usados \u200b\u200bpara coletar informa\u00e7\u00f5es pessoais. Voc\u00ea tem a oportunidade de configurar seu computador para aceitar todos os cookies, para notific\u00e1-lo quando um cookie \u00e9 emitido ou para n\u00e3o receber cookies a qualquer momento. A maneira como voc\u00ea faz isso depende do navegador da Web que voc\u00ea usa. Por favor, consulte a fun\u00e7\u00e3o &#8220;Ajuda&#8221; do seu navegador. Se voc\u00ea aceitar cookies, eles poder\u00e3o permanecer no seu computador por muitos anos, a menos que voc\u00ea os exclua. Por favor, note que desligar os cookies pode limitar o uso de sites em geral. Aqui est\u00e1 uma lista dos principais cookies que usamos e para que os usamos.<\/p>\n<p><strong>Google Analytics browser opt-out<\/strong><\/p>\n<p>Para fornecer aos visitantes do website mais op\u00e7\u00f5es sobre como seus dados s\u00e3o coletados pelo Google Analytics, o Google desenvolveu o Add-on do navegador para desativa\u00e7\u00e3o do Google Analytics. O complemento se comunica com o JavaScript do Google Analytics (ga.js) para indicar que as informa\u00e7\u00f5es sobre a visita ao website n\u00e3o devem ser enviadas ao Google Analytics. O Add-on do navegador para desativa\u00e7\u00e3o do Google Analytics n\u00e3o impede que as informa\u00e7\u00f5es sejam enviadas para o pr\u00f3prio site ou para outros servi\u00e7os de an\u00e1lise da web. Saiba mais sobre o Add-on do Google Analytics browser opt-out :\u00a0<a href=\"https:\/\/tools.google.com\/dlpage\/gaoptout?hl=None\"><span style=\"color: #ff0000;\">https:\/\/tools.google.com\/dlpage\/gaoptout?hl=None<\/span><\/a><\/p>\n<p><strong>Acordo de Privacidade<\/strong><\/p>\n<p>Ao utilizar este site, voc\u00ea concorda com a coleta e uso de suas informa\u00e7\u00f5es por n\u00f3s, conforme estabelecido nesta pol\u00edtica de privacidade. Se alterarmos a nossa pol\u00edtica de privacidade de qualquer forma, essas altera\u00e7\u00f5es ser\u00e3o publicadas neste site.<\/p>","protected":false},"excerpt":{"rendered":"<p>Pol\u00edtica de Privacidade N\u00f3s respeitamos a sua privacidade em rela\u00e7\u00e3o a qualquer informa\u00e7\u00e3o que possamos recolher durante as opera\u00e7\u00f5es efectuadas neste site. Esta pol\u00edtica de privacidade pretende ajudar a entender&#8230;<\/p>\n","protected":false},"author":1,"featured_media":0,"parent":0,"menu_order":0,"comment_status":"closed","ping_status":"closed","template":"","meta":{"_monsterinsights_skip_tracking":false,"_monsterinsights_sitenote_active":false,"_monsterinsights_sitenote_note":"","_monsterinsights_sitenote_category":0},"yoast_head":"<!-- This site is optimized with the Yoast SEO plugin v19.2 - https:\/\/yoast.com\/wordpress\/plugins\/seo\/ -->\n<title>Pol\u00edtica de Privacidade e Cookies - ABERMOVE - Pol\u00edtica de Privacidade<\/title>\n<meta name=\"description\" content=\"Pol\u00edtica de Privacidade e Cookies - ABERMOVE - Pol\u00edtica de Privacidade - N\u00f3s respeitamos a sua privacidade em rela\u00e7\u00e3o a qualquer informa\u00e7\u00e3o que possamos...\" \/>\n<meta name=\"robots\" content=\"index, follow, max-snippet:-1, max-image-preview:large, max-video-preview:-1\" \/>\n<link rel=\"canonical\" href=\"https:\/\/abermove.com\/pt\/privacy-policy-and-cookies\/\" \/>\n<meta property=\"og:locale\" content=\"pt_PT\" \/>\n<meta property=\"og:type\" content=\"article\" \/>\n<meta property=\"og:title\" content=\"Pol\u00edtica de Privacidade e Cookies - ABERMOVE - Pol\u00edtica de Privacidade\" \/>\n<meta property=\"og:description\" content=\"Pol\u00edtica de Privacidade e Cookies - ABERMOVE - Pol\u00edtica de Privacidade - N\u00f3s respeitamos a sua privacidade em rela\u00e7\u00e3o a qualquer informa\u00e7\u00e3o que possamos...\" \/>\n<meta property=\"og:url\" content=\"https:\/\/abermove.com\/pt\/privacy-policy-and-cookies\/\" \/>\n<meta property=\"og:site_name\" content=\"ABERMOVE\" \/>\n<meta property=\"article:modified_time\" content=\"2018-07-10T14:56:35+00:00\" \/>\n<meta name=\"author\" content=\"ABERMOVE\" \/>\n<meta name=\"twitter:card\" content=\"summary_large_image\" \/>\n<meta name=\"twitter:label1\" content=\"Tempo estimado de leitura\" \/>\n\t<meta name=\"twitter:data1\" content=\"5 minutos\" \/>\n<script type=\"application\/ld+json\" class=\"yoast-schema-graph\">{\"@context\":\"https:\/\/schema.org\",\"@graph\":[{\"@type\":\"WebSite\",\"@id\":\"https:\/\/abermove.com\/#website\",\"url\":\"https:\/\/abermove.com\/\",\"name\":\"ABERMOVE\",\"description\":\"- eleva\u00e7\u00e3o e movimenta\u00e7\u00e3o\",\"potentialAction\":[{\"@type\":\"SearchAction\",\"target\":{\"@type\":\"EntryPoint\",\"urlTemplate\":\"https:\/\/abermove.com\/?s={search_term_string}\"},\"query-input\":\"required name=search_term_string\"}],\"inLanguage\":\"pt-PT\"},{\"@type\":\"WebPage\",\"@id\":\"https:\/\/abermove.com\/pt\/privacy-policy-and-cookies\/#webpage\",\"url\":\"https:\/\/abermove.com\/pt\/privacy-policy-and-cookies\/\",\"name\":\"Pol\u00edtica de Privacidade e Cookies - ABERMOVE - Pol\u00edtica de Privacidade\",\"isPartOf\":{\"@id\":\"https:\/\/abermove.com\/#website\"},\"datePublished\":\"2017-09-19T08:01:01+00:00\",\"dateModified\":\"2018-07-10T14:56:35+00:00\",\"description\":\"Pol\u00edtica de Privacidade e Cookies - ABERMOVE - Pol\u00edtica de Privacidade - N\u00f3s respeitamos a sua privacidade em rela\u00e7\u00e3o a qualquer informa\u00e7\u00e3o que possamos...\",\"breadcrumb\":{\"@id\":\"https:\/\/abermove.com\/pt\/privacy-policy-and-cookies\/#breadcrumb\"},\"inLanguage\":\"pt-PT\",\"potentialAction\":[{\"@type\":\"ReadAction\",\"target\":[\"https:\/\/abermove.com\/pt\/privacy-policy-and-cookies\/\"]}]},{\"@type\":\"BreadcrumbList\",\"@id\":\"https:\/\/abermove.com\/pt\/privacy-policy-and-cookies\/#breadcrumb\",\"itemListElement\":[{\"@type\":\"ListItem\",\"position\":1,\"name\":\"Home\",\"item\":\"https:\/\/abermove.com\/\"},{\"@type\":\"ListItem\",\"position\":2,\"name\":\"Pol\u00edtica de Privacidade e Cookies\"}]}]}<\/script>\n<!-- \/ Yoast SEO plugin. -->","yoast_head_json":{"title":"Pol\u00edtica de Privacidade e Cookies - ABERMOVE - Pol\u00edtica de Privacidade","description":"Pol\u00edtica de Privacidade e Cookies - ABERMOVE - Pol\u00edtica de Privacidade - N\u00f3s respeitamos a sua privacidade em rela\u00e7\u00e3o a qualquer informa\u00e7\u00e3o que possamos...","robots":{"index":"index","follow":"follow","max-snippet":"max-snippet:-1","max-image-preview":"max-image-preview:large","max-video-preview":"max-video-preview:-1"},"canonical":"https:\/\/abermove.com\/pt\/privacy-policy-and-cookies\/","og_locale":"pt_PT","og_type":"article","og_title":"Pol\u00edtica de Privacidade e Cookies - ABERMOVE - Pol\u00edtica de Privacidade","og_description":"Pol\u00edtica de Privacidade e Cookies - ABERMOVE - Pol\u00edtica de Privacidade - N\u00f3s respeitamos a sua privacidade em rela\u00e7\u00e3o a qualquer informa\u00e7\u00e3o que possamos...","og_url":"https:\/\/abermove.com\/pt\/privacy-policy-and-cookies\/","og_site_name":"ABERMOVE","article_modified_time":"2018-07-10T14:56:35+00:00","author":"ABERMOVE","twitter_card":"summary_large_image","twitter_misc":{"Tempo estimado de leitura":"5 minutos"},"schema":{"@context":"https:\/\/schema.org","@graph":[{"@type":"WebSite","@id":"https:\/\/abermove.com\/#website","url":"https:\/\/abermove.com\/","name":"ABERMOVE","description":"- eleva\u00e7\u00e3o e movimenta\u00e7\u00e3o","potentialAction":[{"@type":"SearchAction","target":{"@type":"EntryPoint","urlTemplate":"https:\/\/abermove.com\/?s={search_term_string}"},"query-input":"required name=search_term_string"}],"inLanguage":"pt-PT"},{"@type":"WebPage","@id":"https:\/\/abermove.com\/pt\/privacy-policy-and-cookies\/#webpage","url":"https:\/\/abermove.com\/pt\/privacy-policy-and-cookies\/","name":"Pol\u00edtica de Privacidade e Cookies - ABERMOVE - Pol\u00edtica de Privacidade","isPartOf":{"@id":"https:\/\/abermove.com\/#website"},"datePublished":"2017-09-19T08:01:01+00:00","dateModified":"2018-07-10T14:56:35+00:00","description":"Pol\u00edtica de Privacidade e Cookies - ABERMOVE - Pol\u00edtica de Privacidade - N\u00f3s respeitamos a sua privacidade em rela\u00e7\u00e3o a qualquer informa\u00e7\u00e3o que possamos...","breadcrumb":{"@id":"https:\/\/abermove.com\/pt\/privacy-policy-and-cookies\/#breadcrumb"},"inLanguage":"pt-PT","potentialAction":[{"@type":"ReadAction","target":["https:\/\/abermove.com\/pt\/privacy-policy-and-cookies\/"]}]},{"@type":"BreadcrumbList","@id":"https:\/\/abermove.com\/pt\/privacy-policy-and-cookies\/#breadcrumb","itemListElement":[{"@type":"ListItem","position":1,"name":"Home","item":"https:\/\/abermove.com\/"},{"@type":"ListItem","position":2,"name":"Pol\u00edtica de Privacidade e Cookies"}]}]}},"_links":{"self":[{"href":"https:\/\/abermove.com\/pt\/wp-json\/wp\/v2\/pages\/2084"}],"collection":[{"href":"https:\/\/abermove.com\/pt\/wp-json\/wp\/v2\/pages"}],"about":[{"href":"https:\/\/abermove.com\/pt\/wp-json\/wp\/v2\/types\/page"}],"author":[{"embeddable":true,"href":"https:\/\/abermove.com\/pt\/wp-json\/wp\/v2\/users\/1"}],"replies":[{"embeddable":true,"href":"https:\/\/abermove.com\/pt\/wp-json\/wp\/v2\/comments?post=2084"}],"version-history":[{"count":6,"href":"https:\/\/abermove.com\/pt\/wp-json\/wp\/v2\/pages\/2084\/revisions"}],"predecessor-version":[{"id":2865,"href":"https:\/\/abermove.com\/pt\/wp-json\/wp\/v2\/pages\/2084\/revisions\/2865"}],"wp:attachment":[{"href":"https:\/\/abermove.com\/pt\/wp-json\/wp\/v2\/media?parent=2084"}],"curies":[{"name":"wp","href":"https:\/\/api.w.org\/{rel}","templated":true}]}}