{"id":2088,"date":"2017-09-19T08:08:04","date_gmt":"2017-09-19T08:08:04","guid":{"rendered":"http:\/\/212.129.25.185\/~abermove\/?page_id=2088"},"modified":"2026-02-18T14:59:42","modified_gmt":"2026-02-18T14:59:42","slug":"about-us","status":"publish","type":"page","link":"https:\/\/abermove.com\/pt\/about-us\/","title":{"rendered":"Sobre N\u00f3s"},"content":{"rendered":"<p>[vc_row][vc_column][vc_single_image image=&#8221;2101&#8243; img_size=&#8221;full&#8221;][vc_column_text]A ABERMOVE concentrou o seu know\u2011how na Investiga\u00e7\u00e3o e Desenvolvimento de novos produtos, tornando-se respons\u00e1vel por in\u00fameras patentes industriais no setor oleo\u2011hidr\u00e1ulico.<\/p>\n<div>\n<p>Atualmente, a ABERMOVE opera em instala\u00e7\u00f5es com aproximadamente 7.300 m\u00b2, det\u00e9m o estatuto de PME L\u00edder e garante que toda a sua estrutura e os seus produtos cumprem a certifica\u00e7\u00e3o ISO 9001:2008, bem como o Diploma de Conformidade CE, respeitando todas as normas de seguran\u00e7a aplic\u00e1veis.<\/p>\n<\/div>\n<h5><\/h5>\n<h5><strong>A ABERMOVE \u00e9 tamb\u00e9m a marca dedicada a Sistemas de Eleva\u00e7\u00e3o e Manuseamento, organizada em quatro categorias distintas:<\/strong><\/h5>\n<h5><\/h5>\n<p>[\/vc_column_text][\/vc_column][\/vc_row][vc_row css=&#8221;.vc_custom_1505808919919{margin-top: -70px !important;}&#8221;][vc_column][vc_row_inner][vc_column_inner width=&#8221;1\/2&#8243;][vc_custom_heading text=&#8221;SISTEMAS DE PARQUEAMENTO&#8221; font_container=&#8221;tag:h3|text_align:left|color:%23cc0000&#8243; use_theme_fonts=&#8221;yes&#8221;][vc_column_text]<\/p>\n<h5>Parkaber &#8211; Duplo Parqueamento (Patenteado)<br \/>\nMonta Autos &#8211; Elevador Autom\u00f3veis<br \/>\nABER 360\u00ba &#8211; Plataforma Rotativa<br \/>\nSTOP CAR &#8211; Manual\/Hidra\u00falico<\/h5>\n<p>[\/vc_column_text][\/vc_column_inner][vc_column_inner width=&#8221;1\/2&#8243;][vc_custom_heading text=&#8221;SISTEMAS PARA TRABALHO&#8221; font_container=&#8221;tag:h3|text_align:left|color:%23cc0000&#8243; use_theme_fonts=&#8221;yes&#8221;][vc_column_text]<\/p>\n<h5>Monta Cargas<br \/>\nNiveladores de Cais<br \/>\nPlataformas Elevat\u00f3rias M\u00f3veis<br \/>\nPlataformas Elevat\u00f3rias de Tesoura<\/h5>\n<p>[\/vc_column_text][\/vc_column_inner][\/vc_row_inner][vc_row_inner css=&#8221;.vc_custom_1505808944459{margin-top: 50px !important;}&#8221;][vc_column_inner width=&#8221;1\/2&#8243;][vc_custom_heading text=&#8221;SISTEMAS RESIDENCIAIS&#8221; font_container=&#8221;tag:h3|text_align:left|color:%23cc0000&#8243; use_theme_fonts=&#8221;yes&#8221;][vc_column_text]<\/p>\n<h5>Elevadores Residenciais<br \/>\nMonta Pratos<br \/>\nCoberturas de Seguran\u00e7a para Piscinas (Patenteado)<br \/>\nPlataformas de Acessibilidade<\/h5>\n<p>[\/vc_column_text][\/vc_column_inner][vc_column_inner width=&#8221;1\/2&#8243;][vc_custom_heading text=&#8221;CONTENTORES SOTERRADOS&#8221; font_container=&#8221;tag:h3|text_align:left|color:%23cc0000&#8243; use_theme_fonts=&#8221;yes&#8221;][vc_column_text]<\/p>\n<h5>Gama Completa de Contentores Soterrados de Res\u00edduos S\u00f3lidos Urbanos (Patenteado)<\/h5>\n<p>[\/vc_column_text][\/vc_column_inner][\/vc_row_inner][\/vc_column][\/vc_row][vc_row css=&#8221;.vc_custom_1505810690969{margin-top: -20px !important;margin-bottom: 20px !important;}&#8221;][vc_column][vc_column_text]A cria\u00e7\u00e3o de in\u00fameras patentes de inven\u00e7\u00e3o e a constante introdu\u00e7\u00e3o de novos produtos como resultado da inova\u00e7\u00e3o e dinamismo da empresa, permitem que a ABER apresente solu\u00e7\u00f5es personalizadas \u00e0 medida das necessidades dos clientes.<\/p>\n<p>A ABERMOVE oferece tamb\u00e9m assist\u00eancia t\u00e9cnica, contratos de manuten\u00e7\u00e3o e um servi\u00e7o p\u00f3s-venda que garantem o perfeito funcionamento dos equipamentos.<\/p>\n<p>A ABER privilegia a honestidade na rela\u00e7\u00e3o empresa-cliente \/ empresa-fornecedor, o respeito pelos seus funcion\u00e1rios, o trabalho bem executado e a excel\u00eancia de seus produtos.[\/vc_column_text][\/vc_column][\/vc_row]<\/p>","protected":false},"excerpt":{"rendered":"<p>[vc_row][vc_column][vc_single_image image=&#8221;2101&#8243; img_size=&#8221;full&#8221;][vc_column_text]A ABERMOVE concentrou o seu know\u2011how na Investiga\u00e7\u00e3o e Desenvolvimento de novos produtos, tornando-se respons\u00e1vel por in\u00fameras patentes industriais no setor oleo\u2011hidr\u00e1ulico. Atualmente, a ABERMOVE opera em instala\u00e7\u00f5es&#8230;<\/p>\n","protected":false},"author":1,"featured_media":0,"parent":0,"menu_order":0,"comment_status":"closed","ping_status":"closed","template":"","meta":{"_monsterinsights_skip_tracking":false,"_monsterinsights_sitenote_active":false,"_monsterinsights_sitenote_note":"","_monsterinsights_sitenote_category":0},"yoast_head":"<!-- This site is optimized with the Yoast SEO plugin v19.2 - https:\/\/yoast.com\/wordpress\/plugins\/seo\/ -->\n<title>Sobre N\u00f3s - ABERMOVE - Sistemas de Eleva\u00e7\u00e3o e Movimenta\u00e7\u00e3o<\/title>\n<meta name=\"description\" content=\"Sobre N\u00f3s - ABERMOVE - Sistemas de Eleva\u00e7\u00e3o e Movimenta\u00e7\u00e3o - A cria\u00e7\u00e3o de novos produtos como resultado da inova\u00e7\u00e3o e dinamismo da empresa ...Sobre N\u00f3s - ABERMOVE - Sistemas de Eleva\u00e7\u00e3o e Movimenta\u00e7\u00e3o - Fundada em 1972, na Maia, pelo mestre Ant\u00f3nio Bernardes, a ABER \u00e9 uma Industria Portuguesa ...\" \/>\n<meta name=\"robots\" content=\"index, follow, max-snippet:-1, max-image-preview:large, max-video-preview:-1\" \/>\n<link rel=\"canonical\" href=\"https:\/\/abermove.com\/about-us\/\" \/>\n<meta property=\"og:locale\" content=\"pt_PT\" \/>\n<meta property=\"og:type\" content=\"article\" \/>\n<meta property=\"og:title\" content=\"[:pt]Sobre N\u00f3s - ABERMOVE - Sistemas de Eleva\u00e7\u00e3o e Movimenta\u00e7\u00e3o[:]\" \/>\n<meta property=\"og:description\" content=\"{:pt}Sobre N\u00f3s - ABERMOVE - Sistemas de Eleva\u00e7\u00e3o e Movimenta\u00e7\u00e3o - A cria\u00e7\u00e3o de novos produtos como resultado da inova\u00e7\u00e3o e dinamismo da empresa ...Sobre N\u00f3s - ABERMOVE - Sistemas de Eleva\u00e7\u00e3o e Movimenta\u00e7\u00e3o - Fundada em 1972, na Maia, pelo mestre Ant\u00f3nio Bernardes, a ABER \u00e9 uma Industria Portuguesa ...{:}\" \/>\n<meta property=\"og:url\" content=\"https:\/\/abermove.com\/about-us\/\" \/>\n<meta property=\"og:site_name\" content=\"ABERMOVE\" \/>\n<meta property=\"article:modified_time\" content=\"2026-02-18T14:59:42+00:00\" \/>\n<meta name=\"author\" content=\"ABERMOVE\" \/>\n<meta name=\"twitter:card\" content=\"summary_large_image\" \/>\n<meta name=\"twitter:label1\" content=\"Tempo estimado de leitura\" \/>\n\t<meta name=\"twitter:data1\" content=\"2 minutos\" \/>\n<script type=\"application\/ld+json\" class=\"yoast-schema-graph\">{\"@context\":\"https:\/\/schema.org\",\"@graph\":[{\"@type\":\"WebSite\",\"@id\":\"https:\/\/abermove.com\/#website\",\"url\":\"https:\/\/abermove.com\/\",\"name\":\"ABERMOVE\",\"description\":\"- eleva\u00e7\u00e3o e movimenta\u00e7\u00e3o\",\"potentialAction\":[{\"@type\":\"SearchAction\",\"target\":{\"@type\":\"EntryPoint\",\"urlTemplate\":\"https:\/\/abermove.com\/?s={search_term_string}\"},\"query-input\":\"required name=search_term_string\"}],\"inLanguage\":\"pt-PT\"},{\"@type\":\"WebPage\",\"@id\":\"https:\/\/abermove.com\/about-us\/#webpage\",\"url\":\"https:\/\/abermove.com\/about-us\/\",\"name\":\"[:pt]Sobre N\u00f3s - ABERMOVE - Sistemas de Eleva\u00e7\u00e3o e Movimenta\u00e7\u00e3o[:]\",\"isPartOf\":{\"@id\":\"https:\/\/abermove.com\/#website\"},\"datePublished\":\"2017-09-19T08:08:04+00:00\",\"dateModified\":\"2026-02-18T14:59:42+00:00\",\"description\":\"{:pt}Sobre N\u00f3s - ABERMOVE - Sistemas de Eleva\u00e7\u00e3o e Movimenta\u00e7\u00e3o - A cria\u00e7\u00e3o de novos produtos como resultado da inova\u00e7\u00e3o e dinamismo da empresa ...Sobre N\u00f3s - ABERMOVE - Sistemas de Eleva\u00e7\u00e3o e Movimenta\u00e7\u00e3o - Fundada em 1972, na Maia, pelo mestre Ant\u00f3nio Bernardes, a ABER \u00e9 uma Industria Portuguesa ...{:}\",\"breadcrumb\":{\"@id\":\"https:\/\/abermove.com\/about-us\/#breadcrumb\"},\"inLanguage\":\"pt-PT\",\"potentialAction\":[{\"@type\":\"ReadAction\",\"target\":[\"https:\/\/abermove.com\/about-us\/\"]}]},{\"@type\":\"BreadcrumbList\",\"@id\":\"https:\/\/abermove.com\/about-us\/#breadcrumb\",\"itemListElement\":[{\"@type\":\"ListItem\",\"position\":1,\"name\":\"Home\",\"item\":\"https:\/\/abermove.com\/\"},{\"@type\":\"ListItem\",\"position\":2,\"name\":\"Sobre N\u00f3s\"}]}]}<\/script>\n<!-- \/ Yoast SEO plugin. -->","yoast_head_json":{"title":"Sobre N\u00f3s - ABERMOVE - Sistemas de Eleva\u00e7\u00e3o e Movimenta\u00e7\u00e3o","description":"Sobre N\u00f3s - ABERMOVE - Sistemas de Eleva\u00e7\u00e3o e Movimenta\u00e7\u00e3o - A cria\u00e7\u00e3o de novos produtos como resultado da inova\u00e7\u00e3o e dinamismo da empresa ...Sobre N\u00f3s - ABERMOVE - Sistemas de Eleva\u00e7\u00e3o e Movimenta\u00e7\u00e3o - Fundada em 1972, na Maia, pelo mestre Ant\u00f3nio Bernardes, a ABER \u00e9 uma Industria Portuguesa ...","robots":{"index":"index","follow":"follow","max-snippet":"max-snippet:-1","max-image-preview":"max-image-preview:large","max-video-preview":"max-video-preview:-1"},"canonical":"https:\/\/abermove.com\/about-us\/","og_locale":"pt_PT","og_type":"article","og_title":"[:pt]Sobre N\u00f3s - ABERMOVE - Sistemas de Eleva\u00e7\u00e3o e Movimenta\u00e7\u00e3o[:]","og_description":"{:pt}Sobre N\u00f3s - ABERMOVE - Sistemas de Eleva\u00e7\u00e3o e Movimenta\u00e7\u00e3o - A cria\u00e7\u00e3o de novos produtos como resultado da inova\u00e7\u00e3o e dinamismo da empresa ...Sobre N\u00f3s - ABERMOVE - Sistemas de Eleva\u00e7\u00e3o e Movimenta\u00e7\u00e3o - Fundada em 1972, na Maia, pelo mestre Ant\u00f3nio Bernardes, a ABER \u00e9 uma Industria Portuguesa ...{:}","og_url":"https:\/\/abermove.com\/about-us\/","og_site_name":"ABERMOVE","article_modified_time":"2026-02-18T14:59:42+00:00","author":"ABERMOVE","twitter_card":"summary_large_image","twitter_misc":{"Tempo estimado de leitura":"2 minutos"},"schema":{"@context":"https:\/\/schema.org","@graph":[{"@type":"WebSite","@id":"https:\/\/abermove.com\/#website","url":"https:\/\/abermove.com\/","name":"ABERMOVE","description":"- eleva\u00e7\u00e3o e movimenta\u00e7\u00e3o","potentialAction":[{"@type":"SearchAction","target":{"@type":"EntryPoint","urlTemplate":"https:\/\/abermove.com\/?s={search_term_string}"},"query-input":"required name=search_term_string"}],"inLanguage":"pt-PT"},{"@type":"WebPage","@id":"https:\/\/abermove.com\/about-us\/#webpage","url":"https:\/\/abermove.com\/about-us\/","name":"[:pt]Sobre N\u00f3s - ABERMOVE - Sistemas de Eleva\u00e7\u00e3o e Movimenta\u00e7\u00e3o[:]","isPartOf":{"@id":"https:\/\/abermove.com\/#website"},"datePublished":"2017-09-19T08:08:04+00:00","dateModified":"2026-02-18T14:59:42+00:00","description":"{:pt}Sobre N\u00f3s - ABERMOVE - Sistemas de Eleva\u00e7\u00e3o e Movimenta\u00e7\u00e3o - A cria\u00e7\u00e3o de novos produtos como resultado da inova\u00e7\u00e3o e dinamismo da empresa ...Sobre N\u00f3s - ABERMOVE - Sistemas de Eleva\u00e7\u00e3o e Movimenta\u00e7\u00e3o - Fundada em 1972, na Maia, pelo mestre Ant\u00f3nio Bernardes, a ABER \u00e9 uma Industria Portuguesa ...{:}","breadcrumb":{"@id":"https:\/\/abermove.com\/about-us\/#breadcrumb"},"inLanguage":"pt-PT","potentialAction":[{"@type":"ReadAction","target":["https:\/\/abermove.com\/about-us\/"]}]},{"@type":"BreadcrumbList","@id":"https:\/\/abermove.com\/about-us\/#breadcrumb","itemListElement":[{"@type":"ListItem","position":1,"name":"Home","item":"https:\/\/abermove.com\/"},{"@type":"ListItem","position":2,"name":"Sobre N\u00f3s"}]}]}},"_links":{"self":[{"href":"https:\/\/abermove.com\/pt\/wp-json\/wp\/v2\/pages\/2088"}],"collection":[{"href":"https:\/\/abermove.com\/pt\/wp-json\/wp\/v2\/pages"}],"about":[{"href":"https:\/\/abermove.com\/pt\/wp-json\/wp\/v2\/types\/page"}],"author":[{"embeddable":true,"href":"https:\/\/abermove.com\/pt\/wp-json\/wp\/v2\/users\/1"}],"replies":[{"embeddable":true,"href":"https:\/\/abermove.com\/pt\/wp-json\/wp\/v2\/comments?post=2088"}],"version-history":[{"count":44,"href":"https:\/\/abermove.com\/pt\/wp-json\/wp\/v2\/pages\/2088\/revisions"}],"predecessor-version":[{"id":3122,"href":"https:\/\/abermove.com\/pt\/wp-json\/wp\/v2\/pages\/2088\/revisions\/3122"}],"wp:attachment":[{"href":"https:\/\/abermove.com\/pt\/wp-json\/wp\/v2\/media?parent=2088"}],"curies":[{"name":"wp","href":"https:\/\/api.w.org\/{rel}","templated":true}]}}