{"id":2209,"date":"2017-09-19T10:24:16","date_gmt":"2017-09-19T10:24:16","guid":{"rendered":"http:\/\/212.129.25.185\/~abermove\/?page_id=2209"},"modified":"2023-03-26T15:56:09","modified_gmt":"2023-03-26T14:56:09","slug":"quality-certification","status":"publish","type":"page","link":"https:\/\/abermove.com\/pt\/about-us\/quality-certification\/","title":{"rendered":"QUALIDADE &#038; CERTIFICA\u00c7\u00c3O"},"content":{"rendered":"<p>[vc_row css=&#8221;.vc_custom_1513283429870{margin-top: -50px !important;}&#8221;][vc_column][vc_custom_heading text=&#8221;POL\u00cdTICA DE QUALIDADE&#8221; font_container=&#8221;tag:h3|text_align:left&#8221; use_theme_fonts=&#8221;yes&#8221;][vc_separator color=&#8221;custom&#8221; align=&#8221;align_left&#8221; el_width=&#8221;10&#8243; accent_color=&#8221;#ff0000&#8243;][vc_row_inner][vc_column_inner][vc_column_text]Trabalhamos continuamente para certificar os nossos produtos, procedimentos e pessoal, em todo o mundo. Com base na nossa pol\u00edtica de qualidade, desenvolvemos esfor\u00e7os para cumprir com as v\u00e1rias normas e esquemas de certifica\u00e7\u00e3o de todo o mundo.<\/p>\n<p>Todos os desenvolvimentos de engenharia de produtos exigem testes de certifica\u00e7\u00e3o e a aprova\u00e7\u00e3o por organismos oficiais.[\/vc_column_text][\/vc_column_inner][\/vc_row_inner][\/vc_column][\/vc_row][vc_row css=&#8221;.vc_custom_1480508529803{margin-top: -50px !important;}&#8221;][vc_column][vc_custom_heading text=&#8221;SISTEMA DE CERTIFICA\u00c7\u00c3O DA QUALIDADE&#8221; font_container=&#8221;tag:h3|text_align:left&#8221; use_theme_fonts=&#8221;yes&#8221;][vc_separator color=&#8221;custom&#8221; align=&#8221;align_left&#8221; el_width=&#8221;10&#8243; accent_color=&#8221;#ff0000&#8243;][vc_column_text]A ABER possui um Sistema de Gest\u00e3o da Qualidade em conformidade com a norma ISO 9001, certificado pela APCER desde 2002. A ABER tem por base uma filosofia de gest\u00e3o orientada para os processos. Os processos s\u00e3o a base para o nosso sistema de gest\u00e3o da qualidade, que tamb\u00e9m inclui o nosso sistema de gest\u00e3o ambiental.<\/p>\n<p><img loading=\"lazy\" class=\"alignnone wp-image-7012 size-full\" src=\"https:\/\/www.aber.pt\/wp-content\/uploads\/2016\/11\/ISO9001IQNET_siteABER.jpg\" alt=\"QUALIDADE &amp; CERTIFICA\u00c7\u00c3O - ABERMOVE\" width=\"210\" height=\"95\"><\/p>\n<p>Os objetivos dos processos est\u00e3o ligados aos objetivos gerais da ABER, de modo a granjear a satisfa\u00e7\u00e3o dos seus clientes.<\/p>\n<p>A pol\u00edtica adotada pela ABER, Lda. reflecte os compromissos do Grupo com as partes interessadas, al\u00e9m de se concentrar no desenvolvimento estrat\u00e9gico e sustent\u00e1vel. O Grupo aspira, em \u00faltima inst\u00e2ncia, a alcan\u00e7ar uma posi\u00e7\u00e3o de lideran\u00e7a em todos os setores e mercados onde opera, destacando-se de seus concorrentes e desenvolvendo solu\u00e7\u00f5es capazes de criar valor para clientes e acionistas.<\/p>\n<p>Acreditamos que \u00e9 essencial implementar e manter um sistema integrado de gest\u00e3o da qualidade, de modo a definir metodologias concretas, aplic\u00e1veis em toda a empresa, que resultar\u00e1 numa maior autonomia e promover\u00e1 a comunica\u00e7\u00e3o entre funcion\u00e1rios.<\/p>\n<p>Tamb\u00e9m estamos convencidos de que nossos esfor\u00e7os cont\u00ednuos para melhorar processos e sistemas de gest\u00e3o se traduzir\u00e3o numa melhoria geral do desempenho em toda a empresa e conduzir\u00e3o ao crescimento do neg\u00f3cio.<\/p>\n<p>A pol\u00edtica \u00e9 revista sempre que se considera que n\u00e3o reflete padr\u00f5es e diretrizes do Sistema de Gest\u00e3o. As metas e objetivos s\u00e3o definidos anualmente, de acordo com os princ\u00edpios e pol\u00edticas acima descritos.[\/vc_column_text][\/vc_column][\/vc_row][vc_row css=&#8221;.vc_custom_1480508529803{margin-top: -50px !important;}&#8221;][vc_column][vc_custom_heading text=&#8221;PRODUTOS&#8221; font_container=&#8221;tag:h3|text_align:left&#8221; use_theme_fonts=&#8221;yes&#8221;][vc_separator color=&#8221;custom&#8221; align=&#8221;align_left&#8221; el_width=&#8221;10&#8243; accent_color=&#8221;#ff0000&#8243;][vc_column_text]Todos os produtos fabricados na ABER cumprem com os requisitos da Directiva M\u00e1quinas (Directiva 2006\/42\/CE) , da Directiva Baixa Tens\u00e3o (Directiva 2014\/35\/EU), Directiva Compatibilidade Electromagn\u00e9tica (Directiva 2014\/30\/EU) e est\u00e3o de acordo com as seguintes normas Europeias:<\/p>\n<ul>\n<li>EN ISO 12100:2010 \u2013 Safety of machinery \u2013 General principles for design &#8211; Risk assessment and risk reduction;<\/li>\n<li>EN ISO ISO 13849-1:2015 &#8211; Safety of machinery \u2014 Safety-related parts of control systems \u2014 Part 1: General principles for design<\/li>\n<li>EN ISO 4413:2010 \u2013 Hydraulic fluid power \u2013 General rules and safety requirements for systems and their components.<\/li>\n<\/ul>\n<p>Todos os nossos produtos s\u00e3o desenhados e fabricados em conformidade com a aplica\u00e7\u00e3o espec\u00edfica e com as normas harmonizadas aplic\u00e1veis.<\/p>\n<p><img loading=\"lazy\" class=\"alignnone wp-image-2426\" src=\"https:\/\/www.aber.pt\/wp-content\/uploads\/2016\/11\/Conformit\u00e9_Europ\u00e9enne_logo.svg-1-300x214.png\" alt=\"\" width=\"80\" height=\"57\">[\/vc_column_text][\/vc_column][\/vc_row][vc_row css=&#8221;.vc_custom_1480508529803{margin-top: -50px !important;}&#8221;][vc_column][vc_custom_heading text=&#8221;POL\u00cdTICA AMBIENTAL&#8221; font_container=&#8221;tag:h3|text_align:left&#8221; use_theme_fonts=&#8221;yes&#8221;][vc_separator color=&#8221;custom&#8221; align=&#8221;align_left&#8221; el_width=&#8221;10&#8243; accent_color=&#8221;#ff0000&#8243;][vc_column_text]O sistema de gest\u00e3o ambiental da ABER foi certificado de acordo com a norma EN ISO 14001: 2004, em junho de 2011.<\/p>\n<p>Os aspectos ambientais s\u00e3o uma componente fundamental em todos os processos de tomada de decis\u00f5es.<\/p>\n<p>ISSO SIGNIFICA QUE:<br \/>\n\u2022 Cumprimos ou superamos leis e regulamentos<br \/>\n\u2022 Esfor\u00e7amo-nos para reduzir o consumo de energia e \u00e1gua<br \/>\n\u2022 Prevenimos Acidentes e doen\u00e7as s\u00e3o no nosso local de trabalho<br \/>\n\u2022 Temos em considera\u00e7\u00e3o a vida \u00fatil do produto no nosso processo de desenvolvimento de produtos<\/p>\n<p>Todos os colaboradores contribuem para a manuten\u00e7\u00e3o e preserva\u00e7\u00e3o do ambiente. Isto \u00e9 assegurado atrav\u00e9s de uma preocupa\u00e7\u00e3o ambiental di\u00e1ria, por exemplo atrav\u00e9s de poupan\u00e7a de energia e da triagem de res\u00edduos.[\/vc_column_text][\/vc_column][\/vc_row]<\/p>","protected":false},"excerpt":{"rendered":"<p>[vc_row css=&#8221;.vc_custom_1513283429870{margin-top: -50px !important;}&#8221;][vc_column][vc_custom_heading text=&#8221;POL\u00cdTICA DE QUALIDADE&#8221; font_container=&#8221;tag:h3|text_align:left&#8221; use_theme_fonts=&#8221;yes&#8221;][vc_separator color=&#8221;custom&#8221; align=&#8221;align_left&#8221; el_width=&#8221;10&#8243; accent_color=&#8221;#ff0000&#8243;][vc_row_inner][vc_column_inner][vc_column_text]Trabalhamos continuamente para certificar os nossos produtos, procedimentos e pessoal, em todo o mundo. Com base na nossa&#8230;<\/p>\n","protected":false},"author":1,"featured_media":0,"parent":2088,"menu_order":0,"comment_status":"closed","ping_status":"closed","template":"","meta":{"_monsterinsights_skip_tracking":false,"_monsterinsights_sitenote_active":false,"_monsterinsights_sitenote_note":"","_monsterinsights_sitenote_category":0},"yoast_head":"<!-- This site is optimized with the Yoast SEO plugin v19.2 - https:\/\/yoast.com\/wordpress\/plugins\/seo\/ -->\n<title>QUALIDADE &amp; CERTIFICA\u00c7\u00c3O - ABERMOVE - Pol\u00edtica de Qualidade<\/title>\n<meta name=\"description\" content=\"Qualidade &amp; Certifica\u00e7\u00e3o - ABERMOVE - Sistemas de Eleva\u00e7\u00e3o e Movimenta\u00e7\u00e3o - rabalhamos continuamente para certificar os nossos produtos, procedimentos e...\" \/>\n<meta name=\"robots\" content=\"index, follow, max-snippet:-1, max-image-preview:large, max-video-preview:-1\" \/>\n<link rel=\"canonical\" href=\"https:\/\/abermove.com\/about-us\/quality-certification\/\" \/>\n<meta property=\"og:locale\" content=\"pt_PT\" \/>\n<meta property=\"og:type\" content=\"article\" \/>\n<meta property=\"og:title\" content=\"[:pt]QUALIDADE &amp; CERTIFICA\u00c7\u00c3O - ABERMOVE - Pol\u00edtica de Qualidade[:]\" \/>\n<meta property=\"og:description\" content=\"{:pt}Qualidade &amp; Certifica\u00e7\u00e3o - ABERMOVE - Sistemas de Eleva\u00e7\u00e3o e Movimenta\u00e7\u00e3o - rabalhamos continuamente para certificar os nossos produtos, procedimentos e...{:}\" \/>\n<meta property=\"og:url\" content=\"https:\/\/abermove.com\/about-us\/quality-certification\/\" \/>\n<meta property=\"og:site_name\" content=\"ABERMOVE\" \/>\n<meta property=\"article:modified_time\" content=\"2023-03-26T14:56:09+00:00\" \/>\n<meta property=\"og:image\" content=\"https:\/\/www.aber.pt\/wp-content\/uploads\/2016\/11\/ISO9001IQNET_siteABER.jpg\" \/>\n<meta name=\"author\" content=\"ABERMOVE\" \/>\n<meta name=\"twitter:card\" content=\"summary_large_image\" \/>\n<meta name=\"twitter:label1\" content=\"Tempo estimado de leitura\" \/>\n\t<meta name=\"twitter:data1\" content=\"3 minutos\" \/>\n<script type=\"application\/ld+json\" class=\"yoast-schema-graph\">{\"@context\":\"https:\/\/schema.org\",\"@graph\":[{\"@type\":\"WebSite\",\"@id\":\"https:\/\/abermove.com\/#website\",\"url\":\"https:\/\/abermove.com\/\",\"name\":\"ABERMOVE\",\"description\":\"- eleva\u00e7\u00e3o e movimenta\u00e7\u00e3o\",\"potentialAction\":[{\"@type\":\"SearchAction\",\"target\":{\"@type\":\"EntryPoint\",\"urlTemplate\":\"https:\/\/abermove.com\/?s={search_term_string}\"},\"query-input\":\"required name=search_term_string\"}],\"inLanguage\":\"pt-PT\"},{\"@type\":\"ImageObject\",\"inLanguage\":\"pt-PT\",\"@id\":\"https:\/\/abermove.com\/about-us\/quality-certification\/#primaryimage\",\"url\":\"https:\/\/www.aber.pt\/wp-content\/uploads\/2016\/11\/ISO9001IQNET_siteABER.jpg\",\"contentUrl\":\"https:\/\/www.aber.pt\/wp-content\/uploads\/2016\/11\/ISO9001IQNET_siteABER.jpg\"},{\"@type\":\"WebPage\",\"@id\":\"https:\/\/abermove.com\/about-us\/quality-certification\/#webpage\",\"url\":\"https:\/\/abermove.com\/about-us\/quality-certification\/\",\"name\":\"[:pt]QUALIDADE & CERTIFICA\u00c7\u00c3O - ABERMOVE - Pol\u00edtica de Qualidade[:]\",\"isPartOf\":{\"@id\":\"https:\/\/abermove.com\/#website\"},\"primaryImageOfPage\":{\"@id\":\"https:\/\/abermove.com\/about-us\/quality-certification\/#primaryimage\"},\"datePublished\":\"2017-09-19T10:24:16+00:00\",\"dateModified\":\"2023-03-26T14:56:09+00:00\",\"description\":\"{:pt}Qualidade & Certifica\u00e7\u00e3o - ABERMOVE - Sistemas de Eleva\u00e7\u00e3o e Movimenta\u00e7\u00e3o - rabalhamos continuamente para certificar os nossos produtos, procedimentos e...{:}\",\"breadcrumb\":{\"@id\":\"https:\/\/abermove.com\/about-us\/quality-certification\/#breadcrumb\"},\"inLanguage\":\"pt-PT\",\"potentialAction\":[{\"@type\":\"ReadAction\",\"target\":[\"https:\/\/abermove.com\/about-us\/quality-certification\/\"]}]},{\"@type\":\"BreadcrumbList\",\"@id\":\"https:\/\/abermove.com\/about-us\/quality-certification\/#breadcrumb\",\"itemListElement\":[{\"@type\":\"ListItem\",\"position\":1,\"name\":\"Home\",\"item\":\"https:\/\/abermove.com\/\"},{\"@type\":\"ListItem\",\"position\":2,\"name\":\"Sobre N\u00f3s\",\"item\":\"https:\/\/abermove.com\/about-us\/\"},{\"@type\":\"ListItem\",\"position\":3,\"name\":\"QUALITY &#038; CERTIFICATION\"}]}]}<\/script>\n<!-- \/ Yoast SEO plugin. -->","yoast_head_json":{"title":"QUALIDADE & CERTIFICA\u00c7\u00c3O - ABERMOVE - Pol\u00edtica de Qualidade","description":"Qualidade & Certifica\u00e7\u00e3o - ABERMOVE - Sistemas de Eleva\u00e7\u00e3o e Movimenta\u00e7\u00e3o - rabalhamos continuamente para certificar os nossos produtos, procedimentos e...","robots":{"index":"index","follow":"follow","max-snippet":"max-snippet:-1","max-image-preview":"max-image-preview:large","max-video-preview":"max-video-preview:-1"},"canonical":"https:\/\/abermove.com\/about-us\/quality-certification\/","og_locale":"pt_PT","og_type":"article","og_title":"[:pt]QUALIDADE & CERTIFICA\u00c7\u00c3O - ABERMOVE - Pol\u00edtica de Qualidade[:]","og_description":"{:pt}Qualidade & Certifica\u00e7\u00e3o - ABERMOVE - Sistemas de Eleva\u00e7\u00e3o e Movimenta\u00e7\u00e3o - rabalhamos continuamente para certificar os nossos produtos, procedimentos e...{:}","og_url":"https:\/\/abermove.com\/about-us\/quality-certification\/","og_site_name":"ABERMOVE","article_modified_time":"2023-03-26T14:56:09+00:00","og_image":[{"url":"https:\/\/www.aber.pt\/wp-content\/uploads\/2016\/11\/ISO9001IQNET_siteABER.jpg"}],"author":"ABERMOVE","twitter_card":"summary_large_image","twitter_misc":{"Tempo estimado de leitura":"3 minutos"},"schema":{"@context":"https:\/\/schema.org","@graph":[{"@type":"WebSite","@id":"https:\/\/abermove.com\/#website","url":"https:\/\/abermove.com\/","name":"ABERMOVE","description":"- eleva\u00e7\u00e3o e movimenta\u00e7\u00e3o","potentialAction":[{"@type":"SearchAction","target":{"@type":"EntryPoint","urlTemplate":"https:\/\/abermove.com\/?s={search_term_string}"},"query-input":"required name=search_term_string"}],"inLanguage":"pt-PT"},{"@type":"ImageObject","inLanguage":"pt-PT","@id":"https:\/\/abermove.com\/about-us\/quality-certification\/#primaryimage","url":"https:\/\/www.aber.pt\/wp-content\/uploads\/2016\/11\/ISO9001IQNET_siteABER.jpg","contentUrl":"https:\/\/www.aber.pt\/wp-content\/uploads\/2016\/11\/ISO9001IQNET_siteABER.jpg"},{"@type":"WebPage","@id":"https:\/\/abermove.com\/about-us\/quality-certification\/#webpage","url":"https:\/\/abermove.com\/about-us\/quality-certification\/","name":"[:pt]QUALIDADE & CERTIFICA\u00c7\u00c3O - ABERMOVE - Pol\u00edtica de Qualidade[:]","isPartOf":{"@id":"https:\/\/abermove.com\/#website"},"primaryImageOfPage":{"@id":"https:\/\/abermove.com\/about-us\/quality-certification\/#primaryimage"},"datePublished":"2017-09-19T10:24:16+00:00","dateModified":"2023-03-26T14:56:09+00:00","description":"{:pt}Qualidade & Certifica\u00e7\u00e3o - ABERMOVE - Sistemas de Eleva\u00e7\u00e3o e Movimenta\u00e7\u00e3o - rabalhamos continuamente para certificar os nossos produtos, procedimentos e...{:}","breadcrumb":{"@id":"https:\/\/abermove.com\/about-us\/quality-certification\/#breadcrumb"},"inLanguage":"pt-PT","potentialAction":[{"@type":"ReadAction","target":["https:\/\/abermove.com\/about-us\/quality-certification\/"]}]},{"@type":"BreadcrumbList","@id":"https:\/\/abermove.com\/about-us\/quality-certification\/#breadcrumb","itemListElement":[{"@type":"ListItem","position":1,"name":"Home","item":"https:\/\/abermove.com\/"},{"@type":"ListItem","position":2,"name":"Sobre N\u00f3s","item":"https:\/\/abermove.com\/about-us\/"},{"@type":"ListItem","position":3,"name":"QUALITY &#038; CERTIFICATION"}]}]}},"_links":{"self":[{"href":"https:\/\/abermove.com\/pt\/wp-json\/wp\/v2\/pages\/2209"}],"collection":[{"href":"https:\/\/abermove.com\/pt\/wp-json\/wp\/v2\/pages"}],"about":[{"href":"https:\/\/abermove.com\/pt\/wp-json\/wp\/v2\/types\/page"}],"author":[{"embeddable":true,"href":"https:\/\/abermove.com\/pt\/wp-json\/wp\/v2\/users\/1"}],"replies":[{"embeddable":true,"href":"https:\/\/abermove.com\/pt\/wp-json\/wp\/v2\/comments?post=2209"}],"version-history":[{"count":22,"href":"https:\/\/abermove.com\/pt\/wp-json\/wp\/v2\/pages\/2209\/revisions"}],"predecessor-version":[{"id":3072,"href":"https:\/\/abermove.com\/pt\/wp-json\/wp\/v2\/pages\/2209\/revisions\/3072"}],"up":[{"embeddable":true,"href":"https:\/\/abermove.com\/pt\/wp-json\/wp\/v2\/pages\/2088"}],"wp:attachment":[{"href":"https:\/\/abermove.com\/pt\/wp-json\/wp\/v2\/media?parent=2209"}],"curies":[{"name":"wp","href":"https:\/\/api.w.org\/{rel}","templated":true}]}}