{"id":2247,"date":"2017-11-20T08:44:59","date_gmt":"2017-11-20T08:44:59","guid":{"rendered":"http:\/\/212.129.25.185\/~abermove\/?page_id=2247"},"modified":"2023-03-26T16:31:39","modified_gmt":"2023-03-26T15:31:39","slug":"parking-systems","status":"publish","type":"page","link":"https:\/\/abermove.com\/pt\/products\/parking-systems\/","title":{"rendered":"Sistemas de Parqueamento"},"content":{"rendered":"<p>[vc_row][vc_column][vc_custom_heading text=&#8221;SISTEMAS DE PARQUEAMENTO&#8221; font_container=&#8221;tag:h2|text_align:center&#8221; use_theme_fonts=&#8221;yes&#8221;][\/vc_column][\/vc_row][vc_row][vc_column width=&#8221;1\/2&#8243;]\n<div id=\"interactive-banner-1-wrap-7876\" class=\"ult-banner-block ult-adjust-bottom-margin ult-bb-box  banner-style01 \"   style=\"\">\n\t<img src=\"https:\/\/abermove.com\/wp-content\/uploads\/2017\/08\/ABERMOVE-Parkaber-Double-Parking-Duplo-Parqueamento-01-1.jpg\" alt=\"Sistemas de Parqueamento - ABERMOVE\">\n\t<h3  data-ultimate-target='#interactive-banner-1-wrap-7876 .bb-top-title '  data-responsive-json-new='{\"font-size\":\"\",\"line-height\":\"\"}'  class=\"title-left bb-top-title ult-responsive\" style=\"font-weight:normal;background:#242424;color:#ffffff;\">PARKABER - DUPLO PARQUEAMENTO<\/h3>\n\t<div class=\"mask opaque-background\" style=\"background:;\">\n\t\t<div  data-ultimate-target='#interactive-banner-1-wrap-7876 .bb-description'  data-responsive-json-new='{\"font-size\":\"\",\"line-height\":\"\"}'  class=\"bb-description ult-responsive\" style=\"font-weight:normal;color:#ffffff;\">O Parkaber \u00e9 um elevador de plataforma que permite o estacionamento duplo de ve\u00edculos, exigindo apenas uma altura de 2,60 m.<\/div>\n\t<\/div><a class=\"bb-link\" href=\"https:\/\/abermove.com\/products\/parking-systems\/parkaber-double-parking\/\"   ><\/a>\n<\/div>\n<div id=\"interactive-banner-1-wrap-4777\" class=\"ult-banner-block ult-adjust-bottom-margin ult-bb-box  banner-style01 \"   style=\"\">\n\t<img src=\"https:\/\/abermove.com\/wp-content\/uploads\/2017\/08\/ABERMOVE-Revolving-platform-Plataforma-Rotativa-06.jpg\" alt=\"Revolving platform\">\n\t<h3  data-ultimate-target='#interactive-banner-1-wrap-4777 .bb-top-title '  data-responsive-json-new='{\"font-size\":\"\",\"line-height\":\"\"}'  class=\"title-left bb-top-title ult-responsive\" style=\"font-weight:normal;background:#242424;color:#ffffff;\">PLATAFORMAS 360\u00ba<\/h3>\n\t<div class=\"mask opaque-background\" style=\"background:;\">\n\t\t<div  data-ultimate-target='#interactive-banner-1-wrap-4777 .bb-description'  data-responsive-json-new='{\"font-size\":\"\",\"line-height\":\"\"}'  class=\"bb-description ult-responsive\" style=\"font-weight:normal;color:#ffffff;\">As plataformas girat\u00f3rias 360\u00ba ABERMOVE s\u00e3o a solu\u00e7\u00e3o perfeita para manobrar ve\u00edculos ou reverter engrenagens em espa\u00e7os confinados.<\/div>\n\t<\/div><a class=\"bb-link\" href=\"https:\/\/abermove.com\/products\/parking-systems\/plataforma-360o\/\"   ><\/a>\n<\/div>[\/vc_column][vc_column width=&#8221;1\/2&#8243;]\n<div id=\"interactive-banner-1-wrap-6161\" class=\"ult-banner-block ult-adjust-bottom-margin ult-bb-box  banner-style01 \"   style=\"\">\n\t<img src=\"https:\/\/abermove.com\/wp-content\/uploads\/2017\/08\/ABERMOVE-Car-Lifts-Monta-Autos-11.jpg\" alt=\"CAR LIFTS\">\n\t<h3  data-ultimate-target='#interactive-banner-1-wrap-6161 .bb-top-title '  data-responsive-json-new='{\"font-size\":\"\",\"line-height\":\"\"}'  class=\"title-left bb-top-title ult-responsive\" style=\"font-weight:normal;background:#242424;color:#ffffff;\">MONTA-AUTOS<\/h3>\n\t<div class=\"mask opaque-background\" style=\"background:;\">\n\t\t<div  data-ultimate-target='#interactive-banner-1-wrap-6161 .bb-description'  data-responsive-json-new='{\"font-size\":\"\",\"line-height\":\"\"}'  class=\"bb-description ult-responsive\" style=\"font-weight:normal;color:#ffffff;\">Os MONTA-AUTOS s\u00e3o plataformas de eleva\u00e7\u00e3o que costumam ser aplicadas para transportar um carro de at\u00e9 2500 kg durante uma viagem vertical que pode chegar a 12 metros. A sua utiliza\u00e7\u00e3o \u00e9 extremamente f\u00e1cil.<\/div>\n\t<\/div><a class=\"bb-link\" href=\"https:\/\/abermove.com\/products\/parking-systems\/car-lifts\/\"   ><\/a>\n<\/div>\n<div id=\"interactive-banner-1-wrap-2644\" class=\"ult-banner-block ult-adjust-bottom-margin ult-bb-box  banner-style01 \"   style=\"\">\n\t<img src=\"https:\/\/abermove.com\/wp-content\/uploads\/2017\/08\/ABERMOVE-Hydraulic-Stop-Car-Stop-Car-Hidr\u00e1ulico-01.jpg\" alt=\"null\">\n\t<h3  data-ultimate-target='#interactive-banner-1-wrap-2644 .bb-top-title '  data-responsive-json-new='{\"font-size\":\"\",\"line-height\":\"\"}'  class=\"title-left bb-top-title ult-responsive\" style=\"font-weight:normal;background:#242424;color:#ffffff;\">STOP CAR<\/h3>\n\t<div class=\"mask opaque-background\" style=\"background:;\">\n\t\t<div  data-ultimate-target='#interactive-banner-1-wrap-2644 .bb-description'  data-responsive-json-new='{\"font-size\":\"\",\"line-height\":\"\"}'  class=\"bb-description ult-responsive\" style=\"font-weight:normal;color:#ffffff;\"><br \/>\nEvitar estacionamento em locais inadequados e polui\u00e7\u00e3o ambiental \u00e9 uma tarefa dif\u00edcil de resolver em determinados pontos geogr\u00e1ficos, especialmente em grandes centros urbanos.<\/div>\n\t<\/div><a class=\"bb-link\" href=\"https:\/\/abermove.com\/products\/parking-systems\/stop-car\/\"   ><\/a>\n<\/div>[\/vc_column][\/vc_row]<\/p>","protected":false},"excerpt":{"rendered":"<p>[vc_row][vc_column][vc_custom_heading text=&#8221;SISTEMAS DE PARQUEAMENTO&#8221; font_container=&#8221;tag:h2|text_align:center&#8221; use_theme_fonts=&#8221;yes&#8221;][\/vc_column][\/vc_row][vc_row][vc_column width=&#8221;1\/2&#8243;][\/vc_column][vc_column width=&#8221;1\/2&#8243;][\/vc_column][\/vc_row]<\/p>\n","protected":false},"author":1,"featured_media":0,"parent":2244,"menu_order":0,"comment_status":"closed","ping_status":"closed","template":"","meta":{"_monsterinsights_skip_tracking":false,"_monsterinsights_sitenote_active":false,"_monsterinsights_sitenote_note":"","_monsterinsights_sitenote_category":0},"yoast_head":"<!-- This site is optimized with the Yoast SEO plugin v19.2 - https:\/\/yoast.com\/wordpress\/plugins\/seo\/ -->\n<title>Sistemas de Parqueamento - ABERMOVE - Sistemas de Eleva\u00e7\u00e3o e Movimenta\u00e7\u00e3o<\/title>\n<meta name=\"description\" content=\"Sistemas de Parqueamento - ABERMOVE - Sistemas de Eleva\u00e7\u00e3o e Movimenta\u00e7\u00e3o - PARKABER - DOUBLE PARKING, CAR LIFTS, REVOLVING PLATFORMS, ...\" \/>\n<meta name=\"robots\" content=\"index, follow, max-snippet:-1, max-image-preview:large, max-video-preview:-1\" \/>\n<link rel=\"canonical\" href=\"https:\/\/abermove.com\/products\/parking-systems\/\" \/>\n<meta property=\"og:locale\" content=\"pt_PT\" \/>\n<meta property=\"og:type\" content=\"article\" \/>\n<meta property=\"og:title\" content=\"[:pt]Sistemas de Parqueamento - ABERMOVE - Sistemas de Eleva\u00e7\u00e3o e Movimenta\u00e7\u00e3o [:]\" \/>\n<meta property=\"og:description\" content=\"{:pt}Sistemas de Parqueamento - ABERMOVE - Sistemas de Eleva\u00e7\u00e3o e Movimenta\u00e7\u00e3o - PARKABER - DOUBLE PARKING, CAR LIFTS, REVOLVING PLATFORMS, ...{:}\" \/>\n<meta property=\"og:url\" content=\"https:\/\/abermove.com\/products\/parking-systems\/\" \/>\n<meta property=\"og:site_name\" content=\"ABERMOVE\" \/>\n<meta property=\"article:modified_time\" content=\"2023-03-26T15:31:39+00:00\" \/>\n<meta name=\"author\" content=\"ABERMOVE\" \/>\n<meta name=\"twitter:card\" content=\"summary_large_image\" \/>\n<meta name=\"twitter:label1\" content=\"Tempo estimado de leitura\" \/>\n\t<meta name=\"twitter:data1\" content=\"1 minuto\" \/>\n<script type=\"application\/ld+json\" class=\"yoast-schema-graph\">{\"@context\":\"https:\/\/schema.org\",\"@graph\":[{\"@type\":\"WebSite\",\"@id\":\"https:\/\/abermove.com\/#website\",\"url\":\"https:\/\/abermove.com\/\",\"name\":\"ABERMOVE\",\"description\":\"- eleva\u00e7\u00e3o e movimenta\u00e7\u00e3o\",\"potentialAction\":[{\"@type\":\"SearchAction\",\"target\":{\"@type\":\"EntryPoint\",\"urlTemplate\":\"https:\/\/abermove.com\/?s={search_term_string}\"},\"query-input\":\"required name=search_term_string\"}],\"inLanguage\":\"pt-PT\"},{\"@type\":\"WebPage\",\"@id\":\"https:\/\/abermove.com\/products\/parking-systems\/#webpage\",\"url\":\"https:\/\/abermove.com\/products\/parking-systems\/\",\"name\":\"[:pt]Sistemas de Parqueamento - ABERMOVE - Sistemas de Eleva\u00e7\u00e3o e Movimenta\u00e7\u00e3o [:]\",\"isPartOf\":{\"@id\":\"https:\/\/abermove.com\/#website\"},\"datePublished\":\"2017-11-20T08:44:59+00:00\",\"dateModified\":\"2023-03-26T15:31:39+00:00\",\"description\":\"{:pt}Sistemas de Parqueamento - ABERMOVE - Sistemas de Eleva\u00e7\u00e3o e Movimenta\u00e7\u00e3o - PARKABER - DOUBLE PARKING, CAR LIFTS, REVOLVING PLATFORMS, ...{:}\",\"breadcrumb\":{\"@id\":\"https:\/\/abermove.com\/products\/parking-systems\/#breadcrumb\"},\"inLanguage\":\"pt-PT\",\"potentialAction\":[{\"@type\":\"ReadAction\",\"target\":[\"https:\/\/abermove.com\/products\/parking-systems\/\"]}]},{\"@type\":\"BreadcrumbList\",\"@id\":\"https:\/\/abermove.com\/products\/parking-systems\/#breadcrumb\",\"itemListElement\":[{\"@type\":\"ListItem\",\"position\":1,\"name\":\"Home\",\"item\":\"https:\/\/abermove.com\/\"},{\"@type\":\"ListItem\",\"position\":2,\"name\":\"Products\",\"item\":\"https:\/\/abermove.com\/products\/\"},{\"@type\":\"ListItem\",\"position\":3,\"name\":\"Parking Systems\"}]}]}<\/script>\n<!-- \/ Yoast SEO plugin. -->","yoast_head_json":{"title":"Sistemas de Parqueamento - ABERMOVE - Sistemas de Eleva\u00e7\u00e3o e Movimenta\u00e7\u00e3o","description":"Sistemas de Parqueamento - ABERMOVE - Sistemas de Eleva\u00e7\u00e3o e Movimenta\u00e7\u00e3o - PARKABER - DOUBLE PARKING, CAR LIFTS, REVOLVING PLATFORMS, ...","robots":{"index":"index","follow":"follow","max-snippet":"max-snippet:-1","max-image-preview":"max-image-preview:large","max-video-preview":"max-video-preview:-1"},"canonical":"https:\/\/abermove.com\/products\/parking-systems\/","og_locale":"pt_PT","og_type":"article","og_title":"[:pt]Sistemas de Parqueamento - ABERMOVE - Sistemas de Eleva\u00e7\u00e3o e Movimenta\u00e7\u00e3o [:]","og_description":"{:pt}Sistemas de Parqueamento - ABERMOVE - Sistemas de Eleva\u00e7\u00e3o e Movimenta\u00e7\u00e3o - PARKABER - DOUBLE PARKING, CAR LIFTS, REVOLVING PLATFORMS, ...{:}","og_url":"https:\/\/abermove.com\/products\/parking-systems\/","og_site_name":"ABERMOVE","article_modified_time":"2023-03-26T15:31:39+00:00","author":"ABERMOVE","twitter_card":"summary_large_image","twitter_misc":{"Tempo estimado de leitura":"1 minuto"},"schema":{"@context":"https:\/\/schema.org","@graph":[{"@type":"WebSite","@id":"https:\/\/abermove.com\/#website","url":"https:\/\/abermove.com\/","name":"ABERMOVE","description":"- eleva\u00e7\u00e3o e movimenta\u00e7\u00e3o","potentialAction":[{"@type":"SearchAction","target":{"@type":"EntryPoint","urlTemplate":"https:\/\/abermove.com\/?s={search_term_string}"},"query-input":"required name=search_term_string"}],"inLanguage":"pt-PT"},{"@type":"WebPage","@id":"https:\/\/abermove.com\/products\/parking-systems\/#webpage","url":"https:\/\/abermove.com\/products\/parking-systems\/","name":"[:pt]Sistemas de Parqueamento - ABERMOVE - Sistemas de Eleva\u00e7\u00e3o e Movimenta\u00e7\u00e3o [:]","isPartOf":{"@id":"https:\/\/abermove.com\/#website"},"datePublished":"2017-11-20T08:44:59+00:00","dateModified":"2023-03-26T15:31:39+00:00","description":"{:pt}Sistemas de Parqueamento - ABERMOVE - Sistemas de Eleva\u00e7\u00e3o e Movimenta\u00e7\u00e3o - PARKABER - DOUBLE PARKING, CAR LIFTS, REVOLVING PLATFORMS, ...{:}","breadcrumb":{"@id":"https:\/\/abermove.com\/products\/parking-systems\/#breadcrumb"},"inLanguage":"pt-PT","potentialAction":[{"@type":"ReadAction","target":["https:\/\/abermove.com\/products\/parking-systems\/"]}]},{"@type":"BreadcrumbList","@id":"https:\/\/abermove.com\/products\/parking-systems\/#breadcrumb","itemListElement":[{"@type":"ListItem","position":1,"name":"Home","item":"https:\/\/abermove.com\/"},{"@type":"ListItem","position":2,"name":"Products","item":"https:\/\/abermove.com\/products\/"},{"@type":"ListItem","position":3,"name":"Parking Systems"}]}]}},"_links":{"self":[{"href":"https:\/\/abermove.com\/pt\/wp-json\/wp\/v2\/pages\/2247"}],"collection":[{"href":"https:\/\/abermove.com\/pt\/wp-json\/wp\/v2\/pages"}],"about":[{"href":"https:\/\/abermove.com\/pt\/wp-json\/wp\/v2\/types\/page"}],"author":[{"embeddable":true,"href":"https:\/\/abermove.com\/pt\/wp-json\/wp\/v2\/users\/1"}],"replies":[{"embeddable":true,"href":"https:\/\/abermove.com\/pt\/wp-json\/wp\/v2\/comments?post=2247"}],"version-history":[{"count":8,"href":"https:\/\/abermove.com\/pt\/wp-json\/wp\/v2\/pages\/2247\/revisions"}],"predecessor-version":[{"id":3083,"href":"https:\/\/abermove.com\/pt\/wp-json\/wp\/v2\/pages\/2247\/revisions\/3083"}],"up":[{"embeddable":true,"href":"https:\/\/abermove.com\/pt\/wp-json\/wp\/v2\/pages\/2244"}],"wp:attachment":[{"href":"https:\/\/abermove.com\/pt\/wp-json\/wp\/v2\/media?parent=2247"}],"curies":[{"name":"wp","href":"https:\/\/api.w.org\/{rel}","templated":true}]}}